{"id":729836,"date":"2025-08-27T21:03:52","date_gmt":"2025-08-27T18:03:52","guid":{"rendered":"https:\/\/roveyayinevi.com.tr\/index.php\/urun\/denizin-son-martilari\/"},"modified":"2026-04-16T02:37:34","modified_gmt":"2026-04-15T23:37:34","slug":"denizin-son-martilari","status":"publish","type":"product","link":"https:\/\/roveyayinevi.com.tr\/index.php\/urun\/denizin-son-martilari\/","title":{"rendered":"Denizin Son Mart\u0131lar\u0131"},"content":{"rendered":"<p>Nurullah Gen\u00e7&#8217;in hayata arma\u011fan etti\u011fi kelimeler, \u015fiirin en g\u00fczel duraklar\u0131na g\u00f6t\u00fcr\u00fcyor okuru yeniden.Hayat\u0131 hece hece \u00f6\u011fretti bana Sevginin a\u00e7t\u0131\u011f\u0131 k\u00f6r kap\u0131lar\u0131 Ne zaman d\u00f6nd\u00fcysem h\u00fclyalar\u0131maDamlad\u0131 kalbime sevda sular\u0131 Kals\u0131n istiyorum kulaklar\u0131mda Umut saatinin t\u0131k\u0131rt\u0131lar\u0131 Mehtab neden b\u00f6yle kanl\u0131 ve ma\u011frur Nerede \u0131\u015f\u0131kl\u0131 \u00e7\u00f6l atl\u0131lar\u0131 Uysal zamanlara kanatlan\u0131yorR\u00fcya denizinin son mart\u0131lar\u0131<\/p>\n","protected":false},"excerpt":{"rendered":"<p>Nurullah Gen\u00e7&#8217;in hayata arma\u011fan etti\u011fi kelimeler, \u015fiirin en g\u00fczel duraklar\u0131na g\u00f6t\u00fcr\u00fcyor okuru yeniden.Hayat\u0131 hece hece \u00f6\u011fretti bana Sevginin a\u00e7t\u0131\u011f\u0131 k\u00f6r kap\u0131lar\u0131 Ne zaman d\u00f6nd\u00fcysem h\u00fclyalar\u0131maDamlad\u0131 kalbime<span class=\"excerpt-hellip\"> [\u2026]<\/span><\/p>\n","protected":false},"featured_media":0,"template":"","meta":{"_monsterinsights_skip_tracking":false,"_monsterinsights_sitenote_active":false,"_monsterinsights_sitenote_note":"","_monsterinsights_sitenote_category":0},"product_brand":[],"product_cat":[12291,12509],"product_tag":[],"class_list":{"0":"post-729836","1":"product","2":"type-product","3":"status-publish","5":"product_cat-edebiyat","6":"product_cat-siir","7":"pa_cilt-ciltsiz","8":"pa_tur-kitap","9":"pa_yayinevi-timas-yayinlari","10":"pa_yazar-nurullah-genc","12":"first","13":"instock","14":"sale","15":"shipping-taxable","16":"purchasable","17":"product-type-simple"},"_links":{"self":[{"href":"https:\/\/roveyayinevi.com.tr\/index.php\/wp-json\/wp\/v2\/product\/729836","targetHints":{"allow":["GET"]}}],"collection":[{"href":"https:\/\/roveyayinevi.com.tr\/index.php\/wp-json\/wp\/v2\/product"}],"about":[{"href":"https:\/\/roveyayinevi.com.tr\/index.php\/wp-json\/wp\/v2\/types\/product"}],"wp:attachment":[{"href":"https:\/\/roveyayinevi.com.tr\/index.php\/wp-json\/wp\/v2\/media?parent=729836"}],"wp:term":[{"taxonomy":"product_brand","embeddable":true,"href":"https:\/\/roveyayinevi.com.tr\/index.php\/wp-json\/wp\/v2\/product_brand?post=729836"},{"taxonomy":"product_cat","embeddable":true,"href":"https:\/\/roveyayinevi.com.tr\/index.php\/wp-json\/wp\/v2\/product_cat?post=729836"},{"taxonomy":"product_tag","embeddable":true,"href":"https:\/\/roveyayinevi.com.tr\/index.php\/wp-json\/wp\/v2\/product_tag?post=729836"}],"curies":[{"name":"wp","href":"https:\/\/api.w.org\/{rel}","templated":true}]}}