{"id":729833,"date":"2025-08-27T21:03:50","date_gmt":"2025-08-27T18:03:50","guid":{"rendered":"https:\/\/roveyayinevi.com.tr\/index.php\/urun\/pelerinsiz-kahraman-dev-arilara-karsi-2\/"},"modified":"2026-04-16T02:37:34","modified_gmt":"2026-04-15T23:37:34","slug":"pelerinsiz-kahraman-dev-arilara-karsi-2","status":"publish","type":"product","link":"https:\/\/roveyayinevi.com.tr\/index.php\/urun\/pelerinsiz-kahraman-dev-arilara-karsi-2\/","title":{"rendered":"Pelerinsiz Kahraman &#8211; Dev Ar\u0131lara Kar\u015f\u0131 2"},"content":{"rendered":"<p>Herkesin \u00f6zel g\u00fc\u00e7lere sahip oldu\u011fu gizemli bir kasaba&#8230; Terasyus.Kasabay\u0131 ele ge\u00e7irmeyi kafas\u0131na koymu\u015f k\u00f6t\u00fc niyetli bir d\u00fc\u015fman&#8230; Bay Karayel. S\u00fcper kahramanlar\u0131n aras\u0131nda \u00f6zel g\u00fcc\u00fc olmayan tek bir ki\u015fi&#8230; Bir \u00e7ocuk.Bu &#8220;\u00f6zel \u00e7ocu\u011fun&#8221; en b\u00fcy\u00fck g\u00fcc\u00fc&#8230; Bilim.B\u00fct\u00fcn bunlar\u0131n ortas\u0131nda ise \u00e7\u00f6z\u00fclmesi gereken b\u00fcy\u00fck bir s\u0131r var.Bilimin g\u00fcc\u00fc, do\u011fan\u0131n dengesi ve s\u00fcper g\u00fc\u00e7ler&#8230; Bu m\u00fccadeleden hangisi galip \u00e7\u0131kacak?<\/p>\n","protected":false},"excerpt":{"rendered":"<p>Herkesin \u00f6zel g\u00fc\u00e7lere sahip oldu\u011fu gizemli bir kasaba&#8230; Terasyus.Kasabay\u0131 ele ge\u00e7irmeyi kafas\u0131na koymu\u015f k\u00f6t\u00fc niyetli bir d\u00fc\u015fman&#8230; Bay Karayel. S\u00fcper kahramanlar\u0131n aras\u0131nda \u00f6zel g\u00fcc\u00fc olmayan tek<span class=\"excerpt-hellip\"> [\u2026]<\/span><\/p>\n","protected":false},"featured_media":0,"template":"","meta":{"_monsterinsights_skip_tracking":false,"_monsterinsights_sitenote_active":false,"_monsterinsights_sitenote_note":"","_monsterinsights_sitenote_category":0},"product_brand":[],"product_cat":[12275,12274],"product_tag":[],"class_list":{"0":"post-729833","1":"product","2":"type-product","3":"status-publish","5":"product_cat-6-12-yas-kitaplari","6":"product_cat-cocuk-ve-genclik-kitaplari","7":"pa_cilt-ciltsiz","8":"pa_tur-kitap","9":"pa_yayinevi-timas-cocuk","10":"pa_yazar-yasar-bayraktar","12":"first","13":"instock","14":"sale","15":"shipping-taxable","16":"purchasable","17":"product-type-simple"},"_links":{"self":[{"href":"https:\/\/roveyayinevi.com.tr\/index.php\/wp-json\/wp\/v2\/product\/729833","targetHints":{"allow":["GET"]}}],"collection":[{"href":"https:\/\/roveyayinevi.com.tr\/index.php\/wp-json\/wp\/v2\/product"}],"about":[{"href":"https:\/\/roveyayinevi.com.tr\/index.php\/wp-json\/wp\/v2\/types\/product"}],"wp:attachment":[{"href":"https:\/\/roveyayinevi.com.tr\/index.php\/wp-json\/wp\/v2\/media?parent=729833"}],"wp:term":[{"taxonomy":"product_brand","embeddable":true,"href":"https:\/\/roveyayinevi.com.tr\/index.php\/wp-json\/wp\/v2\/product_brand?post=729833"},{"taxonomy":"product_cat","embeddable":true,"href":"https:\/\/roveyayinevi.com.tr\/index.php\/wp-json\/wp\/v2\/product_cat?post=729833"},{"taxonomy":"product_tag","embeddable":true,"href":"https:\/\/roveyayinevi.com.tr\/index.php\/wp-json\/wp\/v2\/product_tag?post=729833"}],"curies":[{"name":"wp","href":"https:\/\/api.w.org\/{rel}","templated":true}]}}