{"id":729831,"date":"2025-08-27T21:03:47","date_gmt":"2025-08-27T18:03:47","guid":{"rendered":"https:\/\/roveyayinevi.com.tr\/index.php\/urun\/hickirik-krizi-ucuk-ailemle-kacik-maceralar\/"},"modified":"2026-04-16T02:37:34","modified_gmt":"2026-04-15T23:37:34","slug":"hickirik-krizi-ucuk-ailemle-kacik-maceralar","status":"publish","type":"product","link":"https:\/\/roveyayinevi.com.tr\/index.php\/urun\/hickirik-krizi-ucuk-ailemle-kacik-maceralar\/","title":{"rendered":"H\u0131\u00e7k\u0131r\u0131k Krizi &#8211; U\u00e7uk Ailemle Ka\u00e7\u0131k Maceralar"},"content":{"rendered":"<p>Bir sinema filminde oynamak m\u0131? Dalga ge\u00e7meyin benimle! Ben kim, oyunculuk kim?! Okul piyesinde bile birka\u00e7 sat\u0131r rol\u00fc ezberleyemedi\u011fim i\u00e7in padi\u015faha, \u201cKasmay\u0131n h\u00fcnk\u00e2r\u0131m!\u201d demi\u015f adam\u0131m ben. B\u0131rak\u0131n sinema filmini, b\u00f6brek filmi \u00e7ektirirken bile \u00e7ok hareket etti\u011fim i\u00e7in \u00e7ekemedi doktorlar. \u015eimdi siz kalkm\u0131\u015f bana sinema oyunculu\u011fu teklif ediyorsunuz! Yapmay\u0131n l\u00fctfen!Nas\u0131l? \u00c7ekimlere bir de ailecek mi gidece\u011fiz? Komedi dizisi falan olsa tamam da ciddi bir sinema filminde hayatta olmaz! U\u00e7uk ailesi tam kadro film setinde, \u00f6yle mi? Yok art\u0131k!\u2026Siz bakmay\u0131n Emir\u2019in b\u00f6yle konu\u015ftu\u011funa. Hik\u00e2yenin ba\u015f\u0131nda b\u00f6yle d\u00fc\u015f\u00fcn\u00fcyordu evet. Unutulan o birka\u00e7 sat\u0131rl\u0131k rol\u00fcn, hi\u00e7 unutulmayacak bir maceraya d\u00f6n\u00fc\u015febilece\u011fine o da hi\u00e7 ihtimal vermiyordu \u00e7\u00fcnk\u00fc. Ama olaylar geli\u015fti. Ve sonunda bol kahkaha i\u00e7eren, \u00e7ok e\u011flenceli, bol maceral\u0131 ve h\u0131\u00e7k\u0131r\u0131kl\u0131 bir hik\u00e2ye \u00e7\u0131kt\u0131 ortaya. H\u0131\u00e7ks!<\/p>\n","protected":false},"excerpt":{"rendered":"<p>Bir sinema filminde oynamak m\u0131? Dalga ge\u00e7meyin benimle! Ben kim, oyunculuk kim?! Okul piyesinde bile birka\u00e7 sat\u0131r rol\u00fc ezberleyemedi\u011fim i\u00e7in padi\u015faha, \u201cKasmay\u0131n h\u00fcnk\u00e2r\u0131m!\u201d demi\u015f adam\u0131m ben.<span class=\"excerpt-hellip\"> [\u2026]<\/span><\/p>\n","protected":false},"featured_media":0,"template":"","meta":{"_monsterinsights_skip_tracking":false,"_monsterinsights_sitenote_active":false,"_monsterinsights_sitenote_note":"","_monsterinsights_sitenote_category":0},"product_brand":[],"product_cat":[12275,12274],"product_tag":[],"class_list":{"0":"post-729831","1":"product","2":"type-product","3":"status-publish","5":"product_cat-6-12-yas-kitaplari","6":"product_cat-cocuk-ve-genclik-kitaplari","7":"pa_cilt-ciltsiz","8":"pa_tur-kitap","9":"pa_yayinevi-carpe-diem-kitaplari","10":"pa_yazar-salih-uyan","12":"first","13":"instock","14":"sale","15":"shipping-taxable","16":"purchasable","17":"product-type-simple"},"_links":{"self":[{"href":"https:\/\/roveyayinevi.com.tr\/index.php\/wp-json\/wp\/v2\/product\/729831","targetHints":{"allow":["GET"]}}],"collection":[{"href":"https:\/\/roveyayinevi.com.tr\/index.php\/wp-json\/wp\/v2\/product"}],"about":[{"href":"https:\/\/roveyayinevi.com.tr\/index.php\/wp-json\/wp\/v2\/types\/product"}],"wp:attachment":[{"href":"https:\/\/roveyayinevi.com.tr\/index.php\/wp-json\/wp\/v2\/media?parent=729831"}],"wp:term":[{"taxonomy":"product_brand","embeddable":true,"href":"https:\/\/roveyayinevi.com.tr\/index.php\/wp-json\/wp\/v2\/product_brand?post=729831"},{"taxonomy":"product_cat","embeddable":true,"href":"https:\/\/roveyayinevi.com.tr\/index.php\/wp-json\/wp\/v2\/product_cat?post=729831"},{"taxonomy":"product_tag","embeddable":true,"href":"https:\/\/roveyayinevi.com.tr\/index.php\/wp-json\/wp\/v2\/product_tag?post=729831"}],"curies":[{"name":"wp","href":"https:\/\/api.w.org\/{rel}","templated":true}]}}