{"id":729830,"date":"2025-08-27T21:03:47","date_gmt":"2025-08-27T18:03:47","guid":{"rendered":"https:\/\/roveyayinevi.com.tr\/index.php\/urun\/romantik-muamma\/"},"modified":"2026-04-16T02:37:34","modified_gmt":"2026-04-15T23:37:34","slug":"romantik-muamma","status":"publish","type":"product","link":"https:\/\/roveyayinevi.com.tr\/index.php\/urun\/romantik-muamma\/","title":{"rendered":"Romantik Muamma"},"content":{"rendered":"<p>Romantikler i\u00e7in ya\u015fam\u0131n estetikle\u015ftirilmesi bir \u00f6zg\u00fcrle\u015fmedir; f\u0131s\u0131lt\u0131 h\u00e2linde dile getirilmi\u015f olsa da. Modernlikse, estetikle\u015ftirmeyi tam tersi bir ama\u00e7 i\u00e7in kullan\u0131r. Modern toplum, giderek daha belirgin bir bi\u00e7imde, t\u00fcm nesneleri metala\u015ft\u0131r\u0131r. Nesne, di\u011fer metalarla de\u011fi\u015fime girebilmek i\u00e7in bir de\u011fi\u015fim de\u011feri olarak kodlan\u0131r ve t\u00fcm duyumsal ayr\u0131cal\u0131klar\u0131ndan soyutlan\u0131r. Reklamc\u0131l\u0131k, bir de\u011fi\u015fim de\u011feri olan nesneye \u00e7ekicilik kazand\u0131rmak i\u00e7in estetik alana sald\u0131r\u0131r. Hatta nesne, kullan\u0131m de\u011feri olarak anlam kazanabilmek i\u00e7in estetik bir g\u00f6r\u00fcn\u00fcme gereksinim duyar. Metan\u0131n estetikle\u015ftirilmesi, duyumsanabilir g\u00fczellikle hep sorunu olmus\u0327 sanat\u00e7\u0131y\u0131, zor durumda b\u0131rak\u0131r. Asl\u0131nda, bu durum sanat\u00e7\u0131y\u0131 esteti\u011fi yeniden tan\u0131mlamaya zorlar. \u0130s\u0327te bu nokta avangarda a\u00e7\u0131lan kap\u0131d\u0131r. Sanat\u00e7\u0131, giderek genelle\u015fen ve ayr\u0131cal\u0131\u011f\u0131n\u0131 yitiren esteti\u011fe kars\u0327\u0131 kendi esteti\u011fini \u00fcretir. Avangard, bir anlamda, romantizmin estetik \u00fctopyas\u0131n\u0131n iksiridir. Modern toplumda, duyumsanabilir g\u00f6r\u00fcnt\u00fc ile soyutlama aras\u0131ndaki sentez, sadece reklamc\u0131l\u0131k ve y\u00f6netilen kitle k\u00fclt\u00fcr\u00fcnde ya da Adorno ve Horkheimer\u2019\u0131n deyimiyle \u2018k\u00fclt\u00fcr end\u00fcstrisi\u2019nde ortaya \u00e7\u0131kar. Bu sadece ahl\u00e2ki olarak ele\u015ftirilmesi gereken bir olumsuzluk de\u011fildir; modern toplumun can damar\u0131d\u0131r.<\/p>\n","protected":false},"excerpt":{"rendered":"<p>Romantikler i\u00e7in ya\u015fam\u0131n estetikle\u015ftirilmesi bir \u00f6zg\u00fcrle\u015fmedir; f\u0131s\u0131lt\u0131 h\u00e2linde dile getirilmi\u015f olsa da. Modernlikse, estetikle\u015ftirmeyi tam tersi bir ama\u00e7 i\u00e7in kullan\u0131r. Modern toplum, giderek daha belirgin bir<span class=\"excerpt-hellip\"> [\u2026]<\/span><\/p>\n","protected":false},"featured_media":0,"template":"","meta":{"_monsterinsights_skip_tracking":false,"_monsterinsights_sitenote_active":false,"_monsterinsights_sitenote_note":"","_monsterinsights_sitenote_category":0},"product_brand":[],"product_cat":[13005,40995],"product_tag":[],"class_list":{"0":"post-729830","1":"product","2":"type-product","3":"status-publish","5":"product_cat-bilim-muhendislik","6":"product_cat-sosyal-bilimler","7":"pa_cilt-ciltsiz","8":"pa_tur-kitap","9":"pa_yayinevi-timas-yayinlari","10":"pa_yazar-besim-f-dellaloglu","12":"first","13":"instock","14":"sale","15":"shipping-taxable","16":"purchasable","17":"product-type-simple"},"_links":{"self":[{"href":"https:\/\/roveyayinevi.com.tr\/index.php\/wp-json\/wp\/v2\/product\/729830","targetHints":{"allow":["GET"]}}],"collection":[{"href":"https:\/\/roveyayinevi.com.tr\/index.php\/wp-json\/wp\/v2\/product"}],"about":[{"href":"https:\/\/roveyayinevi.com.tr\/index.php\/wp-json\/wp\/v2\/types\/product"}],"wp:attachment":[{"href":"https:\/\/roveyayinevi.com.tr\/index.php\/wp-json\/wp\/v2\/media?parent=729830"}],"wp:term":[{"taxonomy":"product_brand","embeddable":true,"href":"https:\/\/roveyayinevi.com.tr\/index.php\/wp-json\/wp\/v2\/product_brand?post=729830"},{"taxonomy":"product_cat","embeddable":true,"href":"https:\/\/roveyayinevi.com.tr\/index.php\/wp-json\/wp\/v2\/product_cat?post=729830"},{"taxonomy":"product_tag","embeddable":true,"href":"https:\/\/roveyayinevi.com.tr\/index.php\/wp-json\/wp\/v2\/product_tag?post=729830"}],"curies":[{"name":"wp","href":"https:\/\/api.w.org\/{rel}","templated":true}]}}