{"id":729829,"date":"2025-08-27T21:03:11","date_gmt":"2025-08-27T18:03:11","guid":{"rendered":"https:\/\/roveyayinevi.com.tr\/index.php\/urun\/islam-ve-hristiyanlik\/"},"modified":"2026-04-16T02:37:34","modified_gmt":"2026-04-15T23:37:34","slug":"islam-ve-hristiyanlik","status":"publish","type":"product","link":"https:\/\/roveyayinevi.com.tr\/index.php\/urun\/islam-ve-hristiyanlik\/","title":{"rendered":"\u0130slam ve Hristiyanl\u0131k"},"content":{"rendered":"<p>7. y\u00fczy\u0131ldaki \u0130sl\u00e2m Fetihleri, pek \u00e7ok dinden insan\u0131 \u0130sl\u00e2m Devleti\u2019nin vatanda\u015f\u0131 haline getirdi. \u0130sl\u00e2m Devleti ayn\u0131 zamanda d\u00f6nemin hemen hemen t\u00fcm Do\u011fu Hristiyan cemaatlerini de kontrol\u00fc alt\u0131na alm\u0131\u015ft\u0131: Miafizitler, Nest\u00fbr\u00eeler, Melkitler, M\u00e2r\u00fbn\u00eeler\u2026 Peki ama bu Hristiyanlar kimlerdi? Hristiyanlarla ve \u00f6teki din mensuplar\u0131yla kar\u015f\u0131la\u015f\u0131p onlar \u00fczerinde egemenlik kuran M\u00fcsl\u00fcmanlar kimlerdi? Hristiyan kaynaklar\u0131nda \u201c\u00e7\u00f6ldeki kum taneleri\u201dne benzetilen Arap askerleri ger\u00e7ekten ac\u0131mas\u0131z i\u015fgal ordular\u0131 m\u0131yd\u0131? Yoksa onlar mezhepsel haks\u0131zl\u0131\u011fa u\u011frayan Hristiyan cemaatler i\u00e7in umut ve \u00f6zg\u00fcrl\u00fck anlam\u0131na m\u0131 gelmi\u015flerdi? \u0130sl\u00e2m dini, peygamberi, M\u00fcsl\u00fcmanlar\u0131n kurduklar\u0131 y\u00f6netim ve M\u00fcsl\u00fcmanlarla Hristiyanlar aras\u0131nda ba\u015flayan etkile\u015fimler \u00e7a\u011fda\u015f Hristiyan yazarlar taraf\u0131ndan nas\u0131l betimlenmi\u015fti? \u0130ki dinin m\u00fcsamaha s\u0131n\u0131rlar\u0131na, dinlerin siyaset mefhumuyla do\u011frudan ili\u015fkisine, d\u00f6nemin Hristiyan metinlerine ve Hristiyan yazarlar\u0131n \u0130sl\u00e2m alg\u0131s\u0131na \u0131\u015f\u0131k tutan Zafer Duygu, \u0130sl\u00e2m ve Hristiyanl\u0131k alan\u0131nda dikkate \u015fayan bir eser sunuyor. \u0130sl\u00e2m ve Hristiyanl\u0131k, iki dinin kar\u015f\u0131la\u015ft\u0131\u011f\u0131 d\u00f6nemi ve hemen sonras\u0131n\u0131 Hristiyan kaynaklar\u0131n\u0131n penceresinden inceleyen, kar\u015f\u0131l\u0131kl\u0131 reaksiyonlar\u0131 analiz eden, s\u00fcrece ili\u015fkin bir\u00e7ok olguyu ayd\u0131nlatan, baz\u0131 a\u00e7\u0131lardan yeni paradigmalar g\u00fcndeme getiren, \u0130sl\u00e2m-Hristiyanl\u0131k etkile\u015fiminin pe\u015finden giden zengin bir kitap. Dinler tarihine ilgi duyan b\u00fct\u00fcn okurlar i\u00e7in nitelikli ve objektif bir \u00e7al\u0131\u015fma<\/p>\n","protected":false},"excerpt":{"rendered":"<p>7. y\u00fczy\u0131ldaki \u0130sl\u00e2m Fetihleri, pek \u00e7ok dinden insan\u0131 \u0130sl\u00e2m Devleti\u2019nin vatanda\u015f\u0131 haline getirdi. \u0130sl\u00e2m Devleti ayn\u0131 zamanda d\u00f6nemin hemen hemen t\u00fcm Do\u011fu Hristiyan cemaatlerini de kontrol\u00fc<span class=\"excerpt-hellip\"> [\u2026]<\/span><\/p>\n","protected":false},"featured_media":0,"template":"","meta":{"_monsterinsights_skip_tracking":false,"_monsterinsights_sitenote_active":false,"_monsterinsights_sitenote_note":"","_monsterinsights_sitenote_category":0},"product_brand":[],"product_cat":[12370,12304],"product_tag":[],"class_list":{"0":"post-729829","1":"product","2":"type-product","3":"status-publish","5":"product_cat-arastirma-inceleme","6":"product_cat-tarih","7":"pa_cilt-ciltsiz","8":"pa_tur-kitap","9":"pa_yayinevi-timas-yayinlari","10":"pa_yazar-zafer-duygu","12":"first","13":"instock","14":"sale","15":"shipping-taxable","16":"purchasable","17":"product-type-simple"},"_links":{"self":[{"href":"https:\/\/roveyayinevi.com.tr\/index.php\/wp-json\/wp\/v2\/product\/729829","targetHints":{"allow":["GET"]}}],"collection":[{"href":"https:\/\/roveyayinevi.com.tr\/index.php\/wp-json\/wp\/v2\/product"}],"about":[{"href":"https:\/\/roveyayinevi.com.tr\/index.php\/wp-json\/wp\/v2\/types\/product"}],"wp:attachment":[{"href":"https:\/\/roveyayinevi.com.tr\/index.php\/wp-json\/wp\/v2\/media?parent=729829"}],"wp:term":[{"taxonomy":"product_brand","embeddable":true,"href":"https:\/\/roveyayinevi.com.tr\/index.php\/wp-json\/wp\/v2\/product_brand?post=729829"},{"taxonomy":"product_cat","embeddable":true,"href":"https:\/\/roveyayinevi.com.tr\/index.php\/wp-json\/wp\/v2\/product_cat?post=729829"},{"taxonomy":"product_tag","embeddable":true,"href":"https:\/\/roveyayinevi.com.tr\/index.php\/wp-json\/wp\/v2\/product_tag?post=729829"}],"curies":[{"name":"wp","href":"https:\/\/api.w.org\/{rel}","templated":true}]}}