{"id":729828,"date":"2025-08-27T21:03:10","date_gmt":"2025-08-27T18:03:10","guid":{"rendered":"https:\/\/roveyayinevi.com.tr\/index.php\/urun\/musluman-ispanya\/"},"modified":"2026-04-16T02:37:34","modified_gmt":"2026-04-15T23:37:34","slug":"musluman-ispanya","status":"publish","type":"product","link":"https:\/\/roveyayinevi.com.tr\/index.php\/urun\/musluman-ispanya\/","title":{"rendered":"M\u00fcsl\u00fcman \u0130spanya"},"content":{"rendered":"<p>Avrupa\u2019n\u0131n tar\u0131mdan matemati\u011fe, astronomiye, her \u015feyden \u00f6nce felsefeye ve hatta dine kadar bir\u00e7ok alanda bor\u00e7lu oldu\u011fu \u0130spanyol-M\u00fcsl\u00fcman medeniyetinin parlakl\u0131\u011f\u0131 ve derinli\u011fi kar\u015f\u0131s\u0131nda b\u00fcy\u00fclenmemek elde de\u011fil. T\u00fcrkiye\u2019de Fatih Sultan Mehmed ve Kanuni Sultan S\u00fcleyman \u00fczerine yazd\u0131\u011f\u0131 kitaplarla bilinen Frans\u0131z gazeteci, tarih\u00e7i ve yazar Andr\u00e9 Clot M\u00fcsl\u00fcman \u0130spanya ismini verdi\u011fi bu \u00e7al\u0131\u015fmas\u0131nda, \u0130spanya\u2019daki M\u00fcsl\u00fcman h\u00e2kimiyetini ve bu h\u00e2kimiyetin b\u00f6lgeyi d\u00f6n\u00fc\u015ft\u00fcrme g\u00fcc\u00fcn\u00fc mimar\u00ee, sanatsal, siyasi ve k\u00fclt\u00fcrel a\u00e7\u0131lardan ele al\u0131yor. End\u00fcl\u00fcs b\u00f6lgesindeki h\u00e2kimiyet sava\u015f\u0131n\u0131n din\u00ee, siyasi ve k\u00fclt\u00fcrel hayat\u0131 nas\u0131l etkiledi\u011finin \u00fczerinde duran M\u00fcsl\u00fcman \u0130spanya, her konuya ayr\u0131lan ba\u015fl\u0131klar sayesinde okura d\u00fczenli bir End\u00fcl\u00fcs \u0130spanyas\u0131 resmi sunuyor. 8. ila 15. y\u00fczy\u0131llar\u0131 kapsayan, ticaret yollar\u0131ndan ihracata, fildi\u015fi heykellerden saray s\u00fcslemelerine, mezhep \u00e2limlerinden az\u0131nl\u0131klara, terc\u00fcme kitaplardan siyasi m\u00fccadelelere kadar pek \u00e7ok grubu ve temay\u0131 i\u00e7inde bulabilece\u011finiz dikkat \u00e7ekici bir \u00e7al\u0131\u015fma\u2026 M\u00fcsl\u00fcman \u0130spanya; objektif, ak\u0131c\u0131, \u0130spanya\u2019daki dinamiklere a\u015final\u0131k kazand\u0131ran \u00e7ok y\u00f6nl\u00fc bir kitap\u2026<\/p>\n","protected":false},"excerpt":{"rendered":"<p>Avrupa\u2019n\u0131n tar\u0131mdan matemati\u011fe, astronomiye, her \u015feyden \u00f6nce felsefeye ve hatta dine kadar bir\u00e7ok alanda bor\u00e7lu oldu\u011fu \u0130spanyol-M\u00fcsl\u00fcman medeniyetinin parlakl\u0131\u011f\u0131 ve derinli\u011fi kar\u015f\u0131s\u0131nda b\u00fcy\u00fclenmemek elde de\u011fil. T\u00fcrkiye\u2019de<span class=\"excerpt-hellip\"> [\u2026]<\/span><\/p>\n","protected":false},"featured_media":0,"template":"","meta":{"_monsterinsights_skip_tracking":false,"_monsterinsights_sitenote_active":false,"_monsterinsights_sitenote_note":"","_monsterinsights_sitenote_category":0},"product_brand":[],"product_cat":[12370,12304],"product_tag":[],"class_list":{"0":"post-729828","1":"product","2":"type-product","3":"status-publish","5":"product_cat-arastirma-inceleme","6":"product_cat-tarih","7":"pa_cilt-ciltsiz","8":"pa_tur-kitap","9":"pa_yayinevi-timas-yayinlari","10":"pa_yazar-andre-clot","12":"first","13":"instock","14":"sale","15":"shipping-taxable","16":"purchasable","17":"product-type-simple"},"_links":{"self":[{"href":"https:\/\/roveyayinevi.com.tr\/index.php\/wp-json\/wp\/v2\/product\/729828","targetHints":{"allow":["GET"]}}],"collection":[{"href":"https:\/\/roveyayinevi.com.tr\/index.php\/wp-json\/wp\/v2\/product"}],"about":[{"href":"https:\/\/roveyayinevi.com.tr\/index.php\/wp-json\/wp\/v2\/types\/product"}],"wp:attachment":[{"href":"https:\/\/roveyayinevi.com.tr\/index.php\/wp-json\/wp\/v2\/media?parent=729828"}],"wp:term":[{"taxonomy":"product_brand","embeddable":true,"href":"https:\/\/roveyayinevi.com.tr\/index.php\/wp-json\/wp\/v2\/product_brand?post=729828"},{"taxonomy":"product_cat","embeddable":true,"href":"https:\/\/roveyayinevi.com.tr\/index.php\/wp-json\/wp\/v2\/product_cat?post=729828"},{"taxonomy":"product_tag","embeddable":true,"href":"https:\/\/roveyayinevi.com.tr\/index.php\/wp-json\/wp\/v2\/product_tag?post=729828"}],"curies":[{"name":"wp","href":"https:\/\/api.w.org\/{rel}","templated":true}]}}