{"id":729818,"date":"2025-08-27T21:02:59","date_gmt":"2025-08-27T18:02:59","guid":{"rendered":"https:\/\/roveyayinevi.com.tr\/index.php\/urun\/blokzinciri-kripto-paralar-ve-akilli-sozlesmelerde-guncel-gelismeler\/"},"modified":"2026-04-16T02:37:34","modified_gmt":"2026-04-15T23:37:34","slug":"blokzinciri-kripto-paralar-ve-akilli-sozlesmelerde-guncel-gelismeler","status":"publish","type":"product","link":"https:\/\/roveyayinevi.com.tr\/index.php\/urun\/blokzinciri-kripto-paralar-ve-akilli-sozlesmelerde-guncel-gelismeler\/","title":{"rendered":"Blokzinciri, Kripto Paralar ve Ak\u0131ll\u0131 S\u00f6zle\u015fmelerde G\u00fcncel Geli\u015fmeler"},"content":{"rendered":"<p>B\u00d6L\u00dcM 1: KR\u0130PTO PARALARIN HUKUK\u0130 STAT\u00dcS\u00dc, \u00dcLKEM\u0130ZDEK\u0130 VE ULUSLARARASI ALANDAK\u0130 \u00d6NEML\u0130 YASAL D\u00dcZENLEMELER \u0130LE FACEBOOK L\u0130BRA PARA B\u0130R\u0130M\u0130 \u00d6RNE\u011e\u0130   B\u00d6L\u00dcM 2: BLOK Z\u0130NC\u0130R TEKNOLOJ\u0130S\u0130 HAKKINDA GENEL B\u0130LG\u0130LER VE \u00c7E\u015e\u0130TL\u0130 UYGULAMA ALANLARI   B\u00d6L\u00dcM 3: AKILLI S\u00d6ZLE\u015eMELER VE SERMAYE P\u0130YASALARINA ETK\u0130S\u0130   B\u00d6L\u00dcM 4: \u00d6DEME S\u0130STEMLER\u0130 VE KARTLI UYGULAMALARINDAN, BLOK Z\u0130NC\u0130R\u0130 TEKNOLOJ\u0130S\u0130 KULLANIMI, REG\u00dcLASYON BAR\u0130YER\u0130 VE \u00d6NER\u0130LER   B\u00d6L\u00dcM 5: AVRUPA B\u0130RL\u0130\u011e\u0130 KR\u0130PTO VARLIK P\u0130YASASINA \u0130L\u0130\u015eK\u0130N TASLAK T\u00dcZ\u00dcK HAKKINDA DE\u011eERLEND\u0130R\u0130LME   B\u00d6L\u00dcM 6: MEVDUAT \u00dcR\u00dcNLER\u0130 VE T\u00dcKET\u0130C\u0130 KRED\u0130LER\u0130 A\u00c7ISINDAN AKILLI S\u00d6ZLE\u015eMELER   B\u00d6L\u00dcM 7: AKRED\u0130T\u0130F VE DI\u015e T\u0130CARET\u0130N F\u0130NANSMANI A\u00c7ISINDAN BLOCKCHAIN   B\u00d6L\u00dcM 8: COVID-19 D\u00d6NEM\u0130NDE BITCOIN VE ETHEREUM P\u0130YASASININ GENEL SEYR\u0130: BAZI BULGULAR   B\u00d6L\u00dcM 9: KANUNLAR \u0130HT\u0130L\u00c2FI HUKUKU BAKIMINDAN KR\u0130PTO PARA, BLOKZ\u0130NC\u0130R\u0130 VE AKILLI S\u00d6ZLE\u015eMELER   B\u00d6L\u00dcM 10: KURUMSAL Y\u00d6NET\u0130M VE SERMAYE P\u0130YASALARI A\u00c7ISINDAN BLOKZ\u0130NC\u0130R TEKNOLOJ\u0130S\u0130N\u0130N POTANS\u0130YEL\u0130   B\u00d6L\u00dcM 11: KR\u0130PTO PARA DOLANDIRICILI\u011eI SU\u00c7U YEN\u0130 NES\u0130L PONZ\u0130 DOLANDIRICILI\u011eI MI?   B\u00d6L\u00dcM 12: BLOKZ\u0130NC\u0130R\u0130 TEKNOLOJ\u0130S\u0130 VE KR\u0130PTO PARALAR NED\u0130R? <\/p>\n","protected":false},"excerpt":{"rendered":"<p>B\u00d6L\u00dcM 1: KR\u0130PTO PARALARIN HUKUK\u0130 STAT\u00dcS\u00dc, \u00dcLKEM\u0130ZDEK\u0130 VE ULUSLARARASI ALANDAK\u0130 \u00d6NEML\u0130 YASAL D\u00dcZENLEMELER \u0130LE FACEBOOK L\u0130BRA PARA B\u0130R\u0130M\u0130 \u00d6RNE\u011e\u0130 B\u00d6L\u00dcM 2: BLOK Z\u0130NC\u0130R TEKNOLOJ\u0130S\u0130 HAKKINDA GENEL<span class=\"excerpt-hellip\"> [\u2026]<\/span><\/p>\n","protected":false},"featured_media":0,"template":"","meta":{"_monsterinsights_skip_tracking":false,"_monsterinsights_sitenote_active":false,"_monsterinsights_sitenote_note":"","_monsterinsights_sitenote_category":0},"product_brand":[],"product_cat":[17249,13043],"product_tag":[],"class_list":{"0":"post-729818","1":"product","2":"type-product","3":"status-publish","5":"product_cat-borsa-finans","6":"product_cat-ekonomi","7":"pa_cilt-ciltsiz","8":"pa_tur-kitap","9":"pa_yayinevi-gazi-kitabevi","10":"pa_yazar-serhat-eskiyoruk-omer-tugsal-doruk","12":"first","13":"instock","14":"sale","15":"shipping-taxable","16":"purchasable","17":"product-type-simple"},"_links":{"self":[{"href":"https:\/\/roveyayinevi.com.tr\/index.php\/wp-json\/wp\/v2\/product\/729818","targetHints":{"allow":["GET"]}}],"collection":[{"href":"https:\/\/roveyayinevi.com.tr\/index.php\/wp-json\/wp\/v2\/product"}],"about":[{"href":"https:\/\/roveyayinevi.com.tr\/index.php\/wp-json\/wp\/v2\/types\/product"}],"wp:attachment":[{"href":"https:\/\/roveyayinevi.com.tr\/index.php\/wp-json\/wp\/v2\/media?parent=729818"}],"wp:term":[{"taxonomy":"product_brand","embeddable":true,"href":"https:\/\/roveyayinevi.com.tr\/index.php\/wp-json\/wp\/v2\/product_brand?post=729818"},{"taxonomy":"product_cat","embeddable":true,"href":"https:\/\/roveyayinevi.com.tr\/index.php\/wp-json\/wp\/v2\/product_cat?post=729818"},{"taxonomy":"product_tag","embeddable":true,"href":"https:\/\/roveyayinevi.com.tr\/index.php\/wp-json\/wp\/v2\/product_tag?post=729818"}],"curies":[{"name":"wp","href":"https:\/\/api.w.org\/{rel}","templated":true}]}}