{"id":729817,"date":"2025-08-27T21:02:58","date_gmt":"2025-08-27T18:02:58","guid":{"rendered":"https:\/\/roveyayinevi.com.tr\/index.php\/urun\/isitme-engelli-futsalcilarda-basari-motivasyonu\/"},"modified":"2026-04-16T02:37:34","modified_gmt":"2026-04-15T23:37:34","slug":"isitme-engelli-futsalcilarda-basari-motivasyonu","status":"publish","type":"product","link":"https:\/\/roveyayinevi.com.tr\/index.php\/urun\/isitme-engelli-futsalcilarda-basari-motivasyonu\/","title":{"rendered":"\u0130\u015fitme Engelli Futsalc\u0131larda Ba\u015far\u0131 Motivasyonu"},"content":{"rendered":"<p>1-Engel ve Engellilik 2- \u0130\u015fitme Engeli 3- Futsal 4- \u0130\u015fitme Engelliler Spor Federasyonu 5- Motivasyon (G\u00fcd\u00fclenme) 6- Konu ile \u0130lgili Yap\u0131lan \u00c7al\u0131\u015fmalar <\/p>\n","protected":false},"excerpt":{"rendered":"<p>1-Engel ve Engellilik 2- \u0130\u015fitme Engeli 3- Futsal 4- \u0130\u015fitme Engelliler Spor Federasyonu 5- Motivasyon (G\u00fcd\u00fclenme) 6- Konu ile \u0130lgili Yap\u0131lan \u00c7al\u0131\u015fmalar<\/p>\n","protected":false},"featured_media":0,"template":"","meta":{"_monsterinsights_skip_tracking":false,"_monsterinsights_sitenote_active":false,"_monsterinsights_sitenote_note":"","_monsterinsights_sitenote_category":0},"product_brand":[],"product_cat":[15563,15564],"product_tag":[],"class_list":{"0":"post-729817","1":"product","2":"type-product","3":"status-publish","5":"product_cat-hobi","6":"product_cat-spor","7":"pa_cilt-ciltsiz","8":"pa_tur-kitap","9":"pa_yayinevi-gazi-kitabevi","10":"pa_yazar-ilimdar-yalcin-atalay-gacar","12":"first","13":"instock","14":"sale","15":"shipping-taxable","16":"purchasable","17":"product-type-simple"},"_links":{"self":[{"href":"https:\/\/roveyayinevi.com.tr\/index.php\/wp-json\/wp\/v2\/product\/729817","targetHints":{"allow":["GET"]}}],"collection":[{"href":"https:\/\/roveyayinevi.com.tr\/index.php\/wp-json\/wp\/v2\/product"}],"about":[{"href":"https:\/\/roveyayinevi.com.tr\/index.php\/wp-json\/wp\/v2\/types\/product"}],"wp:attachment":[{"href":"https:\/\/roveyayinevi.com.tr\/index.php\/wp-json\/wp\/v2\/media?parent=729817"}],"wp:term":[{"taxonomy":"product_brand","embeddable":true,"href":"https:\/\/roveyayinevi.com.tr\/index.php\/wp-json\/wp\/v2\/product_brand?post=729817"},{"taxonomy":"product_cat","embeddable":true,"href":"https:\/\/roveyayinevi.com.tr\/index.php\/wp-json\/wp\/v2\/product_cat?post=729817"},{"taxonomy":"product_tag","embeddable":true,"href":"https:\/\/roveyayinevi.com.tr\/index.php\/wp-json\/wp\/v2\/product_tag?post=729817"}],"curies":[{"name":"wp","href":"https:\/\/api.w.org\/{rel}","templated":true}]}}