{"id":729815,"date":"2025-08-27T21:02:56","date_gmt":"2025-08-27T18:02:56","guid":{"rendered":"https:\/\/roveyayinevi.com.tr\/index.php\/urun\/finans-uzerine-guncel-yaklasimlar-teorik-ve-uygulamali-incelemeler\/"},"modified":"2026-04-16T02:37:34","modified_gmt":"2026-04-15T23:37:34","slug":"finans-uzerine-guncel-yaklasimlar-teorik-ve-uygulamali-incelemeler","status":"publish","type":"product","link":"https:\/\/roveyayinevi.com.tr\/index.php\/urun\/finans-uzerine-guncel-yaklasimlar-teorik-ve-uygulamali-incelemeler\/","title":{"rendered":"Finans \u00dczerine G\u00fcncel Yakla\u015f\u0131mlar &#8211; Teorik ve Uygulamal\u0131 \u0130ncelemeler"},"content":{"rendered":"<p>Birinci B\u00f6l\u00fcm Uluslararas\u0131 Portf\u00f6y \u00c7e\u015fitlendirmesi \u00dczerine Bir \u0130nceleme \u0130kinci B\u00f6l\u00fcm Petrol Fiyatlar\u0131n\u0131n Hisse Senedi Piyasas\u0131na Etkisi: Borsa \u0130stanbul \u00dczerine Bir uygulama \u00dc\u00e7\u00fcnc\u00fc B\u00f6l\u00fcm Kamu Te\u015fvik ve Hibeleri Kapsam\u0131nda Radikal \u0130novasyon I\u015f\u0131\u011f\u0131nda Cov\u0131d-19 D\u00f6neminde A\u015f\u0131 \u00c7al\u0131\u015fmalar\u0131 : Ar-Ge Yat\u0131r\u0131mlar\u0131 Perspektifinden Bir De\u011ferlendirme D\u00f6rd\u00fcnc\u00fc B\u00f6l\u00fcm Ters 9 \u2018a G\u00f6re Finansal Ara\u00e7lar\u0131n \u00d6l\u00e7\u00fcm\u00fc , S\u0131n\u0131fland\u0131r\u0131lmas\u0131 ve Muhasebele\u015ftirilmesi Be\u015finci B\u00f6l\u00fcm Birinci B\u00f6l\u00fcm Uluslararas\u0131 Portf\u00f6y \u00c7e\u015fitlendirmesi \u00dczerine Bir \u0130nceleme \u0130kinci B\u00f6l\u00fcm Petrol Fiyatlar\u0131n\u0131n Hisse Senedi Piyasas\u0131na Etkisi: Borsa \u0130stanbul \u00dczerine Bir uygulama \u00dc\u00e7\u00fcnc\u00fc B\u00f6l\u00fcm Kamu Te\u015fvik ve Hibeleri Kapsam\u0131nda Radikal \u0130novasyon I\u015f\u0131\u011f\u0131nda Cov\u0131d-19 D\u00f6neminde A\u015f\u0131 \u00c7al\u0131\u015fmalar\u0131 : Ar-Ge Yat\u0131r\u0131mlar\u0131 Perspektifinden Bir De\u011ferlendirme   D\u00f6rd\u00fcnc\u00fc B\u00f6l\u00fcm Ters 9 \u2018a G\u00f6re Finansal Ara\u00e7lar\u0131n \u00d6l\u00e7\u00fcm\u00fc , S\u0131n\u0131fland\u0131r\u0131lmas\u0131 ve Muhasebele\u015ftirilmesi Be\u015finci B\u00f6l\u00fcm Pandemi D\u00f6neminde KKTC Bankac\u0131l\u0131\u011f\u0131nda Tahsili Gecikmi\u015f Alacaklar Analizi ve Erken Uyar\u0131 Sinyalleri Alt\u0131nc\u0131 B\u00f6l\u00fcm Kalk\u0131nman\u0131n Finansman\u0131nda D\u0131\u015f Bor\u00e7lanma: T\u00fcrkiye \u00d6rne\u011fi Yedinci B\u00f6l\u00fcm T\u00fcrkiye\u2019de Y\u00fcksek \u00d6\u011fretimin Finansman Kaynaklar\u0131 Sekizinci B\u00f6l\u00fcm Finansa Dayal\u0131 B\u00fcy\u00fcme, Finansal Kriz ve Finansal Serbestle\u015fme \u0130li\u015fkisi: Geli\u015fmekte Olan \u00dclkeler \u00dczerine Bir \u0130nceleme <\/p>\n","protected":false},"excerpt":{"rendered":"<p>Birinci B\u00f6l\u00fcm Uluslararas\u0131 Portf\u00f6y \u00c7e\u015fitlendirmesi \u00dczerine Bir \u0130nceleme \u0130kinci B\u00f6l\u00fcm Petrol Fiyatlar\u0131n\u0131n Hisse Senedi Piyasas\u0131na Etkisi: Borsa \u0130stanbul \u00dczerine Bir uygulama \u00dc\u00e7\u00fcnc\u00fc B\u00f6l\u00fcm Kamu Te\u015fvik ve<span class=\"excerpt-hellip\"> [\u2026]<\/span><\/p>\n","protected":false},"featured_media":0,"template":"","meta":{"_monsterinsights_skip_tracking":false,"_monsterinsights_sitenote_active":false,"_monsterinsights_sitenote_note":"","_monsterinsights_sitenote_category":0},"product_brand":[],"product_cat":[17249,13043],"product_tag":[],"class_list":{"0":"post-729815","1":"product","2":"type-product","3":"status-publish","5":"product_cat-borsa-finans","6":"product_cat-ekonomi","7":"pa_cilt-ciltsiz","8":"pa_tur-kitap","9":"pa_yayinevi-gazi-kitabevi","10":"pa_yazar-omer-tugsal-doruk","12":"first","13":"instock","14":"sale","15":"shipping-taxable","16":"purchasable","17":"product-type-simple"},"_links":{"self":[{"href":"https:\/\/roveyayinevi.com.tr\/index.php\/wp-json\/wp\/v2\/product\/729815","targetHints":{"allow":["GET"]}}],"collection":[{"href":"https:\/\/roveyayinevi.com.tr\/index.php\/wp-json\/wp\/v2\/product"}],"about":[{"href":"https:\/\/roveyayinevi.com.tr\/index.php\/wp-json\/wp\/v2\/types\/product"}],"wp:attachment":[{"href":"https:\/\/roveyayinevi.com.tr\/index.php\/wp-json\/wp\/v2\/media?parent=729815"}],"wp:term":[{"taxonomy":"product_brand","embeddable":true,"href":"https:\/\/roveyayinevi.com.tr\/index.php\/wp-json\/wp\/v2\/product_brand?post=729815"},{"taxonomy":"product_cat","embeddable":true,"href":"https:\/\/roveyayinevi.com.tr\/index.php\/wp-json\/wp\/v2\/product_cat?post=729815"},{"taxonomy":"product_tag","embeddable":true,"href":"https:\/\/roveyayinevi.com.tr\/index.php\/wp-json\/wp\/v2\/product_tag?post=729815"}],"curies":[{"name":"wp","href":"https:\/\/api.w.org\/{rel}","templated":true}]}}