{"id":729814,"date":"2025-08-27T21:02:55","date_gmt":"2025-08-27T18:02:55","guid":{"rendered":"https:\/\/roveyayinevi.com.tr\/index.php\/urun\/the-role-of-creativity-and-entrepreneurship-in-business-growth-and-sustainability\/"},"modified":"2026-04-16T02:37:34","modified_gmt":"2026-04-15T23:37:34","slug":"the-role-of-creativity-and-entrepreneurship-in-business-growth-and-sustainability","status":"publish","type":"product","link":"https:\/\/roveyayinevi.com.tr\/index.php\/urun\/the-role-of-creativity-and-entrepreneurship-in-business-growth-and-sustainability\/","title":{"rendered":"The Role of Creativity and Entrepreneurship in Business Growth and Sustainability"},"content":{"rendered":"<p>Table Of Contents L\u0131st Of Tables L\u0131st Of F\u0131gures 1. Introduct\u0131on 2. Entrepeneursh\u0131p 3.Creat\u0131v\u0131ty And Cr\u0131t\u0131cal Des\u0131ng Th\u0131nks 4.Entrepreneursh\u0131p, Creat\u0131v\u0131ty And Innovat\u0131on In The Future 5.Conclus\u0131on References About The Author   Table Of Contents L\u0131st Of Tables L\u0131st Of F\u0131gures 1.Introduct\u0131on 2.Entrepeneursh\u0131p 3.Creat\u0131v\u0131ty And Cr\u0131t\u0131cal Des\u0131ng Th\u0131nks 4.Entrepreneursh\u0131p, Creat\u0131v\u0131ty And Innovat\u0131on In The Future 5.Conclus\u0131on References About The Author <\/p>\n","protected":false},"excerpt":{"rendered":"<p>Table Of Contents L\u0131st Of Tables L\u0131st Of F\u0131gures 1. Introduct\u0131on 2. Entrepeneursh\u0131p 3.Creat\u0131v\u0131ty And Cr\u0131t\u0131cal Des\u0131ng Th\u0131nks 4.Entrepreneursh\u0131p, Creat\u0131v\u0131ty And Innovat\u0131on In The Future 5.Conclus\u0131on<span class=\"excerpt-hellip\"> [\u2026]<\/span><\/p>\n","protected":false},"featured_media":0,"template":"","meta":{"_monsterinsights_skip_tracking":false,"_monsterinsights_sitenote_active":false,"_monsterinsights_sitenote_note":"","_monsterinsights_sitenote_category":0},"product_brand":[],"product_cat":[12472],"product_tag":[],"class_list":{"0":"post-729814","1":"product","2":"type-product","3":"status-publish","5":"product_cat-yabanci-dilde-kitaplar","6":"pa_cilt-ciltsiz","7":"pa_tur-kitap","8":"pa_yayinevi-gazi-kitabevi","9":"pa_yazar-edip-sabahattin-mete-ph-d","11":"first","12":"instock","13":"sale","14":"shipping-taxable","15":"purchasable","16":"product-type-simple"},"_links":{"self":[{"href":"https:\/\/roveyayinevi.com.tr\/index.php\/wp-json\/wp\/v2\/product\/729814","targetHints":{"allow":["GET"]}}],"collection":[{"href":"https:\/\/roveyayinevi.com.tr\/index.php\/wp-json\/wp\/v2\/product"}],"about":[{"href":"https:\/\/roveyayinevi.com.tr\/index.php\/wp-json\/wp\/v2\/types\/product"}],"wp:attachment":[{"href":"https:\/\/roveyayinevi.com.tr\/index.php\/wp-json\/wp\/v2\/media?parent=729814"}],"wp:term":[{"taxonomy":"product_brand","embeddable":true,"href":"https:\/\/roveyayinevi.com.tr\/index.php\/wp-json\/wp\/v2\/product_brand?post=729814"},{"taxonomy":"product_cat","embeddable":true,"href":"https:\/\/roveyayinevi.com.tr\/index.php\/wp-json\/wp\/v2\/product_cat?post=729814"},{"taxonomy":"product_tag","embeddable":true,"href":"https:\/\/roveyayinevi.com.tr\/index.php\/wp-json\/wp\/v2\/product_tag?post=729814"}],"curies":[{"name":"wp","href":"https:\/\/api.w.org\/{rel}","templated":true}]}}