{"id":729811,"date":"2025-08-27T21:02:52","date_gmt":"2025-08-27T18:02:52","guid":{"rendered":"https:\/\/roveyayinevi.com.tr\/index.php\/urun\/o-bir-uzayli-lionel-messi\/"},"modified":"2026-04-16T02:37:34","modified_gmt":"2026-04-15T23:37:34","slug":"o-bir-uzayli-lionel-messi","status":"publish","type":"product","link":"https:\/\/roveyayinevi.com.tr\/index.php\/urun\/o-bir-uzayli-lionel-messi\/","title":{"rendered":"O Bir Uzayl\u0131: Lionel Messi"},"content":{"rendered":"<p>Ona kimileri \u2018Uzayl\u0131\u2019, kimileri \u2018Pire\u2019 kimileri de \u2018Ke\u00e7i\u2019 diyor. Peki sen, Arjantin\u2019in d\u00fcnya futboluna sundu\u011fu en b\u00fcy\u00fck hediye olan Lionel Messi\u2019yi ne kadar tan\u0131yorsun? Birka\u00e7 maddeyle hangi s\u00fcrprizlerle kar\u015f\u0131la\u015faca\u011f\u0131na bir g\u00f6z atal\u0131m\u2026 Onu havalara u\u00e7uran hediye neydi?   \u0130lk futbol ma\u00e7\u0131na ka\u00e7 ya\u015f\u0131nda \u00e7\u0131kt\u0131?   Neden kendinden b\u00fcy\u00fcklerle oynamak zorunda kald\u0131?   \u0130talya\u2019yla ba\u011flant\u0131s\u0131 neydi?   Hayat\u0131n\u0131n d\u00f6n\u00fcm noktas\u0131nda neden anneannesi vard\u0131?  Onu futboldan koparma noktas\u0131na gelen hastal\u0131\u011f\u0131 neydi?   Neden ilk s\u00f6zle\u015fmesi pe\u00e7ete \u00fczerine yap\u0131ld\u0131?   Hangi d\u00fcnya y\u0131ld\u0131z\u0131n\u0131n gollerini fotokopi \u00e7ekti? Barcelona\u2019ya transferinde hangi zorluklarla kar\u015f\u0131la\u015ft\u0131?   Ronaldo\u2019yla rekabetinde hangi isim \u00fcst\u00fcn?   Hangi \u00fcnl\u00fc kul\u00fcplerden transfer teklifi ald\u0131? Bu sorular, cevab\u0131n\u0131 kitapta bulaca\u011f\u0131n onlarca sorudan sadece birka\u00e7\u0131. Sen de bir \u2018Lionel Messi Uzman\u0131\u2019 olmak istiyorsan, yava\u015f yava\u015f kitab\u0131n sayfalar\u0131n\u0131 \u00e7evir ve g\u00f6zlerinle sat\u0131rlar\u0131 \u00e7al\u0131mlamaya ba\u015fla!<\/p>\n","protected":false},"excerpt":{"rendered":"<p>Ona kimileri \u2018Uzayl\u0131\u2019, kimileri \u2018Pire\u2019 kimileri de \u2018Ke\u00e7i\u2019 diyor. Peki sen, Arjantin\u2019in d\u00fcnya futboluna sundu\u011fu en b\u00fcy\u00fck hediye olan Lionel Messi\u2019yi ne kadar tan\u0131yorsun? Birka\u00e7 maddeyle<span class=\"excerpt-hellip\"> [\u2026]<\/span><\/p>\n","protected":false},"featured_media":0,"template":"","meta":{"_monsterinsights_skip_tracking":false,"_monsterinsights_sitenote_active":false,"_monsterinsights_sitenote_note":"","_monsterinsights_sitenote_category":0},"product_brand":[],"product_cat":[15563,15564],"product_tag":[],"class_list":{"0":"post-729811","1":"product","2":"type-product","3":"status-publish","5":"product_cat-hobi","6":"product_cat-spor","7":"pa_cilt-ciltsiz","8":"pa_tur-kitap","9":"pa_yayinevi-eglenceli-bilgi-yayinlari","10":"pa_yazar-huseyin-keles","12":"first","13":"instock","14":"sale","15":"shipping-taxable","16":"purchasable","17":"product-type-simple"},"_links":{"self":[{"href":"https:\/\/roveyayinevi.com.tr\/index.php\/wp-json\/wp\/v2\/product\/729811","targetHints":{"allow":["GET"]}}],"collection":[{"href":"https:\/\/roveyayinevi.com.tr\/index.php\/wp-json\/wp\/v2\/product"}],"about":[{"href":"https:\/\/roveyayinevi.com.tr\/index.php\/wp-json\/wp\/v2\/types\/product"}],"wp:attachment":[{"href":"https:\/\/roveyayinevi.com.tr\/index.php\/wp-json\/wp\/v2\/media?parent=729811"}],"wp:term":[{"taxonomy":"product_brand","embeddable":true,"href":"https:\/\/roveyayinevi.com.tr\/index.php\/wp-json\/wp\/v2\/product_brand?post=729811"},{"taxonomy":"product_cat","embeddable":true,"href":"https:\/\/roveyayinevi.com.tr\/index.php\/wp-json\/wp\/v2\/product_cat?post=729811"},{"taxonomy":"product_tag","embeddable":true,"href":"https:\/\/roveyayinevi.com.tr\/index.php\/wp-json\/wp\/v2\/product_tag?post=729811"}],"curies":[{"name":"wp","href":"https:\/\/api.w.org\/{rel}","templated":true}]}}