{"id":729810,"date":"2025-08-27T21:02:51","date_gmt":"2025-08-27T18:02:51","guid":{"rendered":"https:\/\/roveyayinevi.com.tr\/index.php\/urun\/eglenceli-gezi-guzel-ulkem-turkiye-4\/"},"modified":"2026-04-16T02:37:34","modified_gmt":"2026-04-15T23:37:34","slug":"eglenceli-gezi-guzel-ulkem-turkiye-4","status":"publish","type":"product","link":"https:\/\/roveyayinevi.com.tr\/index.php\/urun\/eglenceli-gezi-guzel-ulkem-turkiye-4\/","title":{"rendered":"E\u011flenceli Gezi &#8211; G\u00fczel \u00dclkem T\u00fcrkiye 4"},"content":{"rendered":"<p>&#8220;G\u00fczel \u00dclkem T\u00fcrkiye&#8221; serisi d\u00f6rd\u00fcnc\u00fc kitab\u0131yla devam ediyor. Bu sefer Eyfel Kulesi&#8217;nden daha e\u011fri bir minareye sahip Harput Ulu Cami&#8217;sini, \u00fclkemizin en uzun k\u00f6pr\u00fcs\u00fcn\u00fc, bozk\u0131r\u0131n ortas\u0131ndaki g\u00fczellik; Eski\u015fehir&#8217;i, do\u011fan\u0131n kalbinin att\u0131\u011f\u0131 Munzur&#8217;u, \u00e7i\u00e7eklerin ba\u015fkenti Isparta&#8217;y\u0131, m\u00fchendislik harikas\u0131 Varda K\u00f6pr\u00fcs\u00fc&#8217;n\u00fc, A\u011fr\u0131 Da\u011f\u0131 Mill\u00ee Park\u0131&#8217;n\u0131, d\u00fcnyan\u0131n en b\u00fcy\u00fck ikinci kanyonu Ulubey&#8217;i ve daha bir\u00e7ok do\u011fal varl\u0131\u011f\u0131 ve tarih\u00ee eseri ziyaret edece\u011fiz. Ayr\u0131ca bu gezilerimizde sizlere, do\u011fada yap\u0131labilecek \u00e7ok g\u00fczel etkinlikler \u00f6nerece\u011fiz. Gezilerimizin sonunda \u00e7evre okuryazar\u0131 olaca\u011f\u0131z, do\u011fa ve \u00fclke sevgimizi; k\u00fclt\u00fcrel miras\u0131m\u0131za kar\u015f\u0131 duyarl\u0131l\u0131\u011f\u0131m\u0131z\u0131 daha da art\u0131raca\u011f\u0131z. O zaman ne duruyoruz? Haydi ba\u015flayal\u0131m! \u00dclkemizi gezmek hi\u00e7 bu kadar e\u011flenceli olmam\u0131\u015ft\u0131.<\/p>\n","protected":false},"excerpt":{"rendered":"<p>&#8220;G\u00fczel \u00dclkem T\u00fcrkiye&#8221; serisi d\u00f6rd\u00fcnc\u00fc kitab\u0131yla devam ediyor. Bu sefer Eyfel Kulesi&#8217;nden daha e\u011fri bir minareye sahip Harput Ulu Cami&#8217;sini, \u00fclkemizin en uzun k\u00f6pr\u00fcs\u00fcn\u00fc, bozk\u0131r\u0131n ortas\u0131ndaki<span class=\"excerpt-hellip\"> [\u2026]<\/span><\/p>\n","protected":false},"featured_media":0,"template":"","meta":{"_monsterinsights_skip_tracking":false,"_monsterinsights_sitenote_active":false,"_monsterinsights_sitenote_note":"","_monsterinsights_sitenote_category":0},"product_brand":[],"product_cat":[12274,12631],"product_tag":[],"class_list":{"0":"post-729810","1":"product","2":"type-product","3":"status-publish","5":"product_cat-cocuk-ve-genclik-kitaplari","6":"product_cat-diger-cocuk-ve-genclik-kitaplari","7":"pa_cilt-ciltsiz","8":"pa_tur-kitap","9":"pa_yayinevi-eglenceli-bilgi-yayinlari","10":"pa_yazar-metin-ozdamarlar","12":"first","13":"instock","14":"sale","15":"shipping-taxable","16":"purchasable","17":"product-type-simple"},"_links":{"self":[{"href":"https:\/\/roveyayinevi.com.tr\/index.php\/wp-json\/wp\/v2\/product\/729810","targetHints":{"allow":["GET"]}}],"collection":[{"href":"https:\/\/roveyayinevi.com.tr\/index.php\/wp-json\/wp\/v2\/product"}],"about":[{"href":"https:\/\/roveyayinevi.com.tr\/index.php\/wp-json\/wp\/v2\/types\/product"}],"wp:attachment":[{"href":"https:\/\/roveyayinevi.com.tr\/index.php\/wp-json\/wp\/v2\/media?parent=729810"}],"wp:term":[{"taxonomy":"product_brand","embeddable":true,"href":"https:\/\/roveyayinevi.com.tr\/index.php\/wp-json\/wp\/v2\/product_brand?post=729810"},{"taxonomy":"product_cat","embeddable":true,"href":"https:\/\/roveyayinevi.com.tr\/index.php\/wp-json\/wp\/v2\/product_cat?post=729810"},{"taxonomy":"product_tag","embeddable":true,"href":"https:\/\/roveyayinevi.com.tr\/index.php\/wp-json\/wp\/v2\/product_tag?post=729810"}],"curies":[{"name":"wp","href":"https:\/\/api.w.org\/{rel}","templated":true}]}}