{"id":729809,"date":"2025-08-27T21:02:51","date_gmt":"2025-08-27T18:02:51","guid":{"rendered":"https:\/\/roveyayinevi.com.tr\/index.php\/urun\/o-bir-superstar-cristiano-ronaldo\/"},"modified":"2026-04-16T02:37:34","modified_gmt":"2026-04-15T23:37:34","slug":"o-bir-superstar-cristiano-ronaldo","status":"publish","type":"product","link":"https:\/\/roveyayinevi.com.tr\/index.php\/urun\/o-bir-superstar-cristiano-ronaldo\/","title":{"rendered":"O Bir S\u00fcperstar: Cristiano Ronaldo"},"content":{"rendered":"<p>D\u00fcnya futbolunun s\u00fcperstar\u0131 Cristiano Ronaldo&#8217;yu daha iyi tan\u0131maya ne dersin? \u0130\u015fte, b\u00fcy\u00fck f\u0131rsat! Ronaldo&#8217;nun macera, ba\u015far\u0131 ve heyecan dolu hayat\u0131, en e\u011flenceli h\u00e2liyle aya\u011f\u0131na geldi. Haydi, kar\u015f\u0131la\u015faca\u011f\u0131n birka\u00e7 s\u00fcrprizi \u00f6zetleyelim:   \u00d8  Futbolla tan\u0131\u015fmas\u0131n\u0131 sa\u011flayan ilgin\u00e7 olay neydi? \u00d8  \u201cOnu transfer etmeden \u015furadan \u015furaya gitmem!&#8221; diyen teknik direkt\u00f6r kimdi? \u00d8  M\u00fcthi\u015f tekni\u011fini ve ba\u015f d\u00f6nd\u00fcren \u00e7al\u0131mlar\u0131n\u0131 neye bor\u00e7luydu? \u00d8  Hem g\u00fcld\u00fc\u011f\u00fc hem a\u011flad\u0131\u011f\u0131 stadyumda hayallerinin ger\u00e7ekle\u015fti\u011fi gece daha neler ya\u015fad\u0131? \u00d8  Muhte\u015fem frikik gollerinin s\u0131rr\u0131 neydi? \u00d8  &#8216;Alt\u0131n \u00c7ocuk&#8217; unvan\u0131n\u0131 nas\u0131l elde etti? \u00d8  Lionel Messi&#8217;yle rekabette hangi ilgin\u00e7 istatistikler kay\u0131tlara ge\u00e7ti? \u00d8  Transfer s\u00fcre\u00e7lerinde ba\u015f\u0131na gelen ilgin\u00e7 olaylar nelerdi?   Cevab\u0131n\u0131 bu kitapta bulaca\u011f\u0131n onlarca sorudan sadece birka\u00e7\u0131!   Muhte\u015fem ba\u015far\u0131lar, kucak dolusu kupalar, unutulmaz ma\u00e7lar, hi\u00e7bir yerde duyulmayan an\u0131lar, \u015fapka \u00e7\u0131kar\u0131lacak goller ve daha neler neler&#8230;    Sayfalar\u0131 \u00e7evirmeye ba\u015fla ve bir &#8216;Cristiano Ronaldo Uzman\u0131&#8217; olmak i\u00e7in ilk \u00f6nemli ad\u0131m\u0131 at!<\/p>\n","protected":false},"excerpt":{"rendered":"<p>D\u00fcnya futbolunun s\u00fcperstar\u0131 Cristiano Ronaldo&#8217;yu daha iyi tan\u0131maya ne dersin? \u0130\u015fte, b\u00fcy\u00fck f\u0131rsat! Ronaldo&#8217;nun macera, ba\u015far\u0131 ve heyecan dolu hayat\u0131, en e\u011flenceli h\u00e2liyle aya\u011f\u0131na geldi. Haydi,<span class=\"excerpt-hellip\"> [\u2026]<\/span><\/p>\n","protected":false},"featured_media":0,"template":"","meta":{"_monsterinsights_skip_tracking":false,"_monsterinsights_sitenote_active":false,"_monsterinsights_sitenote_note":"","_monsterinsights_sitenote_category":0},"product_brand":[],"product_cat":[15563,15564],"product_tag":[],"class_list":{"0":"post-729809","1":"product","2":"type-product","3":"status-publish","5":"product_cat-hobi","6":"product_cat-spor","7":"pa_cilt-ciltsiz","8":"pa_tur-kitap","9":"pa_yayinevi-eglenceli-bilgi-yayinlari","10":"pa_yazar-huseyin-keles","12":"first","13":"instock","14":"sale","15":"shipping-taxable","16":"purchasable","17":"product-type-simple"},"_links":{"self":[{"href":"https:\/\/roveyayinevi.com.tr\/index.php\/wp-json\/wp\/v2\/product\/729809","targetHints":{"allow":["GET"]}}],"collection":[{"href":"https:\/\/roveyayinevi.com.tr\/index.php\/wp-json\/wp\/v2\/product"}],"about":[{"href":"https:\/\/roveyayinevi.com.tr\/index.php\/wp-json\/wp\/v2\/types\/product"}],"wp:attachment":[{"href":"https:\/\/roveyayinevi.com.tr\/index.php\/wp-json\/wp\/v2\/media?parent=729809"}],"wp:term":[{"taxonomy":"product_brand","embeddable":true,"href":"https:\/\/roveyayinevi.com.tr\/index.php\/wp-json\/wp\/v2\/product_brand?post=729809"},{"taxonomy":"product_cat","embeddable":true,"href":"https:\/\/roveyayinevi.com.tr\/index.php\/wp-json\/wp\/v2\/product_cat?post=729809"},{"taxonomy":"product_tag","embeddable":true,"href":"https:\/\/roveyayinevi.com.tr\/index.php\/wp-json\/wp\/v2\/product_tag?post=729809"}],"curies":[{"name":"wp","href":"https:\/\/api.w.org\/{rel}","templated":true}]}}