{"id":729808,"date":"2025-08-27T21:02:50","date_gmt":"2025-08-27T18:02:50","guid":{"rendered":"https:\/\/roveyayinevi.com.tr\/index.php\/urun\/satis-receteleri\/"},"modified":"2025-09-12T13:51:57","modified_gmt":"2025-09-12T10:51:57","slug":"satis-receteleri","status":"publish","type":"product","link":"https:\/\/roveyayinevi.com.tr\/index.php\/urun\/satis-receteleri\/","title":{"rendered":"Sat\u0131\u015f Re\u00e7eteleri"},"content":{"rendered":"<p>Kitab\u0131n i\u00e7eri\u011fi nedir?   \u201c Sat\u0131\u015f Re\u00e7eteleri \u201c kazanan ekiplerde y\u00fcksek performans hedefleyen sat\u0131\u015f\u00e7\u0131lar ve onlar\u0131n y\u00f6neticileri i\u00e7in kaleme al\u0131nd\u0131. \u201c Sat\u0131\u015f Re\u00e7eteleri \u201c kitab\u0131nda sat\u0131\u015f ve pazarlama konular\u0131n\u0131 ilgilendiren sat\u0131\u015fta problem neyse problemin direkt \u00e7\u00f6z\u00fcm\u00fcn\u00fc ya da \u00e7a\u011fr\u0131\u015f\u0131m yapt\u0131rd\u0131\u011f\u0131 konu ba\u015fl\u0131\u011f\u0131n\u0131 i\u00e7eren teknik not niteli\u011finde 80 farkl\u0131 \u00e7\u00f6z\u00fcm re\u00e7etesi ve bak\u0131\u015f a\u00e7\u0131s\u0131 bulacaks\u0131n\u0131z.   \u201c Sat\u0131\u015f Re\u00e7eteleri \u201c kitab\u0131 pratikte de\u011feri olan, i\u015f ya\u015fant\u0131n\u0131za yenilik getirecek, var olan y\u00f6ntemlerden farkl\u0131, ilerleme ve kolayl\u0131k sa\u011flayacak, yal\u0131n, dolays\u0131z k\u0131sa anlat\u0131mlarla size alternatifler sunacak, \u00e7\u00f6z\u00fcm orta\u011f\u0131n\u0131z olacakt\u0131r.   Kazanan ekipler ve kazanan gelece\u011finiz i\u00e7in g\u00fcc\u00fcn\u00fcze g\u00fc\u00e7 kat\u0131n.   Sat\u0131\u015f ve Pazarlama E\u011fitmeni Ali Kayacan <\/p>\n","protected":false},"excerpt":{"rendered":"<p>Kitab\u0131n i\u00e7eri\u011fi nedir? \u201c Sat\u0131\u015f Re\u00e7eteleri \u201c kazanan ekiplerde y\u00fcksek performans hedefleyen sat\u0131\u015f\u00e7\u0131lar ve onlar\u0131n y\u00f6neticileri i\u00e7in kaleme al\u0131nd\u0131. \u201c Sat\u0131\u015f Re\u00e7eteleri \u201c kitab\u0131nda sat\u0131\u015f ve<span class=\"excerpt-hellip\"> [\u2026]<\/span><\/p>\n","protected":false},"featured_media":0,"template":"","meta":{"_monsterinsights_skip_tracking":false,"_monsterinsights_sitenote_active":false,"_monsterinsights_sitenote_note":"","_monsterinsights_sitenote_category":0},"product_brand":[],"product_cat":[12364,12376],"product_tag":[],"class_list":{"0":"post-729808","1":"product","2":"type-product","3":"status-publish","5":"product_cat-genel-konular","6":"product_cat-kisisel-gelisim","7":"pa_cilt-ciltsiz","8":"pa_tur-kitap","9":"pa_yayinevi-deka-yayinlari","10":"pa_yazar-ali-kayacan","12":"first","13":"instock","14":"sale","15":"shipping-taxable","16":"purchasable","17":"product-type-simple"},"_links":{"self":[{"href":"https:\/\/roveyayinevi.com.tr\/index.php\/wp-json\/wp\/v2\/product\/729808","targetHints":{"allow":["GET"]}}],"collection":[{"href":"https:\/\/roveyayinevi.com.tr\/index.php\/wp-json\/wp\/v2\/product"}],"about":[{"href":"https:\/\/roveyayinevi.com.tr\/index.php\/wp-json\/wp\/v2\/types\/product"}],"wp:attachment":[{"href":"https:\/\/roveyayinevi.com.tr\/index.php\/wp-json\/wp\/v2\/media?parent=729808"}],"wp:term":[{"taxonomy":"product_brand","embeddable":true,"href":"https:\/\/roveyayinevi.com.tr\/index.php\/wp-json\/wp\/v2\/product_brand?post=729808"},{"taxonomy":"product_cat","embeddable":true,"href":"https:\/\/roveyayinevi.com.tr\/index.php\/wp-json\/wp\/v2\/product_cat?post=729808"},{"taxonomy":"product_tag","embeddable":true,"href":"https:\/\/roveyayinevi.com.tr\/index.php\/wp-json\/wp\/v2\/product_tag?post=729808"}],"curies":[{"name":"wp","href":"https:\/\/api.w.org\/{rel}","templated":true}]}}