{"id":729806,"date":"2025-08-27T21:02:48","date_gmt":"2025-08-27T18:02:48","guid":{"rendered":"https:\/\/roveyayinevi.com.tr\/index.php\/urun\/cikolata-savaslari-yapay-zeka-galaksinin-koruyuculari-2\/"},"modified":"2026-04-16T02:37:34","modified_gmt":"2026-04-15T23:37:34","slug":"cikolata-savaslari-yapay-zeka-galaksinin-koruyuculari-2","status":"publish","type":"product","link":"https:\/\/roveyayinevi.com.tr\/index.php\/urun\/cikolata-savaslari-yapay-zeka-galaksinin-koruyuculari-2\/","title":{"rendered":"\u00c7ikolata Sava\u015flar\u0131 &#8211; Yapay Zeka Galaksinin Koruyucular\u0131 2"},"content":{"rendered":"<p>Haz\u0131rl\u0131klar tamam. Evreni de tan\u0131d\u0131k. S\u0131ra d\u00fcnyay\u0131 kurtarmakta. Art\u0131k ekibi biliyorsunuz. Bilmiyorsan\u0131z da \u00f6nce kara deli\u011fin s\u0131rr\u0131n\u0131 \u00f6\u011frenmeniz laz\u0131m. Kara delikteki turnuvalar \u00e7ok e\u011flenceliydi. Fakat \u015fimdi i\u015fimiz \u00e7ok ciddi. D\u00fcnyay\u0131 m\u0131 kurtarsak yoksa \u00e7ikolatalar\u0131 m\u0131? Se\u00e7im yapmak \u00e7ok zor.    Benim r\u00fcyalar\u0131m hep gariptir zaten. U\u00e7an bisiklet ve kaykay, kocaman balon olan sak\u0131zlar, t\u00fcm galaksiye yay\u0131lm\u0131\u015f T\u00fcrk lokantalar\u0131&#8230; Daha neler neler&#8230;   Ben evde r\u00fcya m\u0131 de\u011fil mi diye d\u00fc\u015f\u00fcn\u00fcrken yata\u011f\u0131m\u0131n alt\u0131ndan gelen ses ve \u0131\u015f\u0131k d\u00fcnyay\u0131 kurtarma maceram\u0131z\u0131n ba\u015flang\u0131c\u0131ym\u0131\u015f. Kime kar\u015f\u0131 oldu\u011funu \u00f6\u011frenmek istiyorsan tak\u0131l pe\u015fimize. Ba\u015fka galaksiden gelenler kimler? Ama\u00e7lar\u0131 ne? D\u00fcnyan\u0131n gelece\u011fi bize ba\u011fl\u0131. Sen varsan daha g\u00fc\u00e7l\u00fcy\u00fcz. Eyvah! Saatim yine titremeye ba\u015flad\u0131. Hadi, tak\u0131l pe\u015fimize. Unutma! D\u00fcnyay\u0131 \u00e7ocuklar kurtaracak..<\/p>\n","protected":false},"excerpt":{"rendered":"<p>Haz\u0131rl\u0131klar tamam. Evreni de tan\u0131d\u0131k. S\u0131ra d\u00fcnyay\u0131 kurtarmakta. Art\u0131k ekibi biliyorsunuz. Bilmiyorsan\u0131z da \u00f6nce kara deli\u011fin s\u0131rr\u0131n\u0131 \u00f6\u011frenmeniz laz\u0131m. Kara delikteki turnuvalar \u00e7ok e\u011flenceliydi. Fakat \u015fimdi<span class=\"excerpt-hellip\"> [\u2026]<\/span><\/p>\n","protected":false},"featured_media":0,"template":"","meta":{"_monsterinsights_skip_tracking":false,"_monsterinsights_sitenote_active":false,"_monsterinsights_sitenote_note":"","_monsterinsights_sitenote_category":0},"product_brand":[],"product_cat":[12275,12274],"product_tag":[],"class_list":{"0":"post-729806","1":"product","2":"type-product","3":"status-publish","5":"product_cat-6-12-yas-kitaplari","6":"product_cat-cocuk-ve-genclik-kitaplari","7":"pa_cilt-ciltsiz","8":"pa_tur-kitap","9":"pa_yayinevi-timas-cocuk","10":"pa_yazar-kuzey-bulut","12":"first","13":"instock","14":"sale","15":"shipping-taxable","16":"purchasable","17":"product-type-simple"},"_links":{"self":[{"href":"https:\/\/roveyayinevi.com.tr\/index.php\/wp-json\/wp\/v2\/product\/729806","targetHints":{"allow":["GET"]}}],"collection":[{"href":"https:\/\/roveyayinevi.com.tr\/index.php\/wp-json\/wp\/v2\/product"}],"about":[{"href":"https:\/\/roveyayinevi.com.tr\/index.php\/wp-json\/wp\/v2\/types\/product"}],"wp:attachment":[{"href":"https:\/\/roveyayinevi.com.tr\/index.php\/wp-json\/wp\/v2\/media?parent=729806"}],"wp:term":[{"taxonomy":"product_brand","embeddable":true,"href":"https:\/\/roveyayinevi.com.tr\/index.php\/wp-json\/wp\/v2\/product_brand?post=729806"},{"taxonomy":"product_cat","embeddable":true,"href":"https:\/\/roveyayinevi.com.tr\/index.php\/wp-json\/wp\/v2\/product_cat?post=729806"},{"taxonomy":"product_tag","embeddable":true,"href":"https:\/\/roveyayinevi.com.tr\/index.php\/wp-json\/wp\/v2\/product_tag?post=729806"}],"curies":[{"name":"wp","href":"https:\/\/api.w.org\/{rel}","templated":true}]}}