{"id":729805,"date":"2025-08-27T21:02:47","date_gmt":"2025-08-27T18:02:47","guid":{"rendered":"https:\/\/roveyayinevi.com.tr\/index.php\/urun\/yasanmis-siir-don-kisot\/"},"modified":"2026-04-16T02:37:34","modified_gmt":"2026-04-15T23:37:34","slug":"yasanmis-siir-don-kisot","status":"publish","type":"product","link":"https:\/\/roveyayinevi.com.tr\/index.php\/urun\/yasanmis-siir-don-kisot\/","title":{"rendered":"Ya\u015fanm\u0131\u015f \u015eiir: Don Ki\u015fot"},"content":{"rendered":"<p>Don Ki\u015fot, J\u00fcl Sezar\u2019dan da, Napolyon\u2019dan da daha ger\u00e7ektir. Onlar sadece tarih kitaplar\u0131nda varlar. Don Ki\u015fot ise, sanki sahte ger\u00e7e\u011fe meydan okurcas\u0131na, hayat\u0131m\u0131zda hep ya\u015far ve her an yeniden do\u011far.   Benim \u00fcstad\u0131m Don Ki\u015fot\u2019tur. Yirmi ya\u015f\u0131ndan itibaren kendime rehber edindim onu. \u0130dealin ger\u00e7ekten daha do\u011fru oldu\u011funa inanan Don Ki\u015fot\u2019u. Hi\u00e7bir f\u0131rt\u0131nan\u0131n ba\u015f e\u011fdiremedi\u011fi o kahraman\u0131\u2026   Hakl\u0131 bir davaya inanm\u0131\u015fsan\u0131z, bedeli ne olursa olsun, onun u\u011frunda sonuna kadar m\u00fccadele etmelisiniz. Bu arada her eyleminizin kar\u015f\u0131n\u0131za \u00e7\u0131kard\u0131\u011f\u0131 her yeni durumu da g\u00f6\u011f\u00fcsleyebilmelisiniz. \u00d6ylesi durumlarda ne cesaretsizli\u011fe yer vard\u0131r art\u0131k, ne de mesele \u00fczerinde yeniden d\u00fc\u015f\u00fcnmeye.   Benim a\u00e7\u0131mdan d\u00fcnyan\u0131n en b\u00fcy\u00fck g\u00fcnah\u0131, umutsuzlu\u011fa kap\u0131lmakt\u0131r. \u0130man sahibi olmak ise, f\u0131rt\u0131na ve kas\u0131rgalara ra\u011fmen sabaha erece\u011finize ve g\u00fcnle bulu\u015faca\u011f\u0131n\u0131za inanmak demektir.   Roger Garaudy<\/p>\n","protected":false},"excerpt":{"rendered":"<p>Don Ki\u015fot, J\u00fcl Sezar\u2019dan da, Napolyon\u2019dan da daha ger\u00e7ektir. Onlar sadece tarih kitaplar\u0131nda varlar. Don Ki\u015fot ise, sanki sahte ger\u00e7e\u011fe meydan okurcas\u0131na, hayat\u0131m\u0131zda hep ya\u015far ve<span class=\"excerpt-hellip\"> [\u2026]<\/span><\/p>\n","protected":false},"featured_media":0,"template":"","meta":{"_monsterinsights_skip_tracking":false,"_monsterinsights_sitenote_active":false,"_monsterinsights_sitenote_note":"","_monsterinsights_sitenote_category":0},"product_brand":[],"product_cat":[13590,12337],"product_tag":[],"class_list":{"0":"post-729805","1":"product","2":"type-product","3":"status-publish","5":"product_cat-arastirma-inceleme-politika-siyaset","6":"product_cat-politika-siyaset","7":"pa_cilt-ciltsiz","8":"pa_tur-kitap","9":"pa_yayinevi-timas-yayinlari","10":"pa_yazar-roger-garaudy","12":"first","13":"instock","14":"sale","15":"shipping-taxable","16":"purchasable","17":"product-type-simple"},"_links":{"self":[{"href":"https:\/\/roveyayinevi.com.tr\/index.php\/wp-json\/wp\/v2\/product\/729805","targetHints":{"allow":["GET"]}}],"collection":[{"href":"https:\/\/roveyayinevi.com.tr\/index.php\/wp-json\/wp\/v2\/product"}],"about":[{"href":"https:\/\/roveyayinevi.com.tr\/index.php\/wp-json\/wp\/v2\/types\/product"}],"wp:attachment":[{"href":"https:\/\/roveyayinevi.com.tr\/index.php\/wp-json\/wp\/v2\/media?parent=729805"}],"wp:term":[{"taxonomy":"product_brand","embeddable":true,"href":"https:\/\/roveyayinevi.com.tr\/index.php\/wp-json\/wp\/v2\/product_brand?post=729805"},{"taxonomy":"product_cat","embeddable":true,"href":"https:\/\/roveyayinevi.com.tr\/index.php\/wp-json\/wp\/v2\/product_cat?post=729805"},{"taxonomy":"product_tag","embeddable":true,"href":"https:\/\/roveyayinevi.com.tr\/index.php\/wp-json\/wp\/v2\/product_tag?post=729805"}],"curies":[{"name":"wp","href":"https:\/\/api.w.org\/{rel}","templated":true}]}}