{"id":729804,"date":"2025-08-27T21:02:46","date_gmt":"2025-08-27T18:02:46","guid":{"rendered":"https:\/\/roveyayinevi.com.tr\/index.php\/urun\/diddalum\/"},"modified":"2026-04-16T02:37:34","modified_gmt":"2026-04-15T23:37:34","slug":"diddalum","status":"publish","type":"product","link":"https:\/\/roveyayinevi.com.tr\/index.php\/urun\/diddalum\/","title":{"rendered":"Diddalum"},"content":{"rendered":"<p>Diddalum nedir?    Heyecanland\u0131\u011f\u0131nda karn\u0131nda hissetti\u011fin o e\u011flenceli \u015fey mi? Veya i\u00e7inde patlayan bir havai fi\u015fek mi? Bir s\u00fcm\u00fckl\u00fc b\u00f6cek mi veya kanat \u00e7\u0131rpan bir kelebek mi? Diddalum Nedir Ve Onu Nas\u0131l Dinlersin?   \u00d6\u011frenmek istersen kitab\u0131 oku ve diddalumu bul. <\/p>\n","protected":false},"excerpt":{"rendered":"<p>Diddalum nedir? Heyecanland\u0131\u011f\u0131nda karn\u0131nda hissetti\u011fin o e\u011flenceli \u015fey mi? Veya i\u00e7inde patlayan bir havai fi\u015fek mi? Bir s\u00fcm\u00fckl\u00fc b\u00f6cek mi veya kanat \u00e7\u0131rpan bir kelebek mi?<span class=\"excerpt-hellip\"> [\u2026]<\/span><\/p>\n","protected":false},"featured_media":0,"template":"","meta":{"_monsterinsights_skip_tracking":false,"_monsterinsights_sitenote_active":false,"_monsterinsights_sitenote_note":"","_monsterinsights_sitenote_category":0},"product_brand":[],"product_cat":[12274,12284],"product_tag":[],"class_list":{"0":"post-729804","1":"product","2":"type-product","3":"status-publish","5":"product_cat-cocuk-ve-genclik-kitaplari","6":"product_cat-hikayeler","7":"pa_cilt-ciltsiz","8":"pa_tur-kitap","9":"pa_yayinevi-timas-cocuk","10":"pa_yazar-emily-child-maria-lebedeva","12":"first","13":"instock","14":"sale","15":"shipping-taxable","16":"purchasable","17":"product-type-simple"},"_links":{"self":[{"href":"https:\/\/roveyayinevi.com.tr\/index.php\/wp-json\/wp\/v2\/product\/729804","targetHints":{"allow":["GET"]}}],"collection":[{"href":"https:\/\/roveyayinevi.com.tr\/index.php\/wp-json\/wp\/v2\/product"}],"about":[{"href":"https:\/\/roveyayinevi.com.tr\/index.php\/wp-json\/wp\/v2\/types\/product"}],"wp:attachment":[{"href":"https:\/\/roveyayinevi.com.tr\/index.php\/wp-json\/wp\/v2\/media?parent=729804"}],"wp:term":[{"taxonomy":"product_brand","embeddable":true,"href":"https:\/\/roveyayinevi.com.tr\/index.php\/wp-json\/wp\/v2\/product_brand?post=729804"},{"taxonomy":"product_cat","embeddable":true,"href":"https:\/\/roveyayinevi.com.tr\/index.php\/wp-json\/wp\/v2\/product_cat?post=729804"},{"taxonomy":"product_tag","embeddable":true,"href":"https:\/\/roveyayinevi.com.tr\/index.php\/wp-json\/wp\/v2\/product_tag?post=729804"}],"curies":[{"name":"wp","href":"https:\/\/api.w.org\/{rel}","templated":true}]}}