{"id":729801,"date":"2025-08-27T21:02:42","date_gmt":"2025-08-27T18:02:42","guid":{"rendered":"https:\/\/roveyayinevi.com.tr\/index.php\/urun\/kardeslik-savascilari-8-temucilerin-donusu\/"},"modified":"2026-04-16T02:37:34","modified_gmt":"2026-04-15T23:37:34","slug":"kardeslik-savascilari-8-temucilerin-donusu","status":"publish","type":"product","link":"https:\/\/roveyayinevi.com.tr\/index.php\/urun\/kardeslik-savascilari-8-temucilerin-donusu\/","title":{"rendered":"Karde\u015flik  Sava\u015f\u00e7ilari  8  &#8211; Temu\u00e7ilerin D\u00f6n\u00fc\u015f\u00fc"},"content":{"rendered":"<p>Skandiya genellikle bar\u0131\u015fsever bir \u00fclkedir ancak do\u011fu bozk\u0131rlar\u0131ndan gelen ac\u0131mas\u0131z sava\u015f\u00e7\u0131lar nedeniyle tehlikededir. Her d\u00f6nemde Skandiya&#8217;y\u0131 ele ge\u00e7irmeye \u00e7al\u0131\u015fan Temu\u00e7iler bu kez b\u00fct\u00fcn birlikleriyle sald\u0131rmaya haz\u0131rlanmaktad\u0131r ve Bal\u0131k\u00e7\u0131l Karde\u015fli\u011fi&#8217;ne \u00f6nemli bir g\u00f6rev verilir: Temu\u00e7i lideri \u015ea&#8217;\u015fan&#8217;\u0131 durdurmak. Hal ve Bal\u0131k\u00e7\u0131llar\u0131, Y\u0131lan Ge\u00e7idi&#8217;nden ba\u015flay\u0131p Buz Nehri&#8217;nde devam eden zorlu bir m\u00fccadele beklemektedir&#8230;   Bir\u00e7ok \u00fclkede say\u0131s\u0131z okuyucusu bulunan G\u00f6lgelerin Efendisi yazar\u0131 John Flanagan, Karde\u015flik Sava\u015f\u00e7\u0131lar\u0131&#8217;nda okuyucular\u0131n\u0131 heyecanl\u0131 deniz yolculuklar\u0131, hain korsanlar ve destans\u0131 sava\u015flarla dolu bir maceraya davet ediyor. <\/p>\n","protected":false},"excerpt":{"rendered":"<p>Skandiya genellikle bar\u0131\u015fsever bir \u00fclkedir ancak do\u011fu bozk\u0131rlar\u0131ndan gelen ac\u0131mas\u0131z sava\u015f\u00e7\u0131lar nedeniyle tehlikededir. Her d\u00f6nemde Skandiya&#8217;y\u0131 ele ge\u00e7irmeye \u00e7al\u0131\u015fan Temu\u00e7iler bu kez b\u00fct\u00fcn birlikleriyle sald\u0131rmaya haz\u0131rlanmaktad\u0131r<span class=\"excerpt-hellip\"> [\u2026]<\/span><\/p>\n","protected":false},"featured_media":0,"template":"","meta":{"_monsterinsights_skip_tracking":false,"_monsterinsights_sitenote_active":false,"_monsterinsights_sitenote_note":"","_monsterinsights_sitenote_category":0},"product_brand":[],"product_cat":[12275,12274],"product_tag":[],"class_list":{"0":"post-729801","1":"product","2":"type-product","3":"status-publish","5":"product_cat-6-12-yas-kitaplari","6":"product_cat-cocuk-ve-genclik-kitaplari","7":"pa_cilt-ciltsiz","8":"pa_tur-kitap","9":"pa_yayinevi-beyaz-balina-yayinlari","10":"pa_yazar-john-flanagan","12":"first","13":"instock","14":"sale","15":"shipping-taxable","16":"purchasable","17":"product-type-simple"},"_links":{"self":[{"href":"https:\/\/roveyayinevi.com.tr\/index.php\/wp-json\/wp\/v2\/product\/729801","targetHints":{"allow":["GET"]}}],"collection":[{"href":"https:\/\/roveyayinevi.com.tr\/index.php\/wp-json\/wp\/v2\/product"}],"about":[{"href":"https:\/\/roveyayinevi.com.tr\/index.php\/wp-json\/wp\/v2\/types\/product"}],"wp:attachment":[{"href":"https:\/\/roveyayinevi.com.tr\/index.php\/wp-json\/wp\/v2\/media?parent=729801"}],"wp:term":[{"taxonomy":"product_brand","embeddable":true,"href":"https:\/\/roveyayinevi.com.tr\/index.php\/wp-json\/wp\/v2\/product_brand?post=729801"},{"taxonomy":"product_cat","embeddable":true,"href":"https:\/\/roveyayinevi.com.tr\/index.php\/wp-json\/wp\/v2\/product_cat?post=729801"},{"taxonomy":"product_tag","embeddable":true,"href":"https:\/\/roveyayinevi.com.tr\/index.php\/wp-json\/wp\/v2\/product_tag?post=729801"}],"curies":[{"name":"wp","href":"https:\/\/api.w.org\/{rel}","templated":true}]}}