{"id":729791,"date":"2025-08-27T21:02:34","date_gmt":"2025-08-27T18:02:34","guid":{"rendered":"https:\/\/roveyayinevi.com.tr\/index.php\/urun\/cogito-56\/"},"modified":"2026-04-16T02:37:33","modified_gmt":"2026-04-15T23:37:33","slug":"cogito-56","status":"publish","type":"product","link":"https:\/\/roveyayinevi.com.tr\/index.php\/urun\/cogito-56\/","title":{"rendered":"Cogito 56"},"content":{"rendered":"<p>\u00dc\u00e7 ayl\u0131k d\u00fc\u015f\u00fcnce dergisi Cogito&#8217;nun G\u00fcz 2008 say\u0131s\u0131, 2005 y\u0131l\u0131nda 92 ya\u015f\u0131nda \u00f6len filozof Paul Ric\u0153ur&#8217;e adand\u0131. Bu say\u0131da okura Ric\u0153ur&#8217;\u00fcn daha \u00f6nce T\u00fcrk\u00e7ede yay\u0131mlanmam\u0131\u015f \u00fc\u00e7 metni sunuluyor: Ric\u0153ur&#8217;\u00fcn dev yap\u0131t\u0131 Zaman ve Anlat\u0131&#8217;n\u0131n ikinci cildi &#8220;Tarih ve Anlat\u0131&#8221;dan bir b\u00f6l\u00fcm, filozofun \u0130stanbul&#8217;da yapt\u0131\u011f\u0131 &#8220;\u00d6zg\u00fcrl\u00fck ve Kurumlar\u0131&#8221; ba\u015fl\u0131kl\u0131 konu\u015fman\u0131n tam metni ve yak\u0131nda YKY taraf\u0131ndan yay\u0131mlanacak olan Critique et Conviction kitab\u0131nda felsefeciyle yap\u0131lm\u0131\u015f olan s\u00f6yle\u015fiden \u00f6zel bir se\u00e7ki. Mehmet Rifat, \u00d6nay S\u00f6zer, Ahmet Soysal, Necmiye Alpay, Fiona Tomkinson, Fran\u00e7ois Dosse, Olivier Abel, Ay\u015fe Ece&#8217;nin makaleleriyle katk\u0131da bulundu\u011fu say\u0131da, Ric\u0153ur&#8217;le yap\u0131lm\u0131\u015f \u00fc\u00e7 ayr\u0131 s\u00f6yle\u015fiye de yer verildi.<\/p>\n","protected":false},"excerpt":{"rendered":"<p>\u00dc\u00e7 ayl\u0131k d\u00fc\u015f\u00fcnce dergisi Cogito&#8217;nun G\u00fcz 2008 say\u0131s\u0131, 2005 y\u0131l\u0131nda 92 ya\u015f\u0131nda \u00f6len filozof Paul Ric\u0153ur&#8217;e adand\u0131. Bu say\u0131da okura Ric\u0153ur&#8217;\u00fcn daha \u00f6nce T\u00fcrk\u00e7ede yay\u0131mlanmam\u0131\u015f \u00fc\u00e7<span class=\"excerpt-hellip\"> [\u2026]<\/span><\/p>\n","protected":false},"featured_media":0,"template":"","meta":{"_monsterinsights_skip_tracking":false,"_monsterinsights_sitenote_active":false,"_monsterinsights_sitenote_note":"","_monsterinsights_sitenote_category":0},"product_brand":[],"product_cat":[13527],"product_tag":[],"class_list":{"0":"post-729791","1":"product","2":"type-product","3":"status-publish","5":"product_cat-sureli-yayinlar","6":"pa_cilt-ciltsiz","7":"pa_tur-dergi","8":"pa_yayinevi-yapi-kredi-yayinlari-dergi","9":"pa_yazar-paul-ricoeur","11":"first","12":"instock","13":"sale","14":"shipping-taxable","15":"purchasable","16":"product-type-simple"},"_links":{"self":[{"href":"https:\/\/roveyayinevi.com.tr\/index.php\/wp-json\/wp\/v2\/product\/729791","targetHints":{"allow":["GET"]}}],"collection":[{"href":"https:\/\/roveyayinevi.com.tr\/index.php\/wp-json\/wp\/v2\/product"}],"about":[{"href":"https:\/\/roveyayinevi.com.tr\/index.php\/wp-json\/wp\/v2\/types\/product"}],"wp:attachment":[{"href":"https:\/\/roveyayinevi.com.tr\/index.php\/wp-json\/wp\/v2\/media?parent=729791"}],"wp:term":[{"taxonomy":"product_brand","embeddable":true,"href":"https:\/\/roveyayinevi.com.tr\/index.php\/wp-json\/wp\/v2\/product_brand?post=729791"},{"taxonomy":"product_cat","embeddable":true,"href":"https:\/\/roveyayinevi.com.tr\/index.php\/wp-json\/wp\/v2\/product_cat?post=729791"},{"taxonomy":"product_tag","embeddable":true,"href":"https:\/\/roveyayinevi.com.tr\/index.php\/wp-json\/wp\/v2\/product_tag?post=729791"}],"curies":[{"name":"wp","href":"https:\/\/api.w.org\/{rel}","templated":true}]}}