{"id":729787,"date":"2025-08-27T21:02:30","date_gmt":"2025-08-27T18:02:30","guid":{"rendered":"https:\/\/roveyayinevi.com.tr\/index.php\/urun\/dunyayi-bisikletle-dolasan-cocuk-2-amerika-kitasi-yolculugu\/"},"modified":"2026-04-16T02:37:33","modified_gmt":"2026-04-15T23:37:33","slug":"dunyayi-bisikletle-dolasan-cocuk-2-amerika-kitasi-yolculugu","status":"publish","type":"product","link":"https:\/\/roveyayinevi.com.tr\/index.php\/urun\/dunyayi-bisikletle-dolasan-cocuk-2-amerika-kitasi-yolculugu\/","title":{"rendered":"D\u00fcnyay\u0131 Bisikletle Dola\u015fan \u00c7ocuk 2 \u2013 Amerika K\u0131tas\u0131 Yolculu\u011fu"},"content":{"rendered":"<p>Tom\u2019un bisikletle d\u00fcnya turu h\u0131z kesmeden devam ediyor. \u0130ngiltere\u2019den G\u00fcney Afrika\u2019ya kadar pedal \u00e7eviren Tom\u2019un yeni hedefi Alaska. Plan\u0131, G\u00fcney Amerika\u2019n\u0131n dibinden ba\u015flay\u0131p Kuzey Amerika\u2019ya gitmek ve en sonunda Alaska\u2019ya ula\u015fmak. Tom bu zorlu ama bir o kadar keyifli yolculukta d\u00fcnyan\u0131n en uzun da\u011f s\u0131ras\u0131 olan And Da\u011flar\u0131n\u0131 a\u015facak; nehirleri, \u00e7\u00f6lleri ge\u00e7ip yepyeni maceralar ya\u015fayacak<\/p>\n","protected":false},"excerpt":{"rendered":"<p>Tom\u2019un bisikletle d\u00fcnya turu h\u0131z kesmeden devam ediyor. \u0130ngiltere\u2019den G\u00fcney Afrika\u2019ya kadar pedal \u00e7eviren Tom\u2019un yeni hedefi Alaska. Plan\u0131, G\u00fcney Amerika\u2019n\u0131n dibinden ba\u015flay\u0131p Kuzey Amerika\u2019ya gitmek<span class=\"excerpt-hellip\"> [\u2026]<\/span><\/p>\n","protected":false},"featured_media":0,"template":"","meta":{"_monsterinsights_skip_tracking":false,"_monsterinsights_sitenote_active":false,"_monsterinsights_sitenote_note":"","_monsterinsights_sitenote_category":0},"product_brand":[],"product_cat":[12913,12274],"product_tag":[],"class_list":{"0":"post-729787","1":"product","2":"type-product","3":"status-publish","5":"product_cat-3-6-yas-kitaplari","6":"product_cat-cocuk-ve-genclik-kitaplari","7":"pa_cilt-ciltsiz","8":"pa_tur-kitap","9":"pa_yayinevi-beyaz-balina-yayinlari","10":"pa_yazar-alastair-humphreys","12":"first","13":"instock","14":"sale","15":"shipping-taxable","16":"purchasable","17":"product-type-simple"},"_links":{"self":[{"href":"https:\/\/roveyayinevi.com.tr\/index.php\/wp-json\/wp\/v2\/product\/729787","targetHints":{"allow":["GET"]}}],"collection":[{"href":"https:\/\/roveyayinevi.com.tr\/index.php\/wp-json\/wp\/v2\/product"}],"about":[{"href":"https:\/\/roveyayinevi.com.tr\/index.php\/wp-json\/wp\/v2\/types\/product"}],"wp:attachment":[{"href":"https:\/\/roveyayinevi.com.tr\/index.php\/wp-json\/wp\/v2\/media?parent=729787"}],"wp:term":[{"taxonomy":"product_brand","embeddable":true,"href":"https:\/\/roveyayinevi.com.tr\/index.php\/wp-json\/wp\/v2\/product_brand?post=729787"},{"taxonomy":"product_cat","embeddable":true,"href":"https:\/\/roveyayinevi.com.tr\/index.php\/wp-json\/wp\/v2\/product_cat?post=729787"},{"taxonomy":"product_tag","embeddable":true,"href":"https:\/\/roveyayinevi.com.tr\/index.php\/wp-json\/wp\/v2\/product_tag?post=729787"}],"curies":[{"name":"wp","href":"https:\/\/api.w.org\/{rel}","templated":true}]}}