{"id":729786,"date":"2025-08-27T21:02:30","date_gmt":"2025-08-27T18:02:30","guid":{"rendered":"https:\/\/roveyayinevi.com.tr\/index.php\/urun\/erken-cocukluk-doneminde-gelisim-3\/"},"modified":"2026-04-16T02:37:33","modified_gmt":"2026-04-15T23:37:33","slug":"erken-cocukluk-doneminde-gelisim-3","status":"publish","type":"product","link":"https:\/\/roveyayinevi.com.tr\/index.php\/urun\/erken-cocukluk-doneminde-gelisim-3\/","title":{"rendered":"Erken \u00c7ocukluk D\u00f6neminde Geli\u015fim"},"content":{"rendered":"<p>Erken \u00c7ocukluk D\u00f6neminde Geli\u015fim<\/p>\n","protected":false},"excerpt":{"rendered":"<p>Erken \u00c7ocukluk D\u00f6neminde Geli\u015fim<\/p>\n","protected":false},"featured_media":0,"template":"","meta":{"_monsterinsights_skip_tracking":false,"_monsterinsights_sitenote_active":false,"_monsterinsights_sitenote_note":"","_monsterinsights_sitenote_category":0},"product_brand":[],"product_cat":[12573,12566],"product_tag":[],"class_list":{"0":"post-729786","1":"product","2":"type-product","3":"status-publish","5":"product_cat-akademik-kitaplar","6":"product_cat-egitim","7":"pa_cilt-ciltsiz","8":"pa_tur-kitap","9":"pa_yayinevi-egiten-kitap","10":"pa_yazar-hulya-gulay-ogelman","12":"first","13":"instock","14":"sale","15":"shipping-taxable","16":"purchasable","17":"product-type-simple"},"_links":{"self":[{"href":"https:\/\/roveyayinevi.com.tr\/index.php\/wp-json\/wp\/v2\/product\/729786","targetHints":{"allow":["GET"]}}],"collection":[{"href":"https:\/\/roveyayinevi.com.tr\/index.php\/wp-json\/wp\/v2\/product"}],"about":[{"href":"https:\/\/roveyayinevi.com.tr\/index.php\/wp-json\/wp\/v2\/types\/product"}],"wp:attachment":[{"href":"https:\/\/roveyayinevi.com.tr\/index.php\/wp-json\/wp\/v2\/media?parent=729786"}],"wp:term":[{"taxonomy":"product_brand","embeddable":true,"href":"https:\/\/roveyayinevi.com.tr\/index.php\/wp-json\/wp\/v2\/product_brand?post=729786"},{"taxonomy":"product_cat","embeddable":true,"href":"https:\/\/roveyayinevi.com.tr\/index.php\/wp-json\/wp\/v2\/product_cat?post=729786"},{"taxonomy":"product_tag","embeddable":true,"href":"https:\/\/roveyayinevi.com.tr\/index.php\/wp-json\/wp\/v2\/product_tag?post=729786"}],"curies":[{"name":"wp","href":"https:\/\/api.w.org\/{rel}","templated":true}]}}