{"id":729785,"date":"2025-08-27T21:02:28","date_gmt":"2025-08-27T18:02:28","guid":{"rendered":"https:\/\/roveyayinevi.com.tr\/index.php\/urun\/sanat-yolculuklari\/"},"modified":"2026-04-16T02:37:33","modified_gmt":"2026-04-15T23:37:33","slug":"sanat-yolculuklari","status":"publish","type":"product","link":"https:\/\/roveyayinevi.com.tr\/index.php\/urun\/sanat-yolculuklari\/","title":{"rendered":"Sanat Yolculuklar\u0131"},"content":{"rendered":"<p>Sanat Yolculuklar\u0131, \u00dclk\u00fc Tamer\u2019in belle\u011fine bir yolculuk olarak d\u00fc\u015f\u00fcn\u00fclebilir. Papir\u00fcs\u2019ten Ca\u011falo\u011flu\u2019ndaki Eser Han\u2019a, Onat Kutlar\u2019dan g\u00fczel Antep sokaklar\u0131na, Attila \u0130lhan\u2019dan Baylan Pastanesi\u2019ne de\u011fin geni\u015fleyen bir sanat yolculu\u011fudur bu. Beyaz\u0131t Meydan\u0131\u2019ndaki simitler, Kumkap\u0131\u2019daki bal\u0131k\u00e7\u0131lar, Beyo\u011flu sinemalar\u0131nda biten g\u00fcnler. \u00dclk\u00fc Tamer, \u00f6zledi\u011fi dostlar\u0131n\u0131n \u015fiirleriyle konu\u015fabildi\u011fi zamanlar\u0131 ya\u015far art\u0131k ve onlar\u0131 \u201chat\u0131rlayarak\u201d yeniden \u00e7a\u011f\u0131r\u0131r. Ve sorar, Ye\u015fil\u00e7am\u2019\u0131 m\u0131 \u00f6zl\u00fcyoruz, o g\u00fcn\u00fcn T\u00fcrkiye\u2019sini mi? Y\u0131ld\u0131z Kenter\u2019i, Y\u0131lmaz G\u00fcney\u2019i ve ayn\u0131 sahneyi payla\u015ft\u0131\u011f\u0131 M\u00fcjdat Gezen\u2019i; elinde G\u00f6\u00e7m\u00fc\u015f Kediler Bah\u00e7esi ile gelen Bilge\u2019yi, Cahit K\u00fclebi\u2019nin hi\u00e7bir dile \u00e7evrilemez Hik\u00e2ye\u2019sini. Ancak t\u00fcm bu hat\u0131ralara ra\u011fmen gelecek hakk\u0131nda d\u00fc\u015f\u00fcnmeyi de ihmal etmez \u00dclk\u00fc Tamer. Televizyondan bilgisayara, daktilodan internete \u00e7a\u011f\u0131na tan\u0131kl\u0131k eder ve nereye gitti\u011fimizi sorar bize. \u00c7ocuk edebiyat\u0131ndan klasiklere, \u00e7a\u011fda\u015f edebiyattan d\u00fcnya sanat\u0131na kadar pek \u00e7ok konuda, berrak bir zihinle \u00e7\u0131kar\u0131mlar yapar. Televizyondaki programlarda i\u015fittiklerinize g\u00fclmeyin, \u00f6fkelenin der. Kulland\u0131\u011f\u0131m\u0131z dili i\u015fitir ve bize ait olan dili hat\u0131rlat\u0131r. K\u00fclt\u00fcr ve dil de\u011fi\u015fiminin fark\u0131ndad\u0131r, sak\u0131nmadan s\u00f6yler s\u00f6yleyece\u011fini. Yazd\u0131klar\u0131n\u0131 ser\u00e7eler gibi g\u00f6ky\u00fcz\u00fcne salanlar\u0131n \u015fairidir \u00dclk\u00fc Tamer, kartalla\u015f\u0131p onlar\u0131n pe\u015fine d\u00fc\u015fenlerin de\u011fil. Bu y\u00fczden onunki bir sanat yolculu\u011fudur. D\u00fcn\u00fcn, bug\u00fcn\u00fcn ve yar\u0131n\u0131n hi\u00e7 bitmeyecek yolculu\u011fu.<\/p>\n","protected":false},"excerpt":{"rendered":"<p>Sanat Yolculuklar\u0131, \u00dclk\u00fc Tamer\u2019in belle\u011fine bir yolculuk olarak d\u00fc\u015f\u00fcn\u00fclebilir. Papir\u00fcs\u2019ten Ca\u011falo\u011flu\u2019ndaki Eser Han\u2019a, Onat Kutlar\u2019dan g\u00fczel Antep sokaklar\u0131na, Attila \u0130lhan\u2019dan Baylan Pastanesi\u2019ne de\u011fin geni\u015fleyen bir sanat<span class=\"excerpt-hellip\"> [\u2026]<\/span><\/p>\n","protected":false},"featured_media":0,"template":"","meta":{"_monsterinsights_skip_tracking":false,"_monsterinsights_sitenote_active":false,"_monsterinsights_sitenote_note":"","_monsterinsights_sitenote_category":0},"product_brand":[],"product_cat":[12777,12291],"product_tag":[],"class_list":{"0":"post-729785","1":"product","2":"type-product","3":"status-publish","5":"product_cat-deneme","6":"product_cat-edebiyat","7":"pa_cilt-ciltsiz","8":"pa_tur-kitap","9":"pa_yayinevi-ketebe-yayinlari","10":"pa_yazar-ulku-tamer","12":"first","13":"instock","14":"sale","15":"shipping-taxable","16":"purchasable","17":"product-type-simple"},"_links":{"self":[{"href":"https:\/\/roveyayinevi.com.tr\/index.php\/wp-json\/wp\/v2\/product\/729785","targetHints":{"allow":["GET"]}}],"collection":[{"href":"https:\/\/roveyayinevi.com.tr\/index.php\/wp-json\/wp\/v2\/product"}],"about":[{"href":"https:\/\/roveyayinevi.com.tr\/index.php\/wp-json\/wp\/v2\/types\/product"}],"wp:attachment":[{"href":"https:\/\/roveyayinevi.com.tr\/index.php\/wp-json\/wp\/v2\/media?parent=729785"}],"wp:term":[{"taxonomy":"product_brand","embeddable":true,"href":"https:\/\/roveyayinevi.com.tr\/index.php\/wp-json\/wp\/v2\/product_brand?post=729785"},{"taxonomy":"product_cat","embeddable":true,"href":"https:\/\/roveyayinevi.com.tr\/index.php\/wp-json\/wp\/v2\/product_cat?post=729785"},{"taxonomy":"product_tag","embeddable":true,"href":"https:\/\/roveyayinevi.com.tr\/index.php\/wp-json\/wp\/v2\/product_tag?post=729785"}],"curies":[{"name":"wp","href":"https:\/\/api.w.org\/{rel}","templated":true}]}}