{"id":729784,"date":"2025-08-27T21:02:28","date_gmt":"2025-08-27T18:02:28","guid":{"rendered":"https:\/\/roveyayinevi.com.tr\/index.php\/urun\/peygamberimizin-genclerle-iletisimi\/"},"modified":"2026-04-16T02:37:33","modified_gmt":"2026-04-15T23:37:33","slug":"peygamberimizin-genclerle-iletisimi","status":"publish","type":"product","link":"https:\/\/roveyayinevi.com.tr\/index.php\/urun\/peygamberimizin-genclerle-iletisimi\/","title":{"rendered":"Peygamberimizin Gen\u00e7lerle \u0130leti\u015fimi"},"content":{"rendered":"<p>Ergenlik nedir? Peygamberler gen\u00e7lik bunal\u0131m\u0131 ya\u015fam\u0131\u015f m\u0131? Allah Resul\u00fc\u2019nde gen\u00e7lik s\u0131k\u0131nt\u0131lar\u0131 olmu\u015f mu? O\u2019nun (asm) yan\u0131ndakiler gen\u00e7lik bunal\u0131m\u0131na d\u00fc\u015fm\u00fc\u015f m\u00fc? Huylar\u0131 farkl\u0131 insanlar ayn\u0131 e\u011fitim metoduyla terbiye edilebilir mi? Ki\u015fiye \u00f6zel e\u011fitim metodu var m\u0131? E\u011fitimde hangi esmalar yans\u0131r? \u00c7ocuklar\u0131m\u0131z\u0131 hangi pedagojiye g\u00f6re e\u011fitiyoruz? S\u00fcnnet pedagojisini ne kadar biliyoruz? E\u011fitimde anne baba perde olur mu? Ergenlik biyolojik bir hal midir? Neden herkeste ayn\u0131 durum g\u00f6zlenmiyor? Gen\u00e7lik d\u00f6neminin yak\u0131c\u0131 ve y\u0131k\u0131c\u0131 ge\u00e7mesinin temeli, gencin ilk g\u00fcnahla kar\u015f\u0131la\u015fmas\u0131 m\u0131d\u0131r? Bilim, ergenlik d\u00f6nemini sorunlu kabul ederken, Allah Resul\u00fc, bu ya\u015flardaki ergenlere nas\u0131l en b\u00fcy\u00fck sorumluluklar\u0131 vermi\u015fti? Modern pedagoji neleri g\u00f6remiyor?<\/p>\n","protected":false},"excerpt":{"rendered":"<p>Ergenlik nedir? Peygamberler gen\u00e7lik bunal\u0131m\u0131 ya\u015fam\u0131\u015f m\u0131? Allah Resul\u00fc\u2019nde gen\u00e7lik s\u0131k\u0131nt\u0131lar\u0131 olmu\u015f mu? O\u2019nun (asm) yan\u0131ndakiler gen\u00e7lik bunal\u0131m\u0131na d\u00fc\u015fm\u00fc\u015f m\u00fc? Huylar\u0131 farkl\u0131 insanlar ayn\u0131 e\u011fitim metoduyla<span class=\"excerpt-hellip\"> [\u2026]<\/span><\/p>\n","protected":false},"featured_media":0,"template":"","meta":{"_monsterinsights_skip_tracking":false,"_monsterinsights_sitenote_active":false,"_monsterinsights_sitenote_note":"","_monsterinsights_sitenote_category":0},"product_brand":[],"product_cat":[13036,12718,12719],"product_tag":[],"class_list":{"0":"post-729784","1":"product","2":"type-product","3":"status-publish","5":"product_cat-arastirma-inceleme-islam","6":"product_cat-din","7":"product_cat-islam","8":"pa_cilt-ciltsiz","9":"pa_tur-kitap","10":"pa_yayinevi-foliant-yayinlari","11":"pa_yazar-nuriye-celegen","13":"first","14":"instock","15":"sale","16":"shipping-taxable","17":"purchasable","18":"product-type-simple"},"_links":{"self":[{"href":"https:\/\/roveyayinevi.com.tr\/index.php\/wp-json\/wp\/v2\/product\/729784","targetHints":{"allow":["GET"]}}],"collection":[{"href":"https:\/\/roveyayinevi.com.tr\/index.php\/wp-json\/wp\/v2\/product"}],"about":[{"href":"https:\/\/roveyayinevi.com.tr\/index.php\/wp-json\/wp\/v2\/types\/product"}],"wp:attachment":[{"href":"https:\/\/roveyayinevi.com.tr\/index.php\/wp-json\/wp\/v2\/media?parent=729784"}],"wp:term":[{"taxonomy":"product_brand","embeddable":true,"href":"https:\/\/roveyayinevi.com.tr\/index.php\/wp-json\/wp\/v2\/product_brand?post=729784"},{"taxonomy":"product_cat","embeddable":true,"href":"https:\/\/roveyayinevi.com.tr\/index.php\/wp-json\/wp\/v2\/product_cat?post=729784"},{"taxonomy":"product_tag","embeddable":true,"href":"https:\/\/roveyayinevi.com.tr\/index.php\/wp-json\/wp\/v2\/product_tag?post=729784"}],"curies":[{"name":"wp","href":"https:\/\/api.w.org\/{rel}","templated":true}]}}