{"id":729783,"date":"2025-08-27T21:02:26","date_gmt":"2025-08-27T18:02:26","guid":{"rendered":"https:\/\/roveyayinevi.com.tr\/index.php\/urun\/iyi-yasam-ve-mutluluk-uzerine\/"},"modified":"2026-04-16T02:37:33","modified_gmt":"2026-04-15T23:37:33","slug":"iyi-yasam-ve-mutluluk-uzerine","status":"publish","type":"product","link":"https:\/\/roveyayinevi.com.tr\/index.php\/urun\/iyi-yasam-ve-mutluluk-uzerine\/","title":{"rendered":"\u0130yi Ya\u015fam ve Mutluluk \u00dczerine"},"content":{"rendered":"<p>\u201cBir s\u00fcredir akl\u0131mda gen\u00e7lik arkada\u015f\u0131m Ataol Behramo\u011flu\u2019nun \u2018Ya\u015fad\u0131klar\u0131mdan \u00f6\u011frendi\u011fim bir \u015fey var\u2019 dizesinden yola \u00e7\u0131kan bir sohbetler dizisi d\u00fc\u015f\u00fcncesi dola\u015f\u0131yordu. \u2018Okuduklar\u0131m\u0131z\u0131, ba\u015fkalar\u0131ndan \u00f6\u011frendiklerimizi de\u011fil, kendi ya\u015fad\u0131klar\u0131m\u0131z\u0131 konu\u015fal\u0131m\u2019 demi\u015ftim. \u2018Dobra dobra anlatal\u0131m!\u2019 Ger\u00e7ekten, ya\u015f\u0131n\u0131 ba\u015f\u0131n\u0131 alm\u0131\u015f insanlar olarak ni\u00e7in ya\u015fad\u0131klar\u0131m\u0131zdan \u00f6\u011frendi\u011fimiz \u015feyleri, \u00e7\u0131kard\u0131\u011f\u0131m\u0131z dersleri ba\u015fkalar\u0131yla, bu arada gen\u00e7lerle payla\u015fm\u0131yorduk? Hayat d\u00f6rtnala ka\u00e7\u0131p gidiyordu. Bu payla\u015f\u0131m\u0131 \u015fimdi yapmazsak ne zaman yapacakt\u0131k? Bu bir \u00e7e\u015fit g\u00f6rev de\u011fil miydi?\u201d \u0130yi Ya\u015fam ve Mutluluk \u00dczerine ba\u015fl\u0131kl\u0131 denemeler toplam\u0131nda Haluk \u015eahin, ya\u015famdan edindi\u011fi deneyimlerini, tan\u0131kl\u0131klar\u0131n\u0131 ve g\u00f6zlemlerini aktar\u0131yor. Akademisyen, e\u011fitimci, gazeteci kimliklerini bir kenara b\u0131rak\u0131p, hi\u00e7bir sat\u0131r\u0131nda kimseye \u00fcstten bakmadan, samimi bir sohbete davet ediyor. Denemelerinde do\u011fru yolu g\u00f6stermek ya da ders vermek yerine, ya\u015farken ald\u0131\u011f\u0131 dersleri payla\u015f\u0131yor. <\/p>\n","protected":false},"excerpt":{"rendered":"<p>\u201cBir s\u00fcredir akl\u0131mda gen\u00e7lik arkada\u015f\u0131m Ataol Behramo\u011flu\u2019nun \u2018Ya\u015fad\u0131klar\u0131mdan \u00f6\u011frendi\u011fim bir \u015fey var\u2019 dizesinden yola \u00e7\u0131kan bir sohbetler dizisi d\u00fc\u015f\u00fcncesi dola\u015f\u0131yordu. \u2018Okuduklar\u0131m\u0131z\u0131, ba\u015fkalar\u0131ndan \u00f6\u011frendiklerimizi de\u011fil, kendi ya\u015fad\u0131klar\u0131m\u0131z\u0131<span class=\"excerpt-hellip\"> [\u2026]<\/span><\/p>\n","protected":false},"featured_media":0,"template":"","meta":{"_monsterinsights_skip_tracking":false,"_monsterinsights_sitenote_active":false,"_monsterinsights_sitenote_note":"","_monsterinsights_sitenote_category":0},"product_brand":[],"product_cat":[12777,12291],"product_tag":[],"class_list":{"0":"post-729783","1":"product","2":"type-product","3":"status-publish","5":"product_cat-deneme","6":"product_cat-edebiyat","7":"pa_cilt-ciltsiz","8":"pa_tur-kitap","9":"pa_yayinevi-kirmizi-kedi-yayinevi","10":"pa_yazar-haluk-sahin","12":"first","13":"instock","14":"sale","15":"shipping-taxable","16":"purchasable","17":"product-type-simple"},"_links":{"self":[{"href":"https:\/\/roveyayinevi.com.tr\/index.php\/wp-json\/wp\/v2\/product\/729783","targetHints":{"allow":["GET"]}}],"collection":[{"href":"https:\/\/roveyayinevi.com.tr\/index.php\/wp-json\/wp\/v2\/product"}],"about":[{"href":"https:\/\/roveyayinevi.com.tr\/index.php\/wp-json\/wp\/v2\/types\/product"}],"wp:attachment":[{"href":"https:\/\/roveyayinevi.com.tr\/index.php\/wp-json\/wp\/v2\/media?parent=729783"}],"wp:term":[{"taxonomy":"product_brand","embeddable":true,"href":"https:\/\/roveyayinevi.com.tr\/index.php\/wp-json\/wp\/v2\/product_brand?post=729783"},{"taxonomy":"product_cat","embeddable":true,"href":"https:\/\/roveyayinevi.com.tr\/index.php\/wp-json\/wp\/v2\/product_cat?post=729783"},{"taxonomy":"product_tag","embeddable":true,"href":"https:\/\/roveyayinevi.com.tr\/index.php\/wp-json\/wp\/v2\/product_tag?post=729783"}],"curies":[{"name":"wp","href":"https:\/\/api.w.org\/{rel}","templated":true}]}}