{"id":729779,"date":"2025-08-27T21:02:22","date_gmt":"2025-08-27T18:02:22","guid":{"rendered":"https:\/\/roveyayinevi.com.tr\/index.php\/urun\/golde\/"},"modified":"2026-04-16T02:37:33","modified_gmt":"2026-04-15T23:37:33","slug":"golde","status":"publish","type":"product","link":"https:\/\/roveyayinevi.com.tr\/index.php\/urun\/golde\/","title":{"rendered":"G\u00f6lde"},"content":{"rendered":"<p>Brezilyal\u0131 ill\u00fcstrat\u00f6r Geraldo Val\u00e9rio bu sessiz kitab\u0131nda ger\u00e7ek dostlu\u011fun ve sevginin do\u011fas\u0131n\u0131 \u00e7arp\u0131c\u0131 bir hik\u00e2yeyle anlat\u0131yor. * Booklist 2019\u2019un En \u0130yi 10 Sessiz Kitab\u0131 Listesi\u2019ne giren G\u00f6lde i\u00e7in baz\u0131 yorumlar: \u201cHer ya\u015ftan okuru sevginin ne oldu\u011fu, onu kazanmak ve s\u00fcrd\u00fcrebilmek i\u00e7in neler gerekti\u011fi \u00fczerine d\u00fc\u015f\u00fcnd\u00fcren \u00f6nemli bir hik\u00e2ye.\u201d (School Library Journal) \u201cGeraldo, 3 ile 7 ya\u015f aras\u0131ndaki t\u00fcm \u00e7ocuklar\u0131n keyif alaca\u011f\u0131, g\u00fczel bir \u015fekilde ifade edilmi\u015f bu yeni eserinde ger\u00e7ek dostlu\u011fun ve sevginin do\u011fas\u0131n\u0131 ara\u015ft\u0131r\u0131yor. Ailelerin kitapl\u0131klar\u0131n\u0131n, kre\u015flerin, anaokullar\u0131n\u0131n, ilkokullar\u0131n, k\u00fct\u00fcphanelerin ve resimli kitap se\u00e7kilerinin k\u0131ymetli bir par\u00e7as\u0131 olacak.\u201d (Midwest Book Review) \u201cG\u00f6lde hayal g\u00fcc\u00fcn\u00fc harekete ge\u00e7iriyor, evcil hayvanlara oldu\u011fu kadar do\u011fal ya\u015fama da sayg\u0131 duymay\u0131 \u00f6\u011fretiyor.\u201d (CM Review of Materials) \u201cDokunakl\u0131 ve g\u00fcncel bir hik\u00e2ye.\u201d (The Globe and Mail) \u201cVal\u00e9rio, bir tasmay\u0131 merkeze alarak, insanlar\u0131n do\u011fal ya\u015fam\u0131n tahribat\u0131nda oynad\u0131\u011f\u0131 rol\u00fc anla\u015f\u0131l\u0131r bir metafor olarak anlatt\u0131\u011f\u0131, ayn\u0131 zamanda \u00e7ocuklar\u0131n anlayabilece\u011fi d\u00fczeyde daha b\u00fcy\u00fck felsefi sorular\u0131 sorduran g\u00f6rsel bir anlat\u0131 <\/p>\n","protected":false},"excerpt":{"rendered":"<p>Brezilyal\u0131 ill\u00fcstrat\u00f6r Geraldo Val\u00e9rio bu sessiz kitab\u0131nda ger\u00e7ek dostlu\u011fun ve sevginin do\u011fas\u0131n\u0131 \u00e7arp\u0131c\u0131 bir hik\u00e2yeyle anlat\u0131yor. * Booklist 2019\u2019un En \u0130yi 10 Sessiz Kitab\u0131 Listesi\u2019ne giren<span class=\"excerpt-hellip\"> [\u2026]<\/span><\/p>\n","protected":false},"featured_media":0,"template":"","meta":{"_monsterinsights_skip_tracking":false,"_monsterinsights_sitenote_active":false,"_monsterinsights_sitenote_note":"","_monsterinsights_sitenote_category":0},"product_brand":[],"product_cat":[12913,12274],"product_tag":[],"class_list":{"0":"post-729779","1":"product","2":"type-product","3":"status-publish","5":"product_cat-3-6-yas-kitaplari","6":"product_cat-cocuk-ve-genclik-kitaplari","7":"pa_cilt-ciltsiz","8":"pa_tur-kitap","9":"pa_yayinevi-bilgi-yayinevi","10":"pa_yazar-geraldo-valerio","12":"first","13":"instock","14":"sale","15":"shipping-taxable","16":"purchasable","17":"product-type-simple"},"_links":{"self":[{"href":"https:\/\/roveyayinevi.com.tr\/index.php\/wp-json\/wp\/v2\/product\/729779","targetHints":{"allow":["GET"]}}],"collection":[{"href":"https:\/\/roveyayinevi.com.tr\/index.php\/wp-json\/wp\/v2\/product"}],"about":[{"href":"https:\/\/roveyayinevi.com.tr\/index.php\/wp-json\/wp\/v2\/types\/product"}],"wp:attachment":[{"href":"https:\/\/roveyayinevi.com.tr\/index.php\/wp-json\/wp\/v2\/media?parent=729779"}],"wp:term":[{"taxonomy":"product_brand","embeddable":true,"href":"https:\/\/roveyayinevi.com.tr\/index.php\/wp-json\/wp\/v2\/product_brand?post=729779"},{"taxonomy":"product_cat","embeddable":true,"href":"https:\/\/roveyayinevi.com.tr\/index.php\/wp-json\/wp\/v2\/product_cat?post=729779"},{"taxonomy":"product_tag","embeddable":true,"href":"https:\/\/roveyayinevi.com.tr\/index.php\/wp-json\/wp\/v2\/product_tag?post=729779"}],"curies":[{"name":"wp","href":"https:\/\/api.w.org\/{rel}","templated":true}]}}