{"id":729778,"date":"2025-08-27T21:02:20","date_gmt":"2025-08-27T18:02:20","guid":{"rendered":"https:\/\/roveyayinevi.com.tr\/index.php\/urun\/dunyadan-oykuler-doga\/"},"modified":"2026-04-16T02:37:33","modified_gmt":"2026-04-15T23:37:33","slug":"dunyadan-oykuler-doga","status":"publish","type":"product","link":"https:\/\/roveyayinevi.com.tr\/index.php\/urun\/dunyadan-oykuler-doga\/","title":{"rendered":"D\u00fcnyadan \u00d6yk\u00fcler: Do\u011fa"},"content":{"rendered":"<p>Bu sessiz kitapta do\u011fan\u0131n g\u00fczelliklerini ve mucizelerini ke\u015ffedin, b\u0131rak\u0131n hayal g\u00fcc\u00fcn\u00fcz her \u015feyi canland\u0131rs\u0131n! Nefes kesici \u00e7izimler, do\u011fumdan \u00f6l\u00fcme, k\u0131\u015ftan sonbahara zaman\u0131n ak\u0131\u015f\u0131nda \u00e7e\u015fitli hayvanlar\u0131n ve b\u00f6ceklerin do\u011fal ortamlar\u0131ndaki ya\u015famlar\u0131n\u0131 ve ya\u015fad\u0131klar\u0131 de\u011fi\u015fimleri yans\u0131t\u0131yor. <\/p>\n","protected":false},"excerpt":{"rendered":"<p>Bu sessiz kitapta do\u011fan\u0131n g\u00fczelliklerini ve mucizelerini ke\u015ffedin, b\u0131rak\u0131n hayal g\u00fcc\u00fcn\u00fcz her \u015feyi canland\u0131rs\u0131n! Nefes kesici \u00e7izimler, do\u011fumdan \u00f6l\u00fcme, k\u0131\u015ftan sonbahara zaman\u0131n ak\u0131\u015f\u0131nda \u00e7e\u015fitli hayvanlar\u0131n ve<span class=\"excerpt-hellip\"> [\u2026]<\/span><\/p>\n","protected":false},"featured_media":0,"template":"","meta":{"_monsterinsights_skip_tracking":false,"_monsterinsights_sitenote_active":false,"_monsterinsights_sitenote_note":"","_monsterinsights_sitenote_category":0},"product_brand":[],"product_cat":[12275,12274],"product_tag":[],"class_list":{"0":"post-729778","1":"product","2":"type-product","3":"status-publish","5":"product_cat-6-12-yas-kitaplari","6":"product_cat-cocuk-ve-genclik-kitaplari","7":"pa_cilt-ciltsiz","8":"pa_tur-kitap","9":"pa_yayinevi-bilgi-yayinevi","10":"pa_yazar-thomas-hegbrook","12":"first","13":"instock","14":"sale","15":"shipping-taxable","16":"purchasable","17":"product-type-simple"},"_links":{"self":[{"href":"https:\/\/roveyayinevi.com.tr\/index.php\/wp-json\/wp\/v2\/product\/729778","targetHints":{"allow":["GET"]}}],"collection":[{"href":"https:\/\/roveyayinevi.com.tr\/index.php\/wp-json\/wp\/v2\/product"}],"about":[{"href":"https:\/\/roveyayinevi.com.tr\/index.php\/wp-json\/wp\/v2\/types\/product"}],"wp:attachment":[{"href":"https:\/\/roveyayinevi.com.tr\/index.php\/wp-json\/wp\/v2\/media?parent=729778"}],"wp:term":[{"taxonomy":"product_brand","embeddable":true,"href":"https:\/\/roveyayinevi.com.tr\/index.php\/wp-json\/wp\/v2\/product_brand?post=729778"},{"taxonomy":"product_cat","embeddable":true,"href":"https:\/\/roveyayinevi.com.tr\/index.php\/wp-json\/wp\/v2\/product_cat?post=729778"},{"taxonomy":"product_tag","embeddable":true,"href":"https:\/\/roveyayinevi.com.tr\/index.php\/wp-json\/wp\/v2\/product_tag?post=729778"}],"curies":[{"name":"wp","href":"https:\/\/api.w.org\/{rel}","templated":true}]}}