{"id":729777,"date":"2025-08-27T21:02:19","date_gmt":"2025-08-27T18:02:19","guid":{"rendered":"https:\/\/roveyayinevi.com.tr\/index.php\/urun\/siriusun-kalbi\/"},"modified":"2026-04-16T02:37:33","modified_gmt":"2026-04-15T23:37:33","slug":"siriusun-kalbi","status":"publish","type":"product","link":"https:\/\/roveyayinevi.com.tr\/index.php\/urun\/siriusun-kalbi\/","title":{"rendered":"Sirius\u2019un Kalbi"},"content":{"rendered":"<p>Ceren\u2019in Tuhaf Maceralar\u0131 serisinin \u00fc\u00e7\u00fcnc\u00fc ve son kitab\u0131 Sirius\u2019un Kalbi, okurlar\u0131n\u0131 gizemli bir yolculu\u011fa davet ediyor. Yaz tatilinde \u0130zmir Uzay Kamp\u0131\u2019na giden Ceren, Derin ve Acar, oradan y\u0131ld\u0131zlara, Sirius\u2019un kalbine uzan\u0131yor. \u00c7ok uzaklardan gelen dayan\u0131\u015fma \u00e7a\u011fr\u0131s\u0131n\u0131 geri \u00e7eviremeyen \u00fc\u00e7 kafadar, mavi ku\u015flar\u0131n rehberli\u011finde \u015eayka\u2019yla tan\u0131\u015f\u0131p yepyeni bilgiler ediniyor. <\/p>\n","protected":false},"excerpt":{"rendered":"<p>Ceren\u2019in Tuhaf Maceralar\u0131 serisinin \u00fc\u00e7\u00fcnc\u00fc ve son kitab\u0131 Sirius\u2019un Kalbi, okurlar\u0131n\u0131 gizemli bir yolculu\u011fa davet ediyor. Yaz tatilinde \u0130zmir Uzay Kamp\u0131\u2019na giden Ceren, Derin ve Acar,<span class=\"excerpt-hellip\"> [\u2026]<\/span><\/p>\n","protected":false},"featured_media":0,"template":"","meta":{"_monsterinsights_skip_tracking":false,"_monsterinsights_sitenote_active":false,"_monsterinsights_sitenote_note":"","_monsterinsights_sitenote_category":0},"product_brand":[],"product_cat":[12913,12274],"product_tag":[],"class_list":{"0":"post-729777","1":"product","2":"type-product","3":"status-publish","5":"product_cat-3-6-yas-kitaplari","6":"product_cat-cocuk-ve-genclik-kitaplari","7":"pa_cilt-ciltsiz","8":"pa_tur-kitap","9":"pa_yayinevi-kirmizi-kedi-yayinevi","10":"pa_yazar-zeynep-gurkan","12":"first","13":"instock","14":"sale","15":"shipping-taxable","16":"purchasable","17":"product-type-simple"},"_links":{"self":[{"href":"https:\/\/roveyayinevi.com.tr\/index.php\/wp-json\/wp\/v2\/product\/729777","targetHints":{"allow":["GET"]}}],"collection":[{"href":"https:\/\/roveyayinevi.com.tr\/index.php\/wp-json\/wp\/v2\/product"}],"about":[{"href":"https:\/\/roveyayinevi.com.tr\/index.php\/wp-json\/wp\/v2\/types\/product"}],"wp:attachment":[{"href":"https:\/\/roveyayinevi.com.tr\/index.php\/wp-json\/wp\/v2\/media?parent=729777"}],"wp:term":[{"taxonomy":"product_brand","embeddable":true,"href":"https:\/\/roveyayinevi.com.tr\/index.php\/wp-json\/wp\/v2\/product_brand?post=729777"},{"taxonomy":"product_cat","embeddable":true,"href":"https:\/\/roveyayinevi.com.tr\/index.php\/wp-json\/wp\/v2\/product_cat?post=729777"},{"taxonomy":"product_tag","embeddable":true,"href":"https:\/\/roveyayinevi.com.tr\/index.php\/wp-json\/wp\/v2\/product_tag?post=729777"}],"curies":[{"name":"wp","href":"https:\/\/api.w.org\/{rel}","templated":true}]}}