{"id":729776,"date":"2025-08-27T21:02:19","date_gmt":"2025-08-27T18:02:19","guid":{"rendered":"https:\/\/roveyayinevi.com.tr\/index.php\/urun\/baglama-duzeni-baglama-metodu-orta-seviye-2-kisa-sap\/"},"modified":"2026-04-16T02:37:33","modified_gmt":"2026-04-15T23:37:33","slug":"baglama-duzeni-baglama-metodu-orta-seviye-2-kisa-sap","status":"publish","type":"product","link":"https:\/\/roveyayinevi.com.tr\/index.php\/urun\/baglama-duzeni-baglama-metodu-orta-seviye-2-kisa-sap\/","title":{"rendered":"Ba\u011flama D\u00fczeni Ba\u011flama Metodu Orta Seviye &#8211; 2 (K\u0131sa Sap)"},"content":{"rendered":"<p>1965, Sivas do\u011fumludur. 26 y\u0131ld\u0131r ba\u011flama e\u011fitmenli\u011fi yapmaktad\u0131r. Bu bilgi birikimini ve e\u011fitim faaliyetlerini aktif olarak Do\u011fan Elmal\u0131 Sanat Merkezi ve Mavi M\u00fczik Sanat Merkezinde s\u00fcrd\u00fcrmektedir.Kendisi profesyonel olarak ba\u011flama \u00fcretimiyle de ilgilenip ki\u015fisel at\u00f6lyesinde ba\u015far\u0131l\u0131 \u00e7al\u0131\u015fmalar\u0131n\u0131 sergilemektedir.Ba\u011flama Metodu Repertuvar Kitab\u0131&#8217;n\u0131n i\u00e7eri\u011finde, ba\u011flama d\u00fczeni tekni\u011fine uygun t\u00fcrk\u00fclere yer verilmi\u015ftir. Metotta olabildi\u011fi kadar basit melodiler, prati\u011fi geli\u015ftirici \u015fekilde t\u00fcrk\u00fcler s\u0131ralanm\u0131\u015ft\u0131r. Al\u0131\u015ft\u0131rmalar, t\u00fcrk\u00fclerin daha keyifli \u00e7al\u0131nmas\u0131n\u0131 ama\u00e7lamaktad\u0131r. Bu nedenle \u00e7al\u0131\u015fmalar daha titiz ve \u00f6zenli olmal\u0131d\u0131r. Ayr\u0131ca temel nota bilgilerine, kolay uygulanabilir ezgilere ve prati\u011fi geli\u015ftirici al\u0131\u015ft\u0131rmalara yer verilmi\u015ftir.Bu kitab\u0131n hem hobi hem de akademik olarak ilgilenenlerin yararlanaca\u011f\u0131 d\u00fczeyde olmas\u0131na dikkat edilmi\u015ftir.Metot yeni ba\u015flayanlar\u0131n oldu\u011fu kadar, G\u00fczel Sanatlar Lisesi ve m\u00fczik e\u011fitimi veren kurumlar\u0131n da yararlanaca\u011f\u0131 d\u00fczeyde yaz\u0131lm\u0131\u015ft\u0131r.M\u00fczi\u011fin sihirli etkisini ve g\u00fczelli\u011fini, t\u00fcm ruhunuzda hissederek ya\u015famak ve ba\u015farmak dile\u011fiyle&#8230;<\/p>\n","protected":false},"excerpt":{"rendered":"<p>1965, Sivas do\u011fumludur. 26 y\u0131ld\u0131r ba\u011flama e\u011fitmenli\u011fi yapmaktad\u0131r. Bu bilgi birikimini ve e\u011fitim faaliyetlerini aktif olarak Do\u011fan Elmal\u0131 Sanat Merkezi ve Mavi M\u00fczik Sanat Merkezinde s\u00fcrd\u00fcrmektedir.Kendisi<span class=\"excerpt-hellip\"> [\u2026]<\/span><\/p>\n","protected":false},"featured_media":0,"template":"","meta":{"_monsterinsights_skip_tracking":false,"_monsterinsights_sitenote_active":false,"_monsterinsights_sitenote_note":"","_monsterinsights_sitenote_category":0},"product_brand":[],"product_cat":[14556,14557],"product_tag":[],"class_list":{"0":"post-729776","1":"product","2":"type-product","3":"status-publish","5":"product_cat-muzik","6":"product_cat-nota-kitaplari","7":"pa_cilt-ciltsiz","8":"pa_tur-kitap","9":"pa_yayinevi-beste-yayinlari","10":"pa_yazar-dogan-elmali","12":"first","13":"instock","14":"sale","15":"shipping-taxable","16":"purchasable","17":"product-type-simple"},"_links":{"self":[{"href":"https:\/\/roveyayinevi.com.tr\/index.php\/wp-json\/wp\/v2\/product\/729776","targetHints":{"allow":["GET"]}}],"collection":[{"href":"https:\/\/roveyayinevi.com.tr\/index.php\/wp-json\/wp\/v2\/product"}],"about":[{"href":"https:\/\/roveyayinevi.com.tr\/index.php\/wp-json\/wp\/v2\/types\/product"}],"wp:attachment":[{"href":"https:\/\/roveyayinevi.com.tr\/index.php\/wp-json\/wp\/v2\/media?parent=729776"}],"wp:term":[{"taxonomy":"product_brand","embeddable":true,"href":"https:\/\/roveyayinevi.com.tr\/index.php\/wp-json\/wp\/v2\/product_brand?post=729776"},{"taxonomy":"product_cat","embeddable":true,"href":"https:\/\/roveyayinevi.com.tr\/index.php\/wp-json\/wp\/v2\/product_cat?post=729776"},{"taxonomy":"product_tag","embeddable":true,"href":"https:\/\/roveyayinevi.com.tr\/index.php\/wp-json\/wp\/v2\/product_tag?post=729776"}],"curies":[{"name":"wp","href":"https:\/\/api.w.org\/{rel}","templated":true}]}}