{"id":729775,"date":"2025-08-27T21:02:18","date_gmt":"2025-08-27T18:02:18","guid":{"rendered":"https:\/\/roveyayinevi.com.tr\/index.php\/urun\/secme-siirler-3\/"},"modified":"2026-04-16T02:37:33","modified_gmt":"2026-04-15T23:37:33","slug":"secme-siirler-3","status":"publish","type":"product","link":"https:\/\/roveyayinevi.com.tr\/index.php\/urun\/secme-siirler-3\/","title":{"rendered":"Se\u00e7me \u015eiirler"},"content":{"rendered":"<p>Bir \u00e7ocuk Orhan\u2019\u0131n \u015fiirlerini okumu\u015fsa i\u00e7i titremeden, g\u00f6z\u00fc ya\u015farmadan insana, a\u011faca, ku\u015fa, ta\u015fa, topra\u011fa, Ankara\u2019ya, \u0130stanbul\u2019a bakamaz; kald\u0131r\u0131m\u0131na t\u00fck\u00fcremez, a\u011fac\u0131n\u0131 kesemez\u2026\u201d Sait Faik Abas\u0131yan\u0131k   Orhan Veli\u2019nin \u015fiirleriyle bir ba\u015fka sevdik \u0130stanbul\u2019u; oltam\u0131z\u0131 att\u0131k denize, bir \u00fc\u015f\u00fc\u015f\u00fcverdi bal\u0131klar, denizi g\u00f6rd\u00fck. Onun dizeleriyle bakt\u0131k Galata K\u00f6pr\u00fcs\u00fc\u2019ne, kasap kedileriyle sokak kedilerinin fark\u0131n\u0131 sezdik. T\u00fcrk \u015fiirine yal\u0131nl\u0131\u011f\u0131 getiren, s\u0131radan insan\u0131 \u015fiirlerine konu ederek yeni bir ak\u0131m ba\u015flatan Orhan Veli\u2019nin unutulmaz dizeleri ill\u00fcstrat\u00f6r Sadi Tekin\u2019in \u00e7izimleriyle bulu\u015ftu. Kediler, ku\u015flar, bal\u0131klar renklendi; se\u00e7me \u015fiirler \u00e7ocuklar\u0131n ba\u015f ucuna kondu<\/p>\n","protected":false},"excerpt":{"rendered":"<p>Bir \u00e7ocuk Orhan\u2019\u0131n \u015fiirlerini okumu\u015fsa i\u00e7i titremeden, g\u00f6z\u00fc ya\u015farmadan insana, a\u011faca, ku\u015fa, ta\u015fa, topra\u011fa, Ankara\u2019ya, \u0130stanbul\u2019a bakamaz; kald\u0131r\u0131m\u0131na t\u00fck\u00fcremez, a\u011fac\u0131n\u0131 kesemez\u2026\u201d Sait Faik Abas\u0131yan\u0131k Orhan Veli\u2019nin<span class=\"excerpt-hellip\"> [\u2026]<\/span><\/p>\n","protected":false},"featured_media":0,"template":"","meta":{"_monsterinsights_skip_tracking":false,"_monsterinsights_sitenote_active":false,"_monsterinsights_sitenote_note":"","_monsterinsights_sitenote_category":0},"product_brand":[],"product_cat":[12913,12274],"product_tag":[],"class_list":{"0":"post-729775","1":"product","2":"type-product","3":"status-publish","5":"product_cat-3-6-yas-kitaplari","6":"product_cat-cocuk-ve-genclik-kitaplari","7":"pa_cilt-ciltsiz","8":"pa_tur-kitap","9":"pa_yayinevi-kirmizi-kedi-yayinevi","10":"pa_yazar-orhan-veli-kanik","12":"first","13":"instock","14":"sale","15":"shipping-taxable","16":"purchasable","17":"product-type-simple"},"_links":{"self":[{"href":"https:\/\/roveyayinevi.com.tr\/index.php\/wp-json\/wp\/v2\/product\/729775","targetHints":{"allow":["GET"]}}],"collection":[{"href":"https:\/\/roveyayinevi.com.tr\/index.php\/wp-json\/wp\/v2\/product"}],"about":[{"href":"https:\/\/roveyayinevi.com.tr\/index.php\/wp-json\/wp\/v2\/types\/product"}],"wp:attachment":[{"href":"https:\/\/roveyayinevi.com.tr\/index.php\/wp-json\/wp\/v2\/media?parent=729775"}],"wp:term":[{"taxonomy":"product_brand","embeddable":true,"href":"https:\/\/roveyayinevi.com.tr\/index.php\/wp-json\/wp\/v2\/product_brand?post=729775"},{"taxonomy":"product_cat","embeddable":true,"href":"https:\/\/roveyayinevi.com.tr\/index.php\/wp-json\/wp\/v2\/product_cat?post=729775"},{"taxonomy":"product_tag","embeddable":true,"href":"https:\/\/roveyayinevi.com.tr\/index.php\/wp-json\/wp\/v2\/product_tag?post=729775"}],"curies":[{"name":"wp","href":"https:\/\/api.w.org\/{rel}","templated":true}]}}