{"id":729774,"date":"2025-08-27T21:02:16","date_gmt":"2025-08-27T18:02:16","guid":{"rendered":"https:\/\/roveyayinevi.com.tr\/index.php\/urun\/yeryuzune-bakan-teleskop\/"},"modified":"2026-04-16T02:37:33","modified_gmt":"2026-04-15T23:37:33","slug":"yeryuzune-bakan-teleskop","status":"publish","type":"product","link":"https:\/\/roveyayinevi.com.tr\/index.php\/urun\/yeryuzune-bakan-teleskop\/","title":{"rendered":"Yery\u00fcz\u00fcne Bakan Teleskop"},"content":{"rendered":"<p>Yery\u00fcz\u00fcne Bakan Teleskop A. Or\u00e7un Can\u2019\u0131n yazd\u0131\u011f\u0131, Buket Topako\u011flu\u2019nun resimledi\u011fi G\u00f6ky\u00fcz\u00fcne D\u00fc\u015fen K\u0131z ve Yery\u00fcz\u00fcnden Gelen Adam kitaplar\u0131n\u0131n devam\u0131\u2026 Bu defa G\u00f6ky\u00fcz\u00fc Krall\u0131\u011f\u0131\u2019nda acaba ne maceralar bekliyor kahramanlar\u0131m\u0131z\u0131? K\u00f6t\u00fc Prenses Lin ne yapmakta, ya ortal\u0131ktan kaybolan Aksel ve di\u011fer \u00e7ocuklar\u0131n ba\u015f\u0131na ne geldi? Yery\u00fcz\u00fcnden g\u00f6ky\u00fcz\u00fcne giden Nil kay\u0131p \u00e7ocuklar\u0131n ba\u015flar\u0131na ne geldi\u011fini \u00f6\u011frenebilecek ve Aksel\u2019i kurtarabilecek mi? Bu kitapta da evrende birbirine benzeyen ama birbirinden farkl\u0131 \u015feylerin bir araya geldi\u011finde neler olabilece\u011fine tan\u0131k olaca\u011f\u0131z. <\/p>\n","protected":false},"excerpt":{"rendered":"<p>Yery\u00fcz\u00fcne Bakan Teleskop A. Or\u00e7un Can\u2019\u0131n yazd\u0131\u011f\u0131, Buket Topako\u011flu\u2019nun resimledi\u011fi G\u00f6ky\u00fcz\u00fcne D\u00fc\u015fen K\u0131z ve Yery\u00fcz\u00fcnden Gelen Adam kitaplar\u0131n\u0131n devam\u0131\u2026 Bu defa G\u00f6ky\u00fcz\u00fc Krall\u0131\u011f\u0131\u2019nda acaba ne maceralar<span class=\"excerpt-hellip\"> [\u2026]<\/span><\/p>\n","protected":false},"featured_media":0,"template":"","meta":{"_monsterinsights_skip_tracking":false,"_monsterinsights_sitenote_active":false,"_monsterinsights_sitenote_note":"","_monsterinsights_sitenote_category":0},"product_brand":[],"product_cat":[12275,12274],"product_tag":[],"class_list":{"0":"post-729774","1":"product","2":"type-product","3":"status-publish","5":"product_cat-6-12-yas-kitaplari","6":"product_cat-cocuk-ve-genclik-kitaplari","7":"pa_cilt-ciltsiz","8":"pa_tur-kitap","9":"pa_yayinevi-yapi-kredi-yayinlari","10":"pa_yazar-a-orcun-can","12":"first","13":"instock","14":"sale","15":"shipping-taxable","16":"purchasable","17":"product-type-simple"},"_links":{"self":[{"href":"https:\/\/roveyayinevi.com.tr\/index.php\/wp-json\/wp\/v2\/product\/729774","targetHints":{"allow":["GET"]}}],"collection":[{"href":"https:\/\/roveyayinevi.com.tr\/index.php\/wp-json\/wp\/v2\/product"}],"about":[{"href":"https:\/\/roveyayinevi.com.tr\/index.php\/wp-json\/wp\/v2\/types\/product"}],"wp:attachment":[{"href":"https:\/\/roveyayinevi.com.tr\/index.php\/wp-json\/wp\/v2\/media?parent=729774"}],"wp:term":[{"taxonomy":"product_brand","embeddable":true,"href":"https:\/\/roveyayinevi.com.tr\/index.php\/wp-json\/wp\/v2\/product_brand?post=729774"},{"taxonomy":"product_cat","embeddable":true,"href":"https:\/\/roveyayinevi.com.tr\/index.php\/wp-json\/wp\/v2\/product_cat?post=729774"},{"taxonomy":"product_tag","embeddable":true,"href":"https:\/\/roveyayinevi.com.tr\/index.php\/wp-json\/wp\/v2\/product_tag?post=729774"}],"curies":[{"name":"wp","href":"https:\/\/api.w.org\/{rel}","templated":true}]}}