{"id":729771,"date":"2025-08-27T21:02:13","date_gmt":"2025-08-27T18:02:13","guid":{"rendered":"https:\/\/roveyayinevi.com.tr\/index.php\/urun\/piyano-icin-makamsal-minyaturler\/"},"modified":"2026-04-16T02:37:33","modified_gmt":"2026-04-15T23:37:33","slug":"piyano-icin-makamsal-minyaturler","status":"publish","type":"product","link":"https:\/\/roveyayinevi.com.tr\/index.php\/urun\/piyano-icin-makamsal-minyaturler\/","title":{"rendered":"Piyano \u0130\u00e7in Makamsal Minyat\u00fcrler"},"content":{"rendered":"<p>Bu kitapta makamsal yap\u0131da ve k\u00fc\u00e7\u00fck \u00f6l\u00e7ekli 13 \u00f6zg\u00fcn eser bulunmaktad\u0131r. Eserler hem piyano \u00f6\u011frencilerinin teknik ve m\u00fczikal geli\u015fimine katk\u0131 sa\u011flayacak hem de makamsal tonlar\u0131n en belirgin \u00f6zelliklerini duyuracak \u015fekilde haz\u0131rlanm\u0131\u015ft\u0131r. Bu bak\u0131mdan \u00e7o\u011funlukla d\u00f6rtl\u00fc armoni, bazen de \u00fc\u00e7l\u00fc ve d\u00f6rtl\u00fc armoninin birlikte kullan\u0131lmas\u0131yla bestelenmi\u015ftir. Kitapta Nihavent, H\u00fcseyni, Karc\u0131\u011far, Hicaz, K\u00fcrdi, Nikriz ve Seg\u00e2h makamlar\u0131ndan \u00f6rnekler sunulmu\u015ftur. Hem amat\u00f6r hem mesleki piyano e\u011fitimine katk\u0131 sa\u011flamas\u0131 ama\u00e7lanan bu kitaptaki eserleri, ilk sayfalar\u0131nda yer alan QR kodlar\u0131ndan yararlanarak dinlemek m\u00fcmk\u00fcnd\u00fcr. Kitaptaki eserlerin b\u00fct\u00fcn piyano e\u011fitimcileri ve \u00f6\u011frencileri taraf\u0131ndan sevilerek seslendirilmesi dile\u011fiyle\u2026 <\/p>\n","protected":false},"excerpt":{"rendered":"<p>Bu kitapta makamsal yap\u0131da ve k\u00fc\u00e7\u00fck \u00f6l\u00e7ekli 13 \u00f6zg\u00fcn eser bulunmaktad\u0131r. Eserler hem piyano \u00f6\u011frencilerinin teknik ve m\u00fczikal geli\u015fimine katk\u0131 sa\u011flayacak hem de makamsal tonlar\u0131n en<span class=\"excerpt-hellip\"> [\u2026]<\/span><\/p>\n","protected":false},"featured_media":0,"template":"","meta":{"_monsterinsights_skip_tracking":false,"_monsterinsights_sitenote_active":false,"_monsterinsights_sitenote_note":"","_monsterinsights_sitenote_category":0},"product_brand":[],"product_cat":[14556,20810],"product_tag":[],"class_list":{"0":"post-729771","1":"product","2":"type-product","3":"status-publish","5":"product_cat-muzik","6":"product_cat-ogrenim-kitaplari","7":"pa_cilt-ciltsiz","8":"pa_tur-kitap","9":"pa_yayinevi-muzik-egitimi-yayinlari","10":"pa_yazar-cagla-serin-ozparlak","12":"first","13":"instock","14":"sale","15":"shipping-taxable","16":"purchasable","17":"product-type-simple"},"_links":{"self":[{"href":"https:\/\/roveyayinevi.com.tr\/index.php\/wp-json\/wp\/v2\/product\/729771","targetHints":{"allow":["GET"]}}],"collection":[{"href":"https:\/\/roveyayinevi.com.tr\/index.php\/wp-json\/wp\/v2\/product"}],"about":[{"href":"https:\/\/roveyayinevi.com.tr\/index.php\/wp-json\/wp\/v2\/types\/product"}],"wp:attachment":[{"href":"https:\/\/roveyayinevi.com.tr\/index.php\/wp-json\/wp\/v2\/media?parent=729771"}],"wp:term":[{"taxonomy":"product_brand","embeddable":true,"href":"https:\/\/roveyayinevi.com.tr\/index.php\/wp-json\/wp\/v2\/product_brand?post=729771"},{"taxonomy":"product_cat","embeddable":true,"href":"https:\/\/roveyayinevi.com.tr\/index.php\/wp-json\/wp\/v2\/product_cat?post=729771"},{"taxonomy":"product_tag","embeddable":true,"href":"https:\/\/roveyayinevi.com.tr\/index.php\/wp-json\/wp\/v2\/product_tag?post=729771"}],"curies":[{"name":"wp","href":"https:\/\/api.w.org\/{rel}","templated":true}]}}