{"id":729769,"date":"2025-08-27T21:02:11","date_gmt":"2025-08-27T18:02:11","guid":{"rendered":"https:\/\/roveyayinevi.com.tr\/index.php\/urun\/feminist-dusunce-kapsamli-bir-giris\/"},"modified":"2026-04-16T02:37:33","modified_gmt":"2026-04-15T23:37:33","slug":"feminist-dusunce-kapsamli-bir-giris","status":"publish","type":"product","link":"https:\/\/roveyayinevi.com.tr\/index.php\/urun\/feminist-dusunce-kapsamli-bir-giris\/","title":{"rendered":"Feminist D\u00fc\u015f\u00fcnce: Kapsaml\u0131 Bir Giri\u015f"},"content":{"rendered":"<p>E\u011fitim ve oy hakk\u0131 gibi temel kazan\u0131mlardan emek sorunu, k\u00fcrtaj hakk\u0131, e\u015fit i\u015fe e\u015fit \u00fccret m\u00fccadelesine evrilen feminist hareket ve d\u00fc\u015f\u00fcnce, yaln\u0131zca beyaz ve heteroseks\u00fcel kad\u0131nlar\u0131n toplumsal cinsiyet e\u015fitsizli\u011fi nedeniyle maruz kald\u0131klar\u0131 dezavantajlara ba\u015fkald\u0131rman\u0131n s\u0131n\u0131rlar\u0131n\u0131 \u00f6zellikle k\u00f6lelik ve s\u00f6m\u00fcrgecilik kar\u015f\u0131t\u0131 hareketlerin de etkisiyle a\u015farak bug\u00fcn art\u0131k \u00e7ok farkl\u0131 d\u00fczeylerde tart\u0131\u015f\u0131lmaktad\u0131r. Ancak bu \u00e7o\u011fulla\u015fma do\u011fal olarak \u00e7e\u015fitli sorular\u0131 da beraberinde getirmektedir; \u00f6rne\u011fin farkl\u0131 co\u011frafyalardan ve k\u00fclt\u00fcrlerden feminist hareketlerin pornografi ve seks i\u015f\u00e7ili\u011fi kar\u015f\u0131s\u0131ndaki duru\u015fu nedir? Feminist m\u00fccadele iktidar ili\u015fkilerinin mi, biyolojik ger\u00e7ekli\u011fin mi, ataerkinin mi, kendini kad\u0131n olarak tan\u0131mlayan herkesin mi, yoksa y\u00fczy\u0131llard\u0131r s\u00fcren kad\u0131n haklar\u0131 sava\u015f\u0131nda bedenini, ruhunu ve dehas\u0131n\u0131 ortaya koyan t\u00fcm insanlar\u0131n m\u0131 eseridir?Rosemarie Tong ve Tina Fernandes Botts Feminist D\u00fc\u015f\u00fcnce&#8217;nin geni\u015fletilmi\u015f ve g\u00fcncellenmi\u015f bu yeni edisyonunda liberal feminizmden radikal feminizme, Marksist ve sosyalist feminizmlerden bak\u0131m\/\u00f6zen-odakl\u0131 feminizme, psikanalitik feminizmden ekofeminizme, \u00fc\u00e7\u00fcnc\u00fc dalgaya ve queer feminizmlere uzanan kad\u0131n m\u00fccadelesinin \u00e7ok y\u00f6nl\u00fc, \u00e7ok katmanl\u0131 boyutlar\u0131n\u0131 \u00e7apraz sorguya ve ele\u015ftiriye tabi tutuyor. Feminist m\u00fccadelenin kazan\u0131mlar\u0131ndan y\u00fckselmeye \u00e7al\u0131\u015ft\u0131k\u00e7a &#8220;cam tavan&#8221;a \u00e7arpan kad\u0131nlara, ev i\u00e7i eme\u011fin de\u011feri tart\u0131\u015fmas\u0131na, kad\u0131n ve do\u011fa aras\u0131ndaki ontolojik ba\u011flara, annelik eti\u011fine, kesi\u015fimselli\u011fe uzanan feminist k\u00fclliyat\u0131, m\u00fccadele t\u00fcm \u015fiddetiyle s\u00fcrerken kayda ge\u00e7iriyor.Suyun \u00e7atla\u011f\u0131n\u0131 buldu\u011fu gibi, eril tahakk\u00fcm\u00fcn fay hatlar\u0131na s\u0131zan; g\u00fcc\u00fcn\u00fc, s\u00f6ylemini ve kararl\u0131l\u0131\u011f\u0131n\u0131 evden, sokaktan, fabrika ve \u00fcniversitelerden y\u00fckselen seslerden almay\u0131 s\u00fcrd\u00fcren feminist d\u00fc\u015f\u00fcnceye dair g\u00fcncel bir kaynak&#8230;<\/p>\n","protected":false},"excerpt":{"rendered":"<p>E\u011fitim ve oy hakk\u0131 gibi temel kazan\u0131mlardan emek sorunu, k\u00fcrtaj hakk\u0131, e\u015fit i\u015fe e\u015fit \u00fccret m\u00fccadelesine evrilen feminist hareket ve d\u00fc\u015f\u00fcnce, yaln\u0131zca beyaz ve heteroseks\u00fcel kad\u0131nlar\u0131n<span class=\"excerpt-hellip\"> [\u2026]<\/span><\/p>\n","protected":false},"featured_media":0,"template":"","meta":{"_monsterinsights_skip_tracking":false,"_monsterinsights_sitenote_active":false,"_monsterinsights_sitenote_note":"","_monsterinsights_sitenote_category":0},"product_brand":[],"product_cat":[13548,12408],"product_tag":[],"class_list":{"0":"post-729769","1":"product","2":"type-product","3":"status-publish","5":"product_cat-kuram","6":"product_cat-sanat","7":"pa_cilt-ciltsiz","8":"pa_tur-kitap","9":"pa_yayinevi-sel-yayincilik","10":"pa_yazar-rosemarie-tong-tina-fernandes-botts","12":"first","13":"instock","14":"sale","15":"shipping-taxable","16":"purchasable","17":"product-type-simple"},"_links":{"self":[{"href":"https:\/\/roveyayinevi.com.tr\/index.php\/wp-json\/wp\/v2\/product\/729769","targetHints":{"allow":["GET"]}}],"collection":[{"href":"https:\/\/roveyayinevi.com.tr\/index.php\/wp-json\/wp\/v2\/product"}],"about":[{"href":"https:\/\/roveyayinevi.com.tr\/index.php\/wp-json\/wp\/v2\/types\/product"}],"wp:attachment":[{"href":"https:\/\/roveyayinevi.com.tr\/index.php\/wp-json\/wp\/v2\/media?parent=729769"}],"wp:term":[{"taxonomy":"product_brand","embeddable":true,"href":"https:\/\/roveyayinevi.com.tr\/index.php\/wp-json\/wp\/v2\/product_brand?post=729769"},{"taxonomy":"product_cat","embeddable":true,"href":"https:\/\/roveyayinevi.com.tr\/index.php\/wp-json\/wp\/v2\/product_cat?post=729769"},{"taxonomy":"product_tag","embeddable":true,"href":"https:\/\/roveyayinevi.com.tr\/index.php\/wp-json\/wp\/v2\/product_tag?post=729769"}],"curies":[{"name":"wp","href":"https:\/\/api.w.org\/{rel}","templated":true}]}}