{"id":729766,"date":"2025-08-27T21:02:08","date_gmt":"2025-08-27T18:02:08","guid":{"rendered":"https:\/\/roveyayinevi.com.tr\/index.php\/urun\/beyoglunda-bir-levanten-giovanni-scogna-millo\/"},"modified":"2025-12-30T10:38:39","modified_gmt":"2025-12-30T07:38:39","slug":"beyoglunda-bir-levanten-giovanni-scogna-millo","status":"publish","type":"product","link":"https:\/\/roveyayinevi.com.tr\/index.php\/urun\/beyoglunda-bir-levanten-giovanni-scogna-millo\/","title":{"rendered":"Beyo\u011flu&#8217;nda Bir Levanten Giovanni Scogna-millo"},"content":{"rendered":"<p>Elinizdeki bu kitap, Giovanni Scognamillo\u2019nun sa\u011fl\u0131\u011f\u0131nda yaz\u0131ld\u0131. Bu sebeple baz\u0131 foto\u011fraf altlar\u0131nda, kitab\u0131m\u0131 yazarken benim sorular\u0131ma verdi\u011fi cevaplar yer almaktad\u0131r, bu sizi \u015fa\u015f\u0131rtmas\u0131n. Ne yaz\u0131k ki kitab\u0131, onun sa\u011fl\u0131\u011f\u0131nda \u00e7\u0131karamad\u0131m. S\u0131k s\u0131k sorard\u0131, \u201cG\u00fcl\u015fah, kitab\u0131 ne yapt\u0131n?\u201d diye.   Merakla bekledi\u011fi kitab\u0131n nihayet bas\u0131ld\u0131\u011f\u0131n\u0131 g\u00f6rmesini \u00e7ok ama \u00e7ok isterdim.   Bu foto\u011fraflar Giovanni Scognamillo\u2019nun bebekli\u011finden ba\u015fl\u0131yor, \u00e7ocuklu\u011fundaki Taksim\u2019i, Beyo\u011flu\u2019nu, eski sinemalar\u0131, Ye\u015fil\u00e7am\u2019\u0131, ge\u00e7mi\u015f d\u00f6nemlerde ya\u015fam\u0131\u015f insanlar\u0131n hayatlar\u0131n\u0131 ve hem de T\u00fcrk Sinemas\u0131\u2019n\u0131n bug\u00fcnlere geli\u015f s\u00fcrecinin baz\u0131 k\u0131s\u0131mlar\u0131n\u0131 anlat\u0131yor.   Gio tarihi bir \u015fahsiyet olmaktan \u00f6te, bizzat kendisi bir tarih\u2026 <\/p>\n","protected":false},"excerpt":{"rendered":"<p>Elinizdeki bu kitap, Giovanni Scognamillo\u2019nun sa\u011fl\u0131\u011f\u0131nda yaz\u0131ld\u0131. Bu sebeple baz\u0131 foto\u011fraf altlar\u0131nda, kitab\u0131m\u0131 yazarken benim sorular\u0131ma verdi\u011fi cevaplar yer almaktad\u0131r, bu sizi \u015fa\u015f\u0131rtmas\u0131n. Ne yaz\u0131k ki<span class=\"excerpt-hellip\"> [\u2026]<\/span><\/p>\n","protected":false},"featured_media":0,"template":"","meta":{"_monsterinsights_skip_tracking":false,"_monsterinsights_sitenote_active":false,"_monsterinsights_sitenote_note":"","_monsterinsights_sitenote_category":0},"product_brand":[],"product_cat":[12409,12408],"product_tag":[],"class_list":{"0":"post-729766","1":"product","2":"type-product","3":"status-publish","5":"product_cat-fotograf-sinema-tiyatro","6":"product_cat-sanat","7":"pa_cilt-ciltsiz","8":"pa_tur-kitap","9":"pa_yayinevi-biyografi-net-yayincilik","10":"pa_yazar-gulsah-nezaket-marasli-goc","12":"first","13":"instock","14":"sale","15":"shipping-taxable","16":"purchasable","17":"product-type-simple"},"_links":{"self":[{"href":"https:\/\/roveyayinevi.com.tr\/index.php\/wp-json\/wp\/v2\/product\/729766","targetHints":{"allow":["GET"]}}],"collection":[{"href":"https:\/\/roveyayinevi.com.tr\/index.php\/wp-json\/wp\/v2\/product"}],"about":[{"href":"https:\/\/roveyayinevi.com.tr\/index.php\/wp-json\/wp\/v2\/types\/product"}],"wp:attachment":[{"href":"https:\/\/roveyayinevi.com.tr\/index.php\/wp-json\/wp\/v2\/media?parent=729766"}],"wp:term":[{"taxonomy":"product_brand","embeddable":true,"href":"https:\/\/roveyayinevi.com.tr\/index.php\/wp-json\/wp\/v2\/product_brand?post=729766"},{"taxonomy":"product_cat","embeddable":true,"href":"https:\/\/roveyayinevi.com.tr\/index.php\/wp-json\/wp\/v2\/product_cat?post=729766"},{"taxonomy":"product_tag","embeddable":true,"href":"https:\/\/roveyayinevi.com.tr\/index.php\/wp-json\/wp\/v2\/product_tag?post=729766"}],"curies":[{"name":"wp","href":"https:\/\/api.w.org\/{rel}","templated":true}]}}