{"id":729765,"date":"2025-08-27T21:02:07","date_gmt":"2025-08-27T18:02:07","guid":{"rendered":"https:\/\/roveyayinevi.com.tr\/index.php\/urun\/okul-oncesi-donemde-cocuklari-degerlendirme-ve-tanima-teknikleri\/"},"modified":"2026-04-16T02:37:33","modified_gmt":"2026-04-15T23:37:33","slug":"okul-oncesi-donemde-cocuklari-degerlendirme-ve-tanima-teknikleri","status":"publish","type":"product","link":"https:\/\/roveyayinevi.com.tr\/index.php\/urun\/okul-oncesi-donemde-cocuklari-degerlendirme-ve-tanima-teknikleri\/","title":{"rendered":"Okul \u00d6ncesi D\u00f6nemde \u00c7ocuklar\u0131 De\u011ferlendirme ve Tan\u0131ma Teknikleri"},"content":{"rendered":"<p>Ailelerin, bebeklik evresinden ba\u015flayarak \u00e7ocuklar\u0131n duygu ve d\u00fc\u015f\u00fcnce bilin\u00e7lenmesinde sorumluluk \u00fcstlenmesi gerekir. Nitelikli kitaplar, \u00e7ocuklar\u0131n duygu ve d\u00fc\u015f\u00fcnce boyutlu ya\u015fant\u0131lar edinmesine, okul ve toplumsal yasamdaki ba\u015far\u0131lar\u0131na katk\u0131 sa\u011flayacak en \u00f6nemli ara\u00e7lard\u0131r.\u201c\u00c7ocuk ve Kitap\u201d, \u00e7ocuklar\u0131n kavram tasar\u0131m\u0131 s\u00fcrecini devindirecek, duyu alg\u0131lar\u0131n\u0131 geli\u015ftirecek kitaplar\u0131n niteli\u011fini anlamaya, yordamaya dayal\u0131 bir \u00e7aban\u0131n \u00fcr\u00fcn\u00fcd\u00fcr. Kitaplar\u0131n, g\u00f6rsel ve dilsel birer uyaran olarak \u00e7ocu\u011fun geli\u015fim s\u00fcrecindeki yerinin bilimsel yakla\u015f\u0131m ve sanat\u00e7\u0131 duyarl\u0131\u011f\u0131yla irdelenmesi \u201c\u00c7ocuk ve Kitap\u201d\u0131n en \u00f6zg\u00fcn yan\u0131n\u0131 olu\u015fturmaktad\u0131r.\u00c7ocuk-kitap ili\u015fkisinin niteli\u011fini etkileyen bir\u00e7ok de\u011fi\u015fkenin uzman ve sanat\u00e7\u0131 bak\u0131\u015f a\u00e7\u0131s\u0131yla incelenmesinin, \u00fclkemizdeki \u00e7ocuk edebiyat\u0131 ve okuma k\u00fclt\u00fcr\u00fcn\u00fcn yap\u0131lanmas\u0131na y\u00f6nelik tart\u0131\u015fmalara ivme kazand\u0131raca\u011f\u0131n\u0131 d\u00fc\u015f\u00fcn\u00fcyor; \u00c7ocuk ve Kitap\u2019ta d\u00fc\u015f\u00fcncelerini, ya\u015fant\u0131lar\u0131n\u0131, duyarl\u0131klar\u0131n\u0131 paylasan t\u00fcm sanat\u00e7\u0131 ve uzmanlar\u0131 i\u00e7tenlikle kutluyorum<\/p>\n","protected":false},"excerpt":{"rendered":"<p>Ailelerin, bebeklik evresinden ba\u015flayarak \u00e7ocuklar\u0131n duygu ve d\u00fc\u015f\u00fcnce bilin\u00e7lenmesinde sorumluluk \u00fcstlenmesi gerekir. Nitelikli kitaplar, \u00e7ocuklar\u0131n duygu ve d\u00fc\u015f\u00fcnce boyutlu ya\u015fant\u0131lar edinmesine, okul ve toplumsal yasamdaki ba\u015far\u0131lar\u0131na<span class=\"excerpt-hellip\"> [\u2026]<\/span><\/p>\n","protected":false},"featured_media":0,"template":"","meta":{"_monsterinsights_skip_tracking":false,"_monsterinsights_sitenote_active":false,"_monsterinsights_sitenote_note":"","_monsterinsights_sitenote_category":0},"product_brand":[],"product_cat":[12679,12357],"product_tag":[],"class_list":{"0":"post-729765","1":"product","2":"type-product","3":"status-publish","5":"product_cat-cocuk-psikolojisi","6":"product_cat-psikoloji","7":"pa_cilt-ciltsiz","8":"pa_tur-kitap","9":"pa_yayinevi-egiten-kitap","10":"pa_yazar-alev-onder","12":"first","13":"instock","14":"sale","15":"shipping-taxable","16":"purchasable","17":"product-type-simple"},"_links":{"self":[{"href":"https:\/\/roveyayinevi.com.tr\/index.php\/wp-json\/wp\/v2\/product\/729765","targetHints":{"allow":["GET"]}}],"collection":[{"href":"https:\/\/roveyayinevi.com.tr\/index.php\/wp-json\/wp\/v2\/product"}],"about":[{"href":"https:\/\/roveyayinevi.com.tr\/index.php\/wp-json\/wp\/v2\/types\/product"}],"wp:attachment":[{"href":"https:\/\/roveyayinevi.com.tr\/index.php\/wp-json\/wp\/v2\/media?parent=729765"}],"wp:term":[{"taxonomy":"product_brand","embeddable":true,"href":"https:\/\/roveyayinevi.com.tr\/index.php\/wp-json\/wp\/v2\/product_brand?post=729765"},{"taxonomy":"product_cat","embeddable":true,"href":"https:\/\/roveyayinevi.com.tr\/index.php\/wp-json\/wp\/v2\/product_cat?post=729765"},{"taxonomy":"product_tag","embeddable":true,"href":"https:\/\/roveyayinevi.com.tr\/index.php\/wp-json\/wp\/v2\/product_tag?post=729765"}],"curies":[{"name":"wp","href":"https:\/\/api.w.org\/{rel}","templated":true}]}}