{"id":729764,"date":"2025-08-27T21:02:06","date_gmt":"2025-08-27T18:02:06","guid":{"rendered":"https:\/\/roveyayinevi.com.tr\/index.php\/urun\/kadin-dedi-ki\/"},"modified":"2026-04-16T02:37:33","modified_gmt":"2026-04-15T23:37:33","slug":"kadin-dedi-ki","status":"publish","type":"product","link":"https:\/\/roveyayinevi.com.tr\/index.php\/urun\/kadin-dedi-ki\/","title":{"rendered":"Kad\u0131n Dedi ki"},"content":{"rendered":"<p>&#8220;Utand\u0131\u011f\u0131m i\u00e7in sessiz kalaca\u011f\u0131m\u0131 d\u00fc\u015f\u00fcnm\u00fc\u015ft\u00fc.&#8221; &#8220;Bir hi\u00e7tim, daha \u00e7ocuktum, bana i\u015f verilmi\u015fti. Ta\u015f kesilmi\u015ftim, beni kovaca\u011f\u0131n\u0131 sand\u0131m.&#8221; &#8220;&#8216;Kariyerini mahvedece\u011fim&#8217; minvalinde \u015feyler s\u00f6yledi.&#8221; &#8220;Neden \u00f6ne \u00e7\u0131k\u0131p konu\u015fmuyoruz?&#8221; \u201cAra\u015ft\u0131rman\u0131zda ad\u0131 ge\u00e7en kaynaklardan biri olmaya haz\u0131r\u0131m.\u201d Jodi Kantor ile Megan Twohey Hollywood film yap\u0131mc\u0131s\u0131 Harvey Weinstein&#8217;in i\u015fledi\u011fi cinsel taciz ve istismar su\u00e7lar\u0131n\u0131, uzun s\u00fcren \u00e7al\u0131\u015fmalar sonucunda, ba\u015far\u0131l\u0131 bir ara\u015ft\u0131rmac\u0131 gazetecilik \u00f6rne\u011fi g\u00f6stererek, kan\u0131tlar\u0131yla New York Times&#8217;da yay\u0131mlad\u0131. Bu haber onlara Pulitzer \u00d6d\u00fcl\u00fc\u2019n\u00fc kazand\u0131r\u0131rken, i\u015fledikleri su\u00e7lar\u0131n yanlar\u0131na k\u00e2r kalaca\u011f\u0131n\u0131 d\u00fc\u015f\u00fcnenlerin ceza almalar\u0131n\u0131 sa\u011flayan bir \u00f6rnek olarak #MeToo hareketine ilham verdi. Erkeklerin \u00f6zellikle sosyal ve ekonomik konumlar\u0131n\u0131n g\u00fcc\u00fcn\u00fc kullanarak yapt\u0131klar\u0131 cinsel taciz ve istismarlara kar\u015f\u0131 bir tepki olarak geli\u015fen #MeToo Hareketi t\u00fcm d\u00fcnyaya dalga dalga yay\u0131ld\u0131. Bu kitapta Jodi Kantor ile Megan Twohey t\u00fcm bu s\u00fcreci, geli\u015fmelerin perde arkas\u0131n\u0131, hangi y\u00f6ntemlerle \u00e7al\u0131\u015ft\u0131klar\u0131n\u0131 ve \u00e7ok daha fazlas\u0131n\u0131, yine titiz bir gazetecilik \u00f6rne\u011fiyle ortaya koyuyorlar. Ayr\u0131ca kitab\u0131n sonuna ekledikleri, hangi bilgiyi kimden, nas\u0131l ald\u0131klar\u0131n\u0131 belirten &#8220;notlar&#8221; b\u00f6l\u00fcm\u00fc ve dizinle, konuyla ilgili \u00e7al\u0131\u015fma yapacaklar i\u00e7in e\u015fsiz bir kaynak sunuyorlar. \u00d6ns\u00f6z&#8217;den bir b\u00f6l\u00fcm: &#8220;Bu ge\u00e7mi\u015f, onu ya\u015fayan hepimize ait: Kilit alt\u0131ndaki h\u00fck\u00fcmet ve \u015firket s\u0131rlar\u0131yla ilgilenen ara\u015ft\u0131rmac\u0131 gazetecilikten farkl\u0131 olarak, bizim \u00e7al\u0131\u015fmam\u0131z, \u00e7o\u011fumuzun okullardan, ailemizden, i\u015fyerlerimizden ve bizzat kendi hayatlar\u0131m\u0131zdan a\u015fina oldu\u011fumuz tecr\u00fcbelerle alakal\u0131. Fakat bu kitab\u0131 s\u0131f\u0131r noktas\u0131na m\u00fcmk\u00fcn oldu\u011funca daha yak\u0131n olabilmeniz i\u00e7in yazd\u0131k. Ya\u015fananlar\u0131 elverdi\u011fince do\u011frudan ve g\u00fcvenilir bi\u00e7imde aktarabilmek i\u00e7in r\u00f6portajlar\u0131n, e-postalar\u0131n ve di\u011fer birincil dok\u00fcmanlar\u0131n n\u00fcshalar\u0131n\u0131 bu kitaba dahil ettik. Kitapta, Weinstein\u2019le ilgili film y\u0131ld\u0131zlar\u0131yla yapt\u0131\u011f\u0131m\u0131z ilk sohbetlerden notlar, Bob Weinstein\u2019in karde\u015fine yazd\u0131\u011f\u0131 sorgulay\u0131c\u0131 mektup, Ford\u2019un mesajlar\u0131ndan al\u0131nt\u0131lar ve di\u011fer pek \u00e7ok ilk elden kaynak yer al\u0131yor. Payla\u015ft\u0131klar\u0131m\u0131z\u0131n bir k\u0131sm\u0131 asl\u0131nda kay\u0131td\u0131\u015f\u0131 g\u00f6r\u00fc\u015fmelerdi fakat olaylarda yer alan taraflarla tekrar g\u00f6r\u00fc\u015f\u00fcp ek haberler yaparak onlar\u0131 da buraya dahil edebildik. Kay\u0131tlar ve r\u00f6portajlar sayesinde, bizzat \u015fahit olmad\u0131\u011f\u0131m\u0131z olaylarla konu\u015fmalar\u0131 da burada anlatabildik. Bu kitap, bunlar\u0131n hepsiyle Londra\u2019dan Palo Alto\u2019ya kadar uzanan y\u00fczlerce r\u00f6portaj ve kayd\u0131 i\u00e7eren \u00fc\u00e7 y\u0131ll\u0131k bir s\u00fcrece dayan\u0131yor: Notlar k\u0131sm\u0131, hangi bilgiyi hangi kaynak ve kay\u0131tlardan \u00f6\u011frendi\u011fimize dair detayl\u0131 verileri i\u00e7eriyor. Son olarak bu kitap, bu olaylar\u0131 anlamaya \u00e7al\u0131\u015ft\u0131\u011f\u0131m\u0131z s\u00fcre\u00e7te geli\u015ftirdi\u011fimiz ortakl\u0131\u011f\u0131n bir kayd\u0131d\u0131r.&#8221; <\/p>\n","protected":false},"excerpt":{"rendered":"<p>&#8220;Utand\u0131\u011f\u0131m i\u00e7in sessiz kalaca\u011f\u0131m\u0131 d\u00fc\u015f\u00fcnm\u00fc\u015ft\u00fc.&#8221; &#8220;Bir hi\u00e7tim, daha \u00e7ocuktum, bana i\u015f verilmi\u015fti. Ta\u015f kesilmi\u015ftim, beni kovaca\u011f\u0131n\u0131 sand\u0131m.&#8221; &#8220;&#8216;Kariyerini mahvedece\u011fim&#8217; minvalinde \u015feyler s\u00f6yledi.&#8221; &#8220;Neden \u00f6ne \u00e7\u0131k\u0131p konu\u015fmuyoruz?&#8221;<span class=\"excerpt-hellip\"> [\u2026]<\/span><\/p>\n","protected":false},"featured_media":0,"template":"","meta":{"_monsterinsights_skip_tracking":false,"_monsterinsights_sitenote_active":false,"_monsterinsights_sitenote_note":"","_monsterinsights_sitenote_category":0},"product_brand":[],"product_cat":[13252,12324],"product_tag":[],"class_list":{"0":"post-729764","1":"product","2":"type-product","3":"status-publish","5":"product_cat-kadin-calismalari","6":"product_cat-sosyoloji","7":"pa_cilt-ciltsiz","8":"pa_tur-kitap","9":"pa_yayinevi-bilgi-yayinevi","10":"pa_yazar-jodi-kantor-megan-twohey","12":"first","13":"instock","14":"sale","15":"shipping-taxable","16":"purchasable","17":"product-type-simple"},"_links":{"self":[{"href":"https:\/\/roveyayinevi.com.tr\/index.php\/wp-json\/wp\/v2\/product\/729764","targetHints":{"allow":["GET"]}}],"collection":[{"href":"https:\/\/roveyayinevi.com.tr\/index.php\/wp-json\/wp\/v2\/product"}],"about":[{"href":"https:\/\/roveyayinevi.com.tr\/index.php\/wp-json\/wp\/v2\/types\/product"}],"wp:attachment":[{"href":"https:\/\/roveyayinevi.com.tr\/index.php\/wp-json\/wp\/v2\/media?parent=729764"}],"wp:term":[{"taxonomy":"product_brand","embeddable":true,"href":"https:\/\/roveyayinevi.com.tr\/index.php\/wp-json\/wp\/v2\/product_brand?post=729764"},{"taxonomy":"product_cat","embeddable":true,"href":"https:\/\/roveyayinevi.com.tr\/index.php\/wp-json\/wp\/v2\/product_cat?post=729764"},{"taxonomy":"product_tag","embeddable":true,"href":"https:\/\/roveyayinevi.com.tr\/index.php\/wp-json\/wp\/v2\/product_tag?post=729764"}],"curies":[{"name":"wp","href":"https:\/\/api.w.org\/{rel}","templated":true}]}}