{"id":729763,"date":"2025-08-27T21:02:06","date_gmt":"2025-08-27T18:02:06","guid":{"rendered":"https:\/\/roveyayinevi.com.tr\/index.php\/urun\/siyaset-bilimi-6\/"},"modified":"2026-04-16T02:37:33","modified_gmt":"2026-04-15T23:37:33","slug":"siyaset-bilimi-6","status":"publish","type":"product","link":"https:\/\/roveyayinevi.com.tr\/index.php\/urun\/siyaset-bilimi-6\/","title":{"rendered":"Siyaset Bilimi"},"content":{"rendered":"<p>Siyaset Bilimi alan\u0131nda nitelikli, kapsaml\u0131 ve g\u00fcncel T\u00fcrk\u00e7e giri\u015f kitaplar\u0131 konusunda bir bo\u015fluk oldu\u011fu ortada. Siyaset Bilimi: Kavramlar, \u0130deolojiler, Disiplinler Aras\u0131 \u0130li\u015fkiler, i\u015fte bu bo\u015flu\u011fu kapatmaya \u00e7al\u0131\u015f\u0131yor. B\u00fcy\u00fck \u00e7o\u011funlu\u011fu T\u00fcrkiye ve d\u00fcnyan\u0131n k\u00f6kl\u00fc \u00fcniversitelerinde bulunan 35 yazar\u0131n yazd\u0131\u011f\u0131 toplam \u00fc\u00e7 k\u0131s\u0131m ve 40 b\u00f6l\u00fcmden olu\u015fuyor. Birinci k\u0131s\u0131m, \u201cSiyaset Biliminde Temel Kavramlar\u201d ba\u015fl\u0131\u011f\u0131n\u0131 ta\u015f\u0131yor. Siyaset, iktidar gibi daha genel nitelikli kavramlardan kimlik ve hegemonya gibi daha \u00f6zel kavramlara uzanan bu k\u0131s\u0131mda kitap, siyaset bilimi disiplininin temel kavramsal gere\u00e7lerini okuyucuya tan\u0131t\u0131yor. \u0130kinci k\u0131s\u0131mda yazarlar, temel \u201cSiyasal \u0130deolojiler\u201di irdeliyorlar. Liberalizmden \u0130slamc\u0131l\u0131\u011fa, anar\u015fizmden Marksizme kadar 11 farkl\u0131 ideolojiyi inceleyen yazarlar, ayn\u0131 zamanda ideolojinin ve modern siyasal ideolojilerin 18. y\u00fczy\u0131ldan bug\u00fcne uzanan ser\u00fcveninin bir bilan\u00e7osunu \u00e7\u0131karm\u0131\u015f oluyorlar. Kitab\u0131n \u201cDisiplinler Aras\u0131 \u0130li\u015fkiler\u201d ba\u015fl\u0131kl\u0131 \u00fc\u00e7\u00fcnc\u00fc ve son k\u0131sm\u0131ndaysa siyaset bilimi ile yak\u0131n sosyal bilimsel disiplinlerin ili\u015fkisi tart\u0131\u015f\u0131l\u0131yor ve siyaset biliminin hem bir sosyal bilim olarak di\u011fer disiplinlerle ortak y\u00f6nlerine hem de \u00f6zg\u00fcl yanlar\u0131na vurgu yap\u0131l\u0131yor. Siyaset bilimine giri\u015f niteli\u011findeki kitaplarda genellikle rastlanmayan bu k\u0131s\u0131mda felsefeden kent \u00e7al\u0131\u015fmalar\u0131na kadar, siyaset biliminin bir bi\u00e7imde yolunun kesi\u015fti\u011fi ve ortak \u00e7al\u0131\u015fma yapt\u0131\u011f\u0131 disiplinler, siyaset bilimiyle ili\u015fkileri \u00e7er\u00e7evesinde ele al\u0131n\u0131yor.As\u0131l olarak \u00fcniversitelerin sosyal bilim b\u00f6l\u00fcmlerinde siyaset bilimine giri\u015f nitelikli dersler alan \u00f6\u011frencilere y\u00f6nelik olarak haz\u0131rlanan bu kitab\u0131n o \u00f6\u011frencilerin hocalar\u0131na ve genel okuyucuya da faydal\u0131 olaca\u011f\u0131n\u0131 umuyoruz.Makaleleriyle kitaba katk\u0131da bulunanlar:Emre Arslan, G\u00f6khan At\u0131lgan, E. Attila Aytekin, Mustafa Kemal Bay\u0131rba\u011f, P\u0131nar Bedirhano\u011flu, \u00d6m\u00fcr Birler, Korkut Boratav, Bar\u0131\u015f \u00c7akmur, Aykut \u00c7oban, Metin \u00c7ulhao\u011flu, Cem Ero\u011ful, Zeynep Gambetti, Asuman G\u00f6ksel, Burak G\u00fcrel, Selime G\u00fczelsar\u0131, Ra\u015fit Kaya, Mustafa Bayram M\u0131s\u0131r, Ebru Deniz Ozan, Mehmet Okyayuz, Eylem \u00d6zdemir, Yasemin \u00d6zg\u00fcn, Alev \u00d6zkazan\u00e7, Cenk Sara\u00e7o\u011flu, Murat Sevin\u00e7, Cem Somel, Mustafa \u015eener, H. Tar\u0131k \u015eeng\u00fcl, Taner Timur, Aylin Topal, Ate\u015f Uslu, F\u00fcsun \u00dcstel, Galip Yalman, Mehmet Yeti\u015f, Filiz Zabc\u0131, G\u00fcn Zileli<\/p>\n","protected":false},"excerpt":{"rendered":"<p>Siyaset Bilimi alan\u0131nda nitelikli, kapsaml\u0131 ve g\u00fcncel T\u00fcrk\u00e7e giri\u015f kitaplar\u0131 konusunda bir bo\u015fluk oldu\u011fu ortada. Siyaset Bilimi: Kavramlar, \u0130deolojiler, Disiplinler Aras\u0131 \u0130li\u015fkiler, i\u015fte bu bo\u015flu\u011fu kapatmaya<span class=\"excerpt-hellip\"> [\u2026]<\/span><\/p>\n","protected":false},"featured_media":0,"template":"","meta":{"_monsterinsights_skip_tracking":false,"_monsterinsights_sitenote_active":false,"_monsterinsights_sitenote_note":"","_monsterinsights_sitenote_category":0},"product_brand":[],"product_cat":[12337,14706],"product_tag":[],"class_list":{"0":"post-729763","1":"product","2":"type-product","3":"status-publish","5":"product_cat-politika-siyaset","6":"product_cat-siyaset-bilimi","7":"pa_cilt-ciltsiz","8":"pa_tur-kitap","9":"pa_yayinevi-yordam-kitap","10":"pa_yazar-gokhan-atilgan-e-attila-aytekin","12":"first","13":"instock","14":"sale","15":"shipping-taxable","16":"purchasable","17":"product-type-simple"},"_links":{"self":[{"href":"https:\/\/roveyayinevi.com.tr\/index.php\/wp-json\/wp\/v2\/product\/729763","targetHints":{"allow":["GET"]}}],"collection":[{"href":"https:\/\/roveyayinevi.com.tr\/index.php\/wp-json\/wp\/v2\/product"}],"about":[{"href":"https:\/\/roveyayinevi.com.tr\/index.php\/wp-json\/wp\/v2\/types\/product"}],"wp:attachment":[{"href":"https:\/\/roveyayinevi.com.tr\/index.php\/wp-json\/wp\/v2\/media?parent=729763"}],"wp:term":[{"taxonomy":"product_brand","embeddable":true,"href":"https:\/\/roveyayinevi.com.tr\/index.php\/wp-json\/wp\/v2\/product_brand?post=729763"},{"taxonomy":"product_cat","embeddable":true,"href":"https:\/\/roveyayinevi.com.tr\/index.php\/wp-json\/wp\/v2\/product_cat?post=729763"},{"taxonomy":"product_tag","embeddable":true,"href":"https:\/\/roveyayinevi.com.tr\/index.php\/wp-json\/wp\/v2\/product_tag?post=729763"}],"curies":[{"name":"wp","href":"https:\/\/api.w.org\/{rel}","templated":true}]}}