{"id":729761,"date":"2025-08-27T21:02:03","date_gmt":"2025-08-27T18:02:03","guid":{"rendered":"https:\/\/roveyayinevi.com.tr\/index.php\/urun\/gelecegin-tarihi-taniklari\/"},"modified":"2026-04-16T02:37:33","modified_gmt":"2026-04-15T23:37:33","slug":"gelecegin-tarihi-taniklari","status":"publish","type":"product","link":"https:\/\/roveyayinevi.com.tr\/index.php\/urun\/gelecegin-tarihi-taniklari\/","title":{"rendered":"Gelece\u011fin Tarihi Tan\u0131klar\u0131"},"content":{"rendered":"<p>\u00dcnlerimiz vard\u0131 g\u00f6lgesinde ya\u015fad\u0131\u011f\u0131m\u0131z.Param\u0131z, m\u00fccevherlerimiz, Cumhuriyet gibi de\u011fildi belki amaPahal\u0131l\u0131\u011f\u0131yla gurur duydu\u011fumuz arabalar\u0131m\u0131z.Cazibeli deri koltuklar\u0131m\u0131z,Patronculuk ve g\u00fc\u00e7 zehri i\u00e7erisinde kaybetti\u011fimiz\u201c\u0130nsanc\u0131kl\u0131\u011f\u0131m\u0131z\u201d vard\u0131.Dilimize al\u0131rken, e\u015fitli\u011fi, adaleti, nezaketi veya asaleti,D\u0131\u015far\u0131dan bak\u0131nca birilerinin g\u00f6rmedi\u011fini sand\u0131\u011f\u0131m\u0131z\u201cBencilli\u011fimiz\u201d vard\u0131.Elit konu\u015fmalar\u0131m\u0131z, marka giysilerimiz,Bir de yoklu\u011fa ve yoksullu\u011fa meydan okuyan korkular\u0131m\u0131z. <\/p>\n","protected":false},"excerpt":{"rendered":"<p>\u00dcnlerimiz vard\u0131 g\u00f6lgesinde ya\u015fad\u0131\u011f\u0131m\u0131z.Param\u0131z, m\u00fccevherlerimiz, Cumhuriyet gibi de\u011fildi belki amaPahal\u0131l\u0131\u011f\u0131yla gurur duydu\u011fumuz arabalar\u0131m\u0131z.Cazibeli deri koltuklar\u0131m\u0131z,Patronculuk ve g\u00fc\u00e7 zehri i\u00e7erisinde kaybetti\u011fimiz\u201c\u0130nsanc\u0131kl\u0131\u011f\u0131m\u0131z\u201d vard\u0131.Dilimize al\u0131rken, e\u015fitli\u011fi, adaleti, nezaketi veya<span class=\"excerpt-hellip\"> [\u2026]<\/span><\/p>\n","protected":false},"featured_media":0,"template":"","meta":{"_monsterinsights_skip_tracking":false,"_monsterinsights_sitenote_active":false,"_monsterinsights_sitenote_note":"","_monsterinsights_sitenote_category":0},"product_brand":[],"product_cat":[12291,12509],"product_tag":[],"class_list":{"0":"post-729761","1":"product","2":"type-product","3":"status-publish","5":"product_cat-edebiyat","6":"product_cat-siir","7":"pa_cilt-ciltsiz","8":"pa_tur-kitap","9":"pa_yayinevi-karina-yayinevi","10":"pa_yazar-farah-diba","12":"first","13":"instock","14":"sale","15":"shipping-taxable","16":"purchasable","17":"product-type-simple"},"_links":{"self":[{"href":"https:\/\/roveyayinevi.com.tr\/index.php\/wp-json\/wp\/v2\/product\/729761","targetHints":{"allow":["GET"]}}],"collection":[{"href":"https:\/\/roveyayinevi.com.tr\/index.php\/wp-json\/wp\/v2\/product"}],"about":[{"href":"https:\/\/roveyayinevi.com.tr\/index.php\/wp-json\/wp\/v2\/types\/product"}],"wp:attachment":[{"href":"https:\/\/roveyayinevi.com.tr\/index.php\/wp-json\/wp\/v2\/media?parent=729761"}],"wp:term":[{"taxonomy":"product_brand","embeddable":true,"href":"https:\/\/roveyayinevi.com.tr\/index.php\/wp-json\/wp\/v2\/product_brand?post=729761"},{"taxonomy":"product_cat","embeddable":true,"href":"https:\/\/roveyayinevi.com.tr\/index.php\/wp-json\/wp\/v2\/product_cat?post=729761"},{"taxonomy":"product_tag","embeddable":true,"href":"https:\/\/roveyayinevi.com.tr\/index.php\/wp-json\/wp\/v2\/product_tag?post=729761"}],"curies":[{"name":"wp","href":"https:\/\/api.w.org\/{rel}","templated":true}]}}