{"id":729759,"date":"2025-08-27T21:02:01","date_gmt":"2025-08-27T18:02:01","guid":{"rendered":"https:\/\/roveyayinevi.com.tr\/index.php\/urun\/jean-stafford-toplu-oykuler-2\/"},"modified":"2026-04-16T02:37:33","modified_gmt":"2026-04-15T23:37:33","slug":"jean-stafford-toplu-oykuler-2","status":"publish","type":"product","link":"https:\/\/roveyayinevi.com.tr\/index.php\/urun\/jean-stafford-toplu-oykuler-2\/","title":{"rendered":"Jean Stafford Toplu \u00d6yk\u00fcler &#8211; 2"},"content":{"rendered":"<p>Komik, melankolik, ba\u015f\u0131na buyruk \u00f6yk\u00fcler&#8230;\u00c7a\u011fda\u015flar\u0131 aras\u0131nda en \u00f6zg\u00fcn kalemlerden biri olan Amerikal\u0131 yazar Jean Stafford&#8217;\u0131n Pulitzer \u00d6d\u00fcll\u00fc \u00f6yk\u00fcleri, Delidolu&#8217;nun \u00f6zenli bask\u0131s\u0131yla ilk kez T\u00fcrk\u00e7ede!Stafford, e\u015fine az rastlan\u0131r \u015fekilde sivri, h\u00fcz\u00fcnl\u00fc ama bir o kadar da komik ve \u015fa\u015f\u0131rt\u0131c\u0131 olabilen \u00f6yk\u00fclerinde; \u00e7ocukluk d\u00f6neminden ba\u015flayan sanc\u0131lar\u0131yla bireylerin tutsak olduklar\u0131 i\u00e7 d\u00fcnyalar\u0131n\u0131, \u00e7\u0131kmazlar\u0131n\u0131, insan ili\u015fkilerindeki \u00e7alkant\u0131lar\u0131, t\u00fcm ba\u011fl\u0131l\u0131klardan \u00f6zg\u00fcrle\u015fme hayali ile aidiyet arzusunu bir zanaatk\u00e2r titizli\u011fiyle i\u015fliyor.Toplu \u00d6yk\u00fcler ba\u015fl\u0131\u011f\u0131yla iki cilt h\u00e2linde yay\u0131mlanan Jean Stafford \u00f6yk\u00fclerinin bu ikinci halkas\u0131, kad\u0131n ve \u00e7ocuk karakterlerin ba\u015f\u0131 \u00e7ekti\u011fi on sekiz ba\u011f\u0131ms\u0131z \u00f6yk\u00fcden olu\u015fuyor. Gelmi\u015f ge\u00e7mi\u015f t\u00fcm esasl\u0131 yap\u0131tlar\u0131n yapt\u0131\u011f\u0131 gibi okuruna hayat kar\u015f\u0131s\u0131nda sahici bir i\u00e7g\u00f6r\u00fc kazand\u0131ran kitap, \u00fcnl\u00fc yazar Joyce Carol Oates&#8217;un \u00f6yk\u00fclerdeki ustal\u0131\u011f\u0131n alt\u0131n\u0131 \u00e7izdi\u011fi sons\u00f6z\u00fcyle sunuluyor. \u00d6yk\u00fc severleri yine kurmaca sanat\u0131n\u0131n zirve \u00f6rnekleriyle bulu\u015fturan eser, can ac\u0131t\u0131c\u0131 oldu\u011fu kadar komik yanlar\u0131yla insan ili\u015fkilerine, kimsenin muaf olmad\u0131\u011f\u0131 i\u00e7sel \u00e7at\u0131\u015fmalara, hayal k\u0131r\u0131kl\u0131klar\u0131na, d\u00fc\u015flere dair muazzam titizlikte bir anlat\u0131m sergiliyor. Yazar, bireyi \u015fekillendiren sosyal arka plan\u0131 asla g\u00f6z ard\u0131 etmeden, derinlikli karakterler ve \u00e7arp\u0131c\u0131 olay \u00f6rg\u00fcs\u00fc yaratmaktaki ba\u015far\u0131s\u0131, betimleme g\u00fcc\u00fc, sundu\u011fu ayr\u0131nt\u0131 zenginli\u011fi, dil ve \u00fcsluba h\u00e2kimiyeti, psikolojik \u00f6\u011feleri kullanmaktaki becerisiyle Amerikan edebiyat\u0131n\u0131n s\u0131n\u0131rlar\u0131n\u0131 a\u015farak evrenselli\u011fi yakal\u0131yor. Pek \u00e7ok ele\u015ftirmenin \u201ckusursuz\u201d olarak addetti\u011fi \u00f6yk\u00fclerindeki ince i\u015f\u00e7ili\u011fiyle hayranl\u0131k uyand\u0131ran Jean Stafford, kad\u0131nl\u0131kla ilgili basmakal\u0131p d\u00fc\u015f\u00fcnceleri sorgulamaya a\u00e7ma cesaretiyle h\u0131zla ak\u0131p giden zamana direnen anlat\u0131lara imza at\u0131yor.  \u201cBa\u015ftan sona kusursuz \u00f6yk\u00fclerden olu\u015fan se\u00e7kin bir derleme.\u201d Guy Davenport, The New York Times Book Review \u201cTek kelimeyle en iyi yazarlar\u0131m\u0131zdan birinin en iyi \u00f6yk\u00fcleri bunlar: e\u015fine az rastlan\u0131r, sivri, h\u00fcz\u00fcnl\u00fc, komik ve \u015fa\u015f\u0131rt\u0131c\u0131 derecede canl\u0131.\u201d Kirkus Reviews<\/p>\n","protected":false},"excerpt":{"rendered":"<p>Komik, melankolik, ba\u015f\u0131na buyruk \u00f6yk\u00fcler&#8230;\u00c7a\u011fda\u015flar\u0131 aras\u0131nda en \u00f6zg\u00fcn kalemlerden biri olan Amerikal\u0131 yazar Jean Stafford&#8217;\u0131n Pulitzer \u00d6d\u00fcll\u00fc \u00f6yk\u00fcleri, Delidolu&#8217;nun \u00f6zenli bask\u0131s\u0131yla ilk kez T\u00fcrk\u00e7ede!Stafford, e\u015fine az<span class=\"excerpt-hellip\"> [\u2026]<\/span><\/p>\n","protected":false},"featured_media":0,"template":"","meta":{"_monsterinsights_skip_tracking":false,"_monsterinsights_sitenote_active":false,"_monsterinsights_sitenote_note":"","_monsterinsights_sitenote_category":0},"product_brand":[],"product_cat":[12291,12711],"product_tag":[],"class_list":{"0":"post-729759","1":"product","2":"type-product","3":"status-publish","5":"product_cat-edebiyat","6":"product_cat-roman-oyku","7":"pa_cilt-ciltsiz","8":"pa_tur-kitap","9":"pa_yayinevi-delidolu","10":"pa_yazar-jean-stafford","12":"first","13":"instock","14":"sale","15":"shipping-taxable","16":"purchasable","17":"product-type-simple"},"_links":{"self":[{"href":"https:\/\/roveyayinevi.com.tr\/index.php\/wp-json\/wp\/v2\/product\/729759","targetHints":{"allow":["GET"]}}],"collection":[{"href":"https:\/\/roveyayinevi.com.tr\/index.php\/wp-json\/wp\/v2\/product"}],"about":[{"href":"https:\/\/roveyayinevi.com.tr\/index.php\/wp-json\/wp\/v2\/types\/product"}],"wp:attachment":[{"href":"https:\/\/roveyayinevi.com.tr\/index.php\/wp-json\/wp\/v2\/media?parent=729759"}],"wp:term":[{"taxonomy":"product_brand","embeddable":true,"href":"https:\/\/roveyayinevi.com.tr\/index.php\/wp-json\/wp\/v2\/product_brand?post=729759"},{"taxonomy":"product_cat","embeddable":true,"href":"https:\/\/roveyayinevi.com.tr\/index.php\/wp-json\/wp\/v2\/product_cat?post=729759"},{"taxonomy":"product_tag","embeddable":true,"href":"https:\/\/roveyayinevi.com.tr\/index.php\/wp-json\/wp\/v2\/product_tag?post=729759"}],"curies":[{"name":"wp","href":"https:\/\/api.w.org\/{rel}","templated":true}]}}