{"id":729754,"date":"2025-08-27T21:01:55","date_gmt":"2025-08-27T18:01:55","guid":{"rendered":"https:\/\/roveyayinevi.com.tr\/index.php\/urun\/olmak-ya-da-olmamak\/"},"modified":"2026-04-16T02:37:33","modified_gmt":"2026-04-15T23:37:33","slug":"olmak-ya-da-olmamak","status":"publish","type":"product","link":"https:\/\/roveyayinevi.com.tr\/index.php\/urun\/olmak-ya-da-olmamak\/","title":{"rendered":"Olmak ya da Olmamak"},"content":{"rendered":"<p>Covid-19 Pandemisi ve A\u015f\u0131lar\u0131n K\u0131sa Bir \u00d6zeti   \u201cElinizde konuyu s\u0131cak tutacak bir medya varsa, toplum zaten sorunu i\u00e7selle\u015ftirmeye haz\u0131rd\u0131r, ger\u00e7ekten bir \u015fey olmas\u0131 gerekmez.\u201d   Art\u0131k televizyonlara \u00e7\u0131k\u0131p deme\u00e7 vermiyor \u00e7\u00fcnk\u00fc meselenin arka plan\u0131n\u0131n \u00e7ok daha farkl\u0131 oldu\u011funu ve bunu medya \u00fczerinden anlatman\u0131n imk\u00e2ns\u0131z oldu\u011funu salg\u0131n s\u00f6yleminin en ba\u015f\u0131nda anlam\u0131\u015f. Yavuz Dizdar, bu kitapta konu\u015fuyor. Meselenin \u00f6n\u00fcn\u00fc arkas\u0131n\u0131 bu kitapta enine boyuna ele al\u0131yor.   Bu, laboratuvarda \u00fcretilmi\u015f insan yap\u0131m\u0131 bir vir\u00fcs m\u00fc? \u0130lk defa m\u0131 b\u00f6yle bir \u015feyle kar\u015f\u0131la\u015f\u0131yoruz? Bu, k\u00fcresel bir de\u011fi\u015fiklik i\u00e7in gereken bir manip\u00fclasyon mu, planlanm\u0131\u015f bir salg\u0131n m\u0131? Devam\u0131nda ba\u015fka vir\u00fcsler de gelecek mi, hep b\u00f6yle mi ya\u015fayaca\u011f\u0131z? Pandeminin 5G teknolojisiyle ili\u015fkisi olabilir mi? Bu, d\u00fcnya \u00f6l\u00e7e\u011finde bir n\u00fcfus azaltma projesi mi? Hayat\u0131m\u0131z\u0131n bu ola\u011fan\u00fcst\u00fc hali yeni normalimiz mi? Bundan sonra ne olacak, \u00e7ocuklar\u0131m\u0131z nas\u0131l bir d\u00fcnyada ya\u015fayacaklar?   \u00d6yle g\u00f6r\u00fcn\u00fcyor ki bu sadece bir sa\u011fl\u0131k sorunu de\u011fil. Covid-19 \u00fczerinden b\u00fct\u00fcn ailevi, sosyal, ekonomik d\u00fczenimiz, gelenekler, al\u0131\u015fkanl\u0131klar, ihtiya\u00e7lar\u0131m\u0131z ve kar\u015f\u0131lan\u0131\u015f bi\u00e7imleri geri d\u00f6n\u00fc\u015fs\u00fcz \u015fekilde de\u011fi\u015fiyor ve bu b\u00fct\u00fcn d\u00fcnyada b\u00f6yle oluyor.   \u201cKartlar\u0131n yeniden kar\u0131lmas\u0131 gibi bir durumdan bahsetmiyoruz; deste de\u011fi\u015fiyor, hatta masa kapan\u0131p yenisi a\u00e7\u0131lacak.\u201d   Komplo teorilerinde kaybolmadan, ger\u00e7eklerden kopmadan ama meselenin gidece\u011fi yerin ad\u0131n\u0131 koymaktan da korkmadan, Yavuz Dizdar ile ayd\u0131nlat\u0131c\u0131 bir sohbet. <\/p>\n","protected":false},"excerpt":{"rendered":"<p>Covid-19 Pandemisi ve A\u015f\u0131lar\u0131n K\u0131sa Bir \u00d6zeti \u201cElinizde konuyu s\u0131cak tutacak bir medya varsa, toplum zaten sorunu i\u00e7selle\u015ftirmeye haz\u0131rd\u0131r, ger\u00e7ekten bir \u015fey olmas\u0131 gerekmez.\u201d Art\u0131k televizyonlara<span class=\"excerpt-hellip\"> [\u2026]<\/span><\/p>\n","protected":false},"featured_media":0,"template":"","meta":{"_monsterinsights_skip_tracking":false,"_monsterinsights_sitenote_active":false,"_monsterinsights_sitenote_note":"","_monsterinsights_sitenote_category":0},"product_brand":[],"product_cat":[13366,13365],"product_tag":[],"class_list":{"0":"post-729754","1":"product","2":"type-product","3":"status-publish","5":"product_cat-diger-saglik","6":"product_cat-saglik","7":"pa_cilt-ciltsiz","8":"pa_tur-kitap","9":"pa_yayinevi-hayykitap","10":"pa_yazar-yavuz-dizdar","12":"first","13":"instock","14":"sale","15":"shipping-taxable","16":"purchasable","17":"product-type-simple"},"_links":{"self":[{"href":"https:\/\/roveyayinevi.com.tr\/index.php\/wp-json\/wp\/v2\/product\/729754","targetHints":{"allow":["GET"]}}],"collection":[{"href":"https:\/\/roveyayinevi.com.tr\/index.php\/wp-json\/wp\/v2\/product"}],"about":[{"href":"https:\/\/roveyayinevi.com.tr\/index.php\/wp-json\/wp\/v2\/types\/product"}],"wp:attachment":[{"href":"https:\/\/roveyayinevi.com.tr\/index.php\/wp-json\/wp\/v2\/media?parent=729754"}],"wp:term":[{"taxonomy":"product_brand","embeddable":true,"href":"https:\/\/roveyayinevi.com.tr\/index.php\/wp-json\/wp\/v2\/product_brand?post=729754"},{"taxonomy":"product_cat","embeddable":true,"href":"https:\/\/roveyayinevi.com.tr\/index.php\/wp-json\/wp\/v2\/product_cat?post=729754"},{"taxonomy":"product_tag","embeddable":true,"href":"https:\/\/roveyayinevi.com.tr\/index.php\/wp-json\/wp\/v2\/product_tag?post=729754"}],"curies":[{"name":"wp","href":"https:\/\/api.w.org\/{rel}","templated":true}]}}