{"id":729753,"date":"2025-08-27T21:01:55","date_gmt":"2025-08-27T18:01:55","guid":{"rendered":"https:\/\/roveyayinevi.com.tr\/index.php\/urun\/avuclarin-altinla-doluysa-ellerini-dua-icin-kaldiramazsin\/"},"modified":"2026-04-16T02:37:33","modified_gmt":"2026-04-15T23:37:33","slug":"avuclarin-altinla-doluysa-ellerini-dua-icin-kaldiramazsin","status":"publish","type":"product","link":"https:\/\/roveyayinevi.com.tr\/index.php\/urun\/avuclarin-altinla-doluysa-ellerini-dua-icin-kaldiramazsin\/","title":{"rendered":"Avu\u00e7lar\u0131n Alt\u0131nla Doluysa Ellerini Dua \u0130\u00e7in Kald\u0131ramazs\u0131n"},"content":{"rendered":"<p>Bu kitab\u0131n sayfalar\u0131nda \u00e7a\u011f\u0131n \u00f6nde gelen ve en \u00e7ok okunan kalemlerinden Halil Cibran\u2019\u0131n ya\u015fam \u00f6yk\u00fcs\u00fcn\u00fc; dokunakl\u0131, \u00f6zg\u00fcn \u00fcslubunun inceliklerini, eserlerindeki en \u00e7arp\u0131c\u0131 kesitleri bulacaks\u0131n\u0131z.   * \u0130stek duymak ya\u015fam\u0131n yar\u0131s\u0131d\u0131r, kay\u0131ts\u0131zl\u0131k ise \u00f6l\u00fcm\u00fcn&#8230;   * Karanl\u0131\u011fa g\u00f6m\u00fcld\u00fc\u011f\u00fcn\u00fczde \u015f\u00f6yle s\u00f6yleyin: Bu karanl\u0131k, hen\u00fcz do\u011fmam\u0131\u015f bir \u015fafakt\u0131r.   * D\u00fcnyadaki en g\u00fczel \u00fc\u00e7 kad\u0131n: Annem, g\u00f6lgesi ve aynadaki yans\u0131mas\u0131.   * Sen ey insano\u011flu, d\u00fcnyay\u0131 Tanr\u0131\u2019n\u0131n g\u00f6z\u00fcyle g\u00f6rmeyi ve insan d\u00fc\u015f\u00fcncesiyle O\u2019nun s\u0131rlar\u0131na sahip olabilmeyi dilersin. Cehaletin meyvesi i\u015fte budur!   * Seni sessizli\u011finde dinleyebilen ya da s\u00fck\u00fbnetinde anlayabilen birine ka\u00e7 kez rastlad\u0131n?   * \u0130nsano\u011flunun y\u00fcre\u011fi i\u00e7in nefret, k\u0131skan\u00e7l\u0131k ve k\u00f6t\u00fcl\u00fck neyse; yery\u00fcz\u00fc i\u00e7in de yang\u0131n, f\u0131rt\u0131na ve tufanlar \u00f6yledir.   * \u0130nanmak bir \u015feydir, yapmak ba\u015fka bir \u015fey. \u00c7o\u011fu kimse deniz gibi konu\u015fur fakat ya\u015famlar\u0131 durgun batakl\u0131\u011fa benzer.<\/p>\n","protected":false},"excerpt":{"rendered":"<p>Bu kitab\u0131n sayfalar\u0131nda \u00e7a\u011f\u0131n \u00f6nde gelen ve en \u00e7ok okunan kalemlerinden Halil Cibran\u2019\u0131n ya\u015fam \u00f6yk\u00fcs\u00fcn\u00fc; dokunakl\u0131, \u00f6zg\u00fcn \u00fcslubunun inceliklerini, eserlerindeki en \u00e7arp\u0131c\u0131 kesitleri bulacaks\u0131n\u0131z. * \u0130stek<span class=\"excerpt-hellip\"> [\u2026]<\/span><\/p>\n","protected":false},"featured_media":0,"template":"","meta":{"_monsterinsights_skip_tracking":false,"_monsterinsights_sitenote_active":false,"_monsterinsights_sitenote_note":"","_monsterinsights_sitenote_category":0},"product_brand":[],"product_cat":[12364,12376],"product_tag":[],"class_list":{"0":"post-729753","1":"product","2":"type-product","3":"status-publish","5":"product_cat-genel-konular","6":"product_cat-kisisel-gelisim","7":"pa_cilt-ciltsiz","8":"pa_tur-kitap","9":"pa_yayinevi-hayykitap","10":"pa_yazar-ozgun-ozan-karadag","12":"first","13":"instock","14":"sale","15":"shipping-taxable","16":"purchasable","17":"product-type-simple"},"_links":{"self":[{"href":"https:\/\/roveyayinevi.com.tr\/index.php\/wp-json\/wp\/v2\/product\/729753","targetHints":{"allow":["GET"]}}],"collection":[{"href":"https:\/\/roveyayinevi.com.tr\/index.php\/wp-json\/wp\/v2\/product"}],"about":[{"href":"https:\/\/roveyayinevi.com.tr\/index.php\/wp-json\/wp\/v2\/types\/product"}],"wp:attachment":[{"href":"https:\/\/roveyayinevi.com.tr\/index.php\/wp-json\/wp\/v2\/media?parent=729753"}],"wp:term":[{"taxonomy":"product_brand","embeddable":true,"href":"https:\/\/roveyayinevi.com.tr\/index.php\/wp-json\/wp\/v2\/product_brand?post=729753"},{"taxonomy":"product_cat","embeddable":true,"href":"https:\/\/roveyayinevi.com.tr\/index.php\/wp-json\/wp\/v2\/product_cat?post=729753"},{"taxonomy":"product_tag","embeddable":true,"href":"https:\/\/roveyayinevi.com.tr\/index.php\/wp-json\/wp\/v2\/product_tag?post=729753"}],"curies":[{"name":"wp","href":"https:\/\/api.w.org\/{rel}","templated":true}]}}