{"id":729752,"date":"2025-08-27T21:01:54","date_gmt":"2025-08-27T18:01:54","guid":{"rendered":"https:\/\/roveyayinevi.com.tr\/index.php\/urun\/boyali-tilki-masali-ciltli\/"},"modified":"2026-04-16T02:37:32","modified_gmt":"2026-04-15T23:37:32","slug":"boyali-tilki-masali-ciltli","status":"publish","type":"product","link":"https:\/\/roveyayinevi.com.tr\/index.php\/urun\/boyali-tilki-masali-ciltli\/","title":{"rendered":"Boyal\u0131 Tilki Masal\u0131 (Ciltli)"},"content":{"rendered":"<p>Masallar, dinleyenleri uyutmak i\u00e7in anlat\u0131l\u0131r. Aziz Nesin ise dinleyenleri uyand\u0131rmak i\u00e7in anlat\u0131yor bu masal\u0131. 1947&#8217;de kaleme al\u0131nan Boyal\u0131 Tilki Masal\u0131, ilk kez okurla bulu\u015fuyor. Ge\u00e7en on y\u0131llar i\u00e7inde pek bir \u015fey de\u011fi\u015fmemi\u015f olmal\u0131 ki, kurnaz tilkiler h\u00e2l\u00e2 kral olabiliyor ormana. Aslan a\u011fac\u0131 sallasa da, tilki s\u0131k\u0131 s\u0131k\u0131 sar\u0131lm\u0131\u015f saray\u0131na&#8230; Bu masal bitmedi, devam ediyor daha. <\/p>\n","protected":false},"excerpt":{"rendered":"<p>Masallar, dinleyenleri uyutmak i\u00e7in anlat\u0131l\u0131r. Aziz Nesin ise dinleyenleri uyand\u0131rmak i\u00e7in anlat\u0131yor bu masal\u0131. 1947&#8217;de kaleme al\u0131nan Boyal\u0131 Tilki Masal\u0131, ilk kez okurla bulu\u015fuyor. Ge\u00e7en on<span class=\"excerpt-hellip\"> [\u2026]<\/span><\/p>\n","protected":false},"featured_media":0,"template":"","meta":{"_monsterinsights_skip_tracking":false,"_monsterinsights_sitenote_active":false,"_monsterinsights_sitenote_note":"","_monsterinsights_sitenote_category":0},"product_brand":[],"product_cat":[12274,12523],"product_tag":[],"class_list":{"0":"post-729752","1":"product","2":"type-product","3":"status-publish","5":"product_cat-cocuk-ve-genclik-kitaplari","6":"product_cat-masallar","7":"pa_cilt-ciltli","8":"pa_tur-kitap","9":"pa_yayinevi-nesin-yayinlari","10":"pa_yazar-aziz-nesin","12":"first","13":"instock","14":"sale","15":"shipping-taxable","16":"purchasable","17":"product-type-simple"},"_links":{"self":[{"href":"https:\/\/roveyayinevi.com.tr\/index.php\/wp-json\/wp\/v2\/product\/729752","targetHints":{"allow":["GET"]}}],"collection":[{"href":"https:\/\/roveyayinevi.com.tr\/index.php\/wp-json\/wp\/v2\/product"}],"about":[{"href":"https:\/\/roveyayinevi.com.tr\/index.php\/wp-json\/wp\/v2\/types\/product"}],"wp:attachment":[{"href":"https:\/\/roveyayinevi.com.tr\/index.php\/wp-json\/wp\/v2\/media?parent=729752"}],"wp:term":[{"taxonomy":"product_brand","embeddable":true,"href":"https:\/\/roveyayinevi.com.tr\/index.php\/wp-json\/wp\/v2\/product_brand?post=729752"},{"taxonomy":"product_cat","embeddable":true,"href":"https:\/\/roveyayinevi.com.tr\/index.php\/wp-json\/wp\/v2\/product_cat?post=729752"},{"taxonomy":"product_tag","embeddable":true,"href":"https:\/\/roveyayinevi.com.tr\/index.php\/wp-json\/wp\/v2\/product_tag?post=729752"}],"curies":[{"name":"wp","href":"https:\/\/api.w.org\/{rel}","templated":true}]}}