{"id":729749,"date":"2025-08-27T21:01:51","date_gmt":"2025-08-27T18:01:51","guid":{"rendered":"https:\/\/roveyayinevi.com.tr\/index.php\/urun\/the-history-of-the-salcuq-turks\/"},"modified":"2026-04-16T02:37:32","modified_gmt":"2026-04-15T23:37:32","slug":"the-history-of-the-salcuq-turks","status":"publish","type":"product","link":"https:\/\/roveyayinevi.com.tr\/index.php\/urun\/the-history-of-the-salcuq-turks\/","title":{"rendered":"The History Of The Salcuq Turks"},"content":{"rendered":"<p>The Salj\u016bqn\u0101ma, very probably penned between 1177 and 1186 by Zah\u012br al-D\u012bn N\u012bsh\u0101p\u016bri, is one of the main sources of the political, social an cultural events in the history of the The Great Salj\u016bq and the Salj\u016bq o Iraq. Dedicated to Ab\u016b \u1e6c\u0101l\u012bb \u1e6cughril b. Arslan the last Iraqi Saljuq ruler (1177-1194), the work is the first known Salj\u016bqn\u0101ma and a main referece for the historians studying the Salj\u016bq history, which makes the work extremely outstanding and notable. Depending on the work of A.H. Moton, who first found and published The Salj\u016bqn\u0101ma in 2004, after comparing the manuscript with the other related historical records, this work is the first complete English translation of N\u012bsh\u0101p\u016br\u012b\u2019s work with a meti lous study on the Persian version and the Turkish translation of the manuscript.This book includes the life and the literary personality of N\u012bsh\u0101p\u016br\u012b, thecontent and the technical features of the manuscript with its language,style, and literary aesthetics, and the complete translation of the work, consisting of the preface and the following fourteen chapters, which opens with the emergence of the Salj\u016bq on the stage of the history, covers the events up to the beginning of \u1e6cughril\u2019s reign, and ends at the beginning of the reign of the last ruler of the Saljuq of Iraq, Ab\u016b \u1e6c\u0101l\u012bb \u1e6cughril b. Arslan.<\/p>\n","protected":false},"excerpt":{"rendered":"<p>The Salj\u016bqn\u0101ma, very probably penned between 1177 and 1186 by Zah\u012br al-D\u012bn N\u012bsh\u0101p\u016bri, is one of the main sources of the political, social an cultural events<span class=\"excerpt-hellip\"> [\u2026]<\/span><\/p>\n","protected":false},"featured_media":0,"template":"","meta":{"_monsterinsights_skip_tracking":false,"_monsterinsights_sitenote_active":false,"_monsterinsights_sitenote_note":"","_monsterinsights_sitenote_category":0},"product_brand":[],"product_cat":[12304,13650],"product_tag":[],"class_list":{"0":"post-729749","1":"product","2":"type-product","3":"status-publish","5":"product_cat-tarih","6":"product_cat-turk-tarihi-arastirmalari","7":"pa_cilt-ciltsiz","8":"pa_tur-kitap","9":"pa_yayinevi-kopernik-kitap","10":"pa_yazar-zahir-al-din-nishapuri","12":"first","13":"instock","14":"sale","15":"shipping-taxable","16":"purchasable","17":"product-type-simple"},"_links":{"self":[{"href":"https:\/\/roveyayinevi.com.tr\/index.php\/wp-json\/wp\/v2\/product\/729749","targetHints":{"allow":["GET"]}}],"collection":[{"href":"https:\/\/roveyayinevi.com.tr\/index.php\/wp-json\/wp\/v2\/product"}],"about":[{"href":"https:\/\/roveyayinevi.com.tr\/index.php\/wp-json\/wp\/v2\/types\/product"}],"wp:attachment":[{"href":"https:\/\/roveyayinevi.com.tr\/index.php\/wp-json\/wp\/v2\/media?parent=729749"}],"wp:term":[{"taxonomy":"product_brand","embeddable":true,"href":"https:\/\/roveyayinevi.com.tr\/index.php\/wp-json\/wp\/v2\/product_brand?post=729749"},{"taxonomy":"product_cat","embeddable":true,"href":"https:\/\/roveyayinevi.com.tr\/index.php\/wp-json\/wp\/v2\/product_cat?post=729749"},{"taxonomy":"product_tag","embeddable":true,"href":"https:\/\/roveyayinevi.com.tr\/index.php\/wp-json\/wp\/v2\/product_tag?post=729749"}],"curies":[{"name":"wp","href":"https:\/\/api.w.org\/{rel}","templated":true}]}}