{"id":729747,"date":"2025-08-27T21:01:48","date_gmt":"2025-08-27T18:01:48","guid":{"rendered":"https:\/\/roveyayinevi.com.tr\/index.php\/urun\/ben-albert-einstein\/"},"modified":"2026-04-16T02:37:32","modified_gmt":"2026-04-15T23:37:32","slug":"ben-albert-einstein","status":"publish","type":"product","link":"https:\/\/roveyayinevi.com.tr\/index.php\/urun\/ben-albert-einstein\/","title":{"rendered":"Ben Albert Einstein"},"content":{"rendered":"<p>D\u00fcnyay\u0131 De\u011fi\u015ftiren S\u0131radan \u0130nsanlar &#8211; Ben Albert Einstein   Merak etmekten asla vazge\u00e7medim!   Size hi\u00e7 tuhaf ya da farkl\u0131 oldu\u011funuzu s\u00f6yleyen oldumu? Bebekli\u011fi ve \u00e7ocuklu\u011fu boyunca insanlar Albert Einstein\u2019\u0131n tuhaf oldu\u011funu d\u00fc\u015f\u00fcn\u00fcyordu. Einstein, kelimelerle de\u011fil, resimleri g\u00f6z\u00fcnde canland\u0131rarak d\u00fc\u015f\u00fcn\u00fcyordu. Bu \u00f6zel d\u00fc\u015f\u00fcnme bi\u00e7imi, onun m\u00fczikteki \u00f6r\u00fcnt\u00fcleri ve bir pusulan\u0131n neden daima kuzeyi g\u00f6sterdi\u011fini anlayabilmesini sa\u011flad\u0131. Bu d\u00fc\u015f\u00fcnceler onu evrenin s\u0131rlar\u0131n\u0131 ara\u015ft\u0131rmaya y\u00f6neltti. Ba\u015fkalar\u0131 onun yaln\u0131zca bir hayalperest oldu\u011funu d\u00fc\u015f\u00fcn\u00fcyordu. Oysa Einstein, merak\u0131 sayesinde d\u00fcnyan\u0131n en \u00f6nemli bilim insanlar\u0131ndan biri oldu. \u201cD\u00fcnyay\u0131 De\u011fi\u015ftiren S\u0131radan \u0130nsanlar\u201d dizisinde i\u00e7imizden \u00e7\u0131kan kahramanlar\u0131 yak\u0131ndan tan\u0131yacak, onlar\u0131 kahraman  yapan \u00f6zelliklerin neler oldu\u011funu g\u00f6rece\u011fiz. <\/p>\n","protected":false},"excerpt":{"rendered":"<p>D\u00fcnyay\u0131 De\u011fi\u015ftiren S\u0131radan \u0130nsanlar &#8211; Ben Albert Einstein Merak etmekten asla vazge\u00e7medim! Size hi\u00e7 tuhaf ya da farkl\u0131 oldu\u011funuzu s\u00f6yleyen oldumu? Bebekli\u011fi ve \u00e7ocuklu\u011fu boyunca insanlar<span class=\"excerpt-hellip\"> [\u2026]<\/span><\/p>\n","protected":false},"featured_media":0,"template":"","meta":{"_monsterinsights_skip_tracking":false,"_monsterinsights_sitenote_active":false,"_monsterinsights_sitenote_note":"","_monsterinsights_sitenote_category":0},"product_brand":[],"product_cat":[12275,12274],"product_tag":[],"class_list":{"0":"post-729747","1":"product","2":"type-product","3":"status-publish","5":"product_cat-6-12-yas-kitaplari","6":"product_cat-cocuk-ve-genclik-kitaplari","7":"pa_cilt-ciltsiz","8":"pa_tur-kitap","9":"pa_yayinevi-indigo-cocuk","10":"pa_yazar-brad-meltzer","12":"first","13":"instock","14":"sale","15":"shipping-taxable","16":"purchasable","17":"product-type-simple"},"_links":{"self":[{"href":"https:\/\/roveyayinevi.com.tr\/index.php\/wp-json\/wp\/v2\/product\/729747","targetHints":{"allow":["GET"]}}],"collection":[{"href":"https:\/\/roveyayinevi.com.tr\/index.php\/wp-json\/wp\/v2\/product"}],"about":[{"href":"https:\/\/roveyayinevi.com.tr\/index.php\/wp-json\/wp\/v2\/types\/product"}],"wp:attachment":[{"href":"https:\/\/roveyayinevi.com.tr\/index.php\/wp-json\/wp\/v2\/media?parent=729747"}],"wp:term":[{"taxonomy":"product_brand","embeddable":true,"href":"https:\/\/roveyayinevi.com.tr\/index.php\/wp-json\/wp\/v2\/product_brand?post=729747"},{"taxonomy":"product_cat","embeddable":true,"href":"https:\/\/roveyayinevi.com.tr\/index.php\/wp-json\/wp\/v2\/product_cat?post=729747"},{"taxonomy":"product_tag","embeddable":true,"href":"https:\/\/roveyayinevi.com.tr\/index.php\/wp-json\/wp\/v2\/product_tag?post=729747"}],"curies":[{"name":"wp","href":"https:\/\/api.w.org\/{rel}","templated":true}]}}