{"id":729745,"date":"2025-08-27T21:01:47","date_gmt":"2025-08-27T18:01:47","guid":{"rendered":"https:\/\/roveyayinevi.com.tr\/index.php\/urun\/max-stirner\/"},"modified":"2026-04-16T02:37:32","modified_gmt":"2026-04-15T23:37:32","slug":"max-stirner","status":"publish","type":"product","link":"https:\/\/roveyayinevi.com.tr\/index.php\/urun\/max-stirner\/","title":{"rendered":"Max Stirner"},"content":{"rendered":"<p>Ba\u015fyap\u0131t\u0131 olan Der Einzige und sein Eigentum (Biricik ve M\u00fclkiyeti) hari\u00e7, \u00fclkemizde bir muamma olan ve hakk\u0131nda yaz\u0131lm\u0131\u015f herhangi bir \u00e7al\u0131\u015fmaya rastlayamad\u0131\u011f\u0131m\u0131z Max Stirner, \u0130ngiliz siyaset kuramc\u0131s\u0131 Saul Newman\u2019\u0131n haz\u0131rlad\u0131\u011f\u0131 bu kapsaml\u0131 derlemede enine boyuna inceleniyor. \u00c7o\u011fu zaman anar\u015fist kanon i\u00e7indeki tart\u0131\u015fmal\u0131 konumuyla, kimileyin sadece Marx\u2019la olan polemi\u011fiyle, bazen de g\u00fcn\u00fcm\u00fcz\u00fcn radikal sol siyasetine olas\u0131 katk\u0131lar\u0131 dolay\u0131m\u0131nda ele al\u0131nan Stirner\u2019i \u00e7ok y\u00f6nl\u00fc bir \u015fekilde g\u00fcndeme getiren bu \u00e7al\u0131\u015fmada Newman \u00f6zellikle Stirner\u2019i sarmalayan kas\u0131tl\u0131 s\u00fck\u00fbneti bozmaya \u00e7al\u0131\u015f\u0131yor.Max Stirner ismi ister ona has\u0131m bir zaviyeden bakal\u0131m isterse onun pe\u015finden gidelim herkes i\u00e7in bir \u201cdemir leblebi\u201ddir. Sosyal ve politik kuram, anar\u015fizm, varolu\u015f\u00e7uluk ve avangard sanat ak\u0131mlar\u0131 \u00fczerindeki g\u00fc\u00e7l\u00fc etkisi bir yana, onun fikriyat\u0131yla, Nietzsche, Foucault, Derrida ve Deleuze gibi d\u00fc\u015f\u00fcn\u00fcrler aras\u0131nda \u00e7arp\u0131c\u0131 yak\u0131nl\u0131klar bulmak da m\u00fcmk\u00fcnd\u00fcr. Ama her \u015feyden \u00f6nce Stirner siyasi kurumlar\u0131n alt\u0131nda yatan teolojik boyutu if\u015fa eden, tekinsiz hayaletlere duydu\u011fumuz saplant\u0131y\u0131 resmeden ve belki de bug\u00fcn yetkin bir ideoloji ele\u015ftirisi a\u00e7\u0131s\u0131ndan epeyce ihtiya\u00e7 duydu\u011fumuz bir potansiyele sahiptir. Stirner\u2019in esrarengiz hayat\u0131; fikirleriyle kendi d\u00f6nemindeki anar\u015fistler, devrimciler ve yaz\u0131n avangardlar\u0131 aras\u0131ndaki m\u00fcnaka\u015falar; fikirlerinin tarihsel ba\u011flamsall\u0131\u011f\u0131; Marx ile olan amans\u0131z polemi\u011fi; Gen\u00e7 Hegelciler i\u00e7indeki konumu; radikal politikaya olan muhtemel katk\u0131s\u0131 ve benzeri pek \u00e7ok mesele elinizdeki yap\u0131tta masaya yat\u0131r\u0131lmaktad\u0131r<\/p>\n","protected":false},"excerpt":{"rendered":"<p>Ba\u015fyap\u0131t\u0131 olan Der Einzige und sein Eigentum (Biricik ve M\u00fclkiyeti) hari\u00e7, \u00fclkemizde bir muamma olan ve hakk\u0131nda yaz\u0131lm\u0131\u015f herhangi bir \u00e7al\u0131\u015fmaya rastlayamad\u0131\u011f\u0131m\u0131z Max Stirner, \u0130ngiliz siyaset<span class=\"excerpt-hellip\"> [\u2026]<\/span><\/p>\n","protected":false},"featured_media":0,"template":"","meta":{"_monsterinsights_skip_tracking":false,"_monsterinsights_sitenote_active":false,"_monsterinsights_sitenote_note":"","_monsterinsights_sitenote_category":0},"product_brand":[],"product_cat":[12965,12337],"product_tag":[],"class_list":{"0":"post-729745","1":"product","2":"type-product","3":"status-publish","5":"product_cat-genel-politika","6":"product_cat-politika-siyaset","7":"pa_cilt-ciltsiz","8":"pa_tur-kitap","9":"pa_yayinevi-nika-yayinevi","10":"pa_yazar-saul-newman","12":"first","13":"instock","14":"sale","15":"shipping-taxable","16":"purchasable","17":"product-type-simple"},"_links":{"self":[{"href":"https:\/\/roveyayinevi.com.tr\/index.php\/wp-json\/wp\/v2\/product\/729745","targetHints":{"allow":["GET"]}}],"collection":[{"href":"https:\/\/roveyayinevi.com.tr\/index.php\/wp-json\/wp\/v2\/product"}],"about":[{"href":"https:\/\/roveyayinevi.com.tr\/index.php\/wp-json\/wp\/v2\/types\/product"}],"wp:attachment":[{"href":"https:\/\/roveyayinevi.com.tr\/index.php\/wp-json\/wp\/v2\/media?parent=729745"}],"wp:term":[{"taxonomy":"product_brand","embeddable":true,"href":"https:\/\/roveyayinevi.com.tr\/index.php\/wp-json\/wp\/v2\/product_brand?post=729745"},{"taxonomy":"product_cat","embeddable":true,"href":"https:\/\/roveyayinevi.com.tr\/index.php\/wp-json\/wp\/v2\/product_cat?post=729745"},{"taxonomy":"product_tag","embeddable":true,"href":"https:\/\/roveyayinevi.com.tr\/index.php\/wp-json\/wp\/v2\/product_tag?post=729745"}],"curies":[{"name":"wp","href":"https:\/\/api.w.org\/{rel}","templated":true}]}}