{"id":729744,"date":"2025-08-27T21:01:46","date_gmt":"2025-08-27T18:01:46","guid":{"rendered":"https:\/\/roveyayinevi.com.tr\/index.php\/urun\/ben-marie-cruie\/"},"modified":"2026-04-16T02:37:32","modified_gmt":"2026-04-15T23:37:32","slug":"ben-marie-cruie","status":"publish","type":"product","link":"https:\/\/roveyayinevi.com.tr\/index.php\/urun\/ben-marie-cruie\/","title":{"rendered":"Ben Marie Cruie"},"content":{"rendered":"<p>D\u00fcnyay\u0131 De\u011fi\u015ftiren S\u0131radan \u0130nsanlar &#8211; Ben Marie Cruie   Ke\u015ffetmenin g\u00fcc\u00fcn\u00fc biliyorum.   Marie Curie, k\u00fc\u00e7\u00fck ya\u015flardan beri bilime ilgi duyuyordu. \u00c7ok iyi bir \u00f6\u011frenciydi, \u00f6zellikle matematik ve fen bilimlerinde \u00e7ok ba\u015far\u0131l\u0131yd\u0131. Bilim insan\u0131 olmak istiyordu ancak ne yaz\u0131k ki 1800\u2019lerde Polonya\u2019da \u00fcniversiteler k\u0131z \u00f6\u011frenci kabul etmiyordu. Ama bu onu durdurmad\u0131. \u00d6nce kad\u0131nlar i\u00e7in kurulan gizli bir \u00fcniversiteye gitti, sonra da d\u00fcnyan\u0131n en \u00f6nemli \u00fcniversitelerinden birine, Sorbonne\u2019a kabul edildi. Hi\u00e7 y\u0131lmadan \u00e7al\u0131\u015ft\u0131 ve t\u00fcm zorluklara ra\u011fmen, bulu\u015flar\u0131yla bilim tarihinde \u00e7\u0131\u011f\u0131r a\u00e7an \u00fcnl\u00fc bir fizik\u00e7i ve kimyager oldu. \u201cD\u00fcnyay\u0131 De\u011fi\u015ftiren S\u0131radan \u0130nsanlar\u201d dizisinde i\u00e7imizden \u00e7\u0131kan kahramanlar\u0131 yak\u0131ndan tan\u0131yacak, onlar\u0131 kahraman yapan \u00f6zelliklerin neler oldu\u011funu g\u00f6rece\u011fiz. <\/p>\n","protected":false},"excerpt":{"rendered":"<p>D\u00fcnyay\u0131 De\u011fi\u015ftiren S\u0131radan \u0130nsanlar &#8211; Ben Marie Cruie Ke\u015ffetmenin g\u00fcc\u00fcn\u00fc biliyorum. Marie Curie, k\u00fc\u00e7\u00fck ya\u015flardan beri bilime ilgi duyuyordu. \u00c7ok iyi bir \u00f6\u011frenciydi, \u00f6zellikle matematik ve<span class=\"excerpt-hellip\"> [\u2026]<\/span><\/p>\n","protected":false},"featured_media":0,"template":"","meta":{"_monsterinsights_skip_tracking":false,"_monsterinsights_sitenote_active":false,"_monsterinsights_sitenote_note":"","_monsterinsights_sitenote_category":0},"product_brand":[],"product_cat":[12275,12274],"product_tag":[],"class_list":{"0":"post-729744","1":"product","2":"type-product","3":"status-publish","5":"product_cat-6-12-yas-kitaplari","6":"product_cat-cocuk-ve-genclik-kitaplari","7":"pa_cilt-ciltsiz","8":"pa_tur-kitap","9":"pa_yayinevi-indigo-cocuk","10":"pa_yazar-brad-meltzer","12":"first","13":"instock","14":"sale","15":"shipping-taxable","16":"purchasable","17":"product-type-simple"},"_links":{"self":[{"href":"https:\/\/roveyayinevi.com.tr\/index.php\/wp-json\/wp\/v2\/product\/729744","targetHints":{"allow":["GET"]}}],"collection":[{"href":"https:\/\/roveyayinevi.com.tr\/index.php\/wp-json\/wp\/v2\/product"}],"about":[{"href":"https:\/\/roveyayinevi.com.tr\/index.php\/wp-json\/wp\/v2\/types\/product"}],"wp:attachment":[{"href":"https:\/\/roveyayinevi.com.tr\/index.php\/wp-json\/wp\/v2\/media?parent=729744"}],"wp:term":[{"taxonomy":"product_brand","embeddable":true,"href":"https:\/\/roveyayinevi.com.tr\/index.php\/wp-json\/wp\/v2\/product_brand?post=729744"},{"taxonomy":"product_cat","embeddable":true,"href":"https:\/\/roveyayinevi.com.tr\/index.php\/wp-json\/wp\/v2\/product_cat?post=729744"},{"taxonomy":"product_tag","embeddable":true,"href":"https:\/\/roveyayinevi.com.tr\/index.php\/wp-json\/wp\/v2\/product_tag?post=729744"}],"curies":[{"name":"wp","href":"https:\/\/api.w.org\/{rel}","templated":true}]}}