{"id":729743,"date":"2025-08-27T21:01:45","date_gmt":"2025-08-27T18:01:45","guid":{"rendered":"https:\/\/roveyayinevi.com.tr\/index.php\/urun\/ben-neil-armstrong\/"},"modified":"2026-04-16T02:37:32","modified_gmt":"2026-04-15T23:37:32","slug":"ben-neil-armstrong","status":"publish","type":"product","link":"https:\/\/roveyayinevi.com.tr\/index.php\/urun\/ben-neil-armstrong\/","title":{"rendered":"Ben Neil Armstrong"},"content":{"rendered":"<p>D\u00fcnyay\u0131 De\u011fi\u015ftiren S\u0131radan \u0130nsanlar &#8211; Ben Neil Armstrong   Her yolculu\u011fun k\u00fc\u00e7\u00fck bir ad\u0131mla ba\u015flad\u0131\u011f\u0131n\u0131 biliyorum.   Neil Armstrong, ayda y\u00fcr\u00fcyen ilk insan olarak tarihe ge\u00e7ti! Neil, \u00e7ocuklu\u011fundan beri u\u00e7aklara hayrand\u0131. \u00c7al\u0131\u015f\u0131p biriktirdi\u011fi t\u00fcm parayla model u\u00e7aklar ve u\u00e7u\u015f dersleri ald\u0131. \u00dcniversitede m\u00fchendislik okudu ve sonunda ba\u015far\u0131l\u0131 bir pilot oldu. Her zaman daha iyisini yapabilmek i\u00e7in \u00e7ok \u00e7al\u0131\u015ft\u0131, en zorlu anlarda bile serinkanl\u0131l\u0131\u011f\u0131n\u0131 hi\u00e7 kaybetmedi. Uzay yar\u0131\u015f\u0131 ba\u015flad\u0131\u011f\u0131nda art\u0131k yeni bir t\u00fcr pilota ihtiya\u00e7 vard\u0131: astronotlara! Neil, onlarca aday aras\u0131ndan t\u00fcm s\u0131navlar\u0131 ba\u015far\u0131yla ge\u00e7erek astronot oldu. Uzay s\u00f6z konusu oldu\u011funda hi\u00e7bir \u015fey kolay de\u011fildi. Zorlu bir g\u00f6rev Neil ve ekibini bekliyordu. Nas\u0131l m\u0131 ba\u015fard\u0131lar? Cesaret, ak\u0131l ve sab\u0131rla! \u201cD\u00fcnyay\u0131 De\u011fi\u015ftiren S\u0131radan \u0130nsanlar\u201d dizisinde i\u00e7imizden \u00e7\u0131kan kahramanlar\u0131 yak\u0131ndan tan\u0131yacak, onlar\u0131 kahraman yapan \u00f6zelliklerin neler oldu\u011funu g\u00f6rece\u011fiz. <\/p>\n","protected":false},"excerpt":{"rendered":"<p>D\u00fcnyay\u0131 De\u011fi\u015ftiren S\u0131radan \u0130nsanlar &#8211; Ben Neil Armstrong Her yolculu\u011fun k\u00fc\u00e7\u00fck bir ad\u0131mla ba\u015flad\u0131\u011f\u0131n\u0131 biliyorum. Neil Armstrong, ayda y\u00fcr\u00fcyen ilk insan olarak tarihe ge\u00e7ti! Neil, \u00e7ocuklu\u011fundan<span class=\"excerpt-hellip\"> [\u2026]<\/span><\/p>\n","protected":false},"featured_media":0,"template":"","meta":{"_monsterinsights_skip_tracking":false,"_monsterinsights_sitenote_active":false,"_monsterinsights_sitenote_note":"","_monsterinsights_sitenote_category":0},"product_brand":[],"product_cat":[12275,12274],"product_tag":[],"class_list":{"0":"post-729743","1":"product","2":"type-product","3":"status-publish","5":"product_cat-6-12-yas-kitaplari","6":"product_cat-cocuk-ve-genclik-kitaplari","7":"pa_cilt-ciltsiz","8":"pa_tur-kitap","9":"pa_yayinevi-indigo-cocuk","10":"pa_yazar-brad-meltzer","12":"first","13":"instock","14":"sale","15":"shipping-taxable","16":"purchasable","17":"product-type-simple"},"_links":{"self":[{"href":"https:\/\/roveyayinevi.com.tr\/index.php\/wp-json\/wp\/v2\/product\/729743","targetHints":{"allow":["GET"]}}],"collection":[{"href":"https:\/\/roveyayinevi.com.tr\/index.php\/wp-json\/wp\/v2\/product"}],"about":[{"href":"https:\/\/roveyayinevi.com.tr\/index.php\/wp-json\/wp\/v2\/types\/product"}],"wp:attachment":[{"href":"https:\/\/roveyayinevi.com.tr\/index.php\/wp-json\/wp\/v2\/media?parent=729743"}],"wp:term":[{"taxonomy":"product_brand","embeddable":true,"href":"https:\/\/roveyayinevi.com.tr\/index.php\/wp-json\/wp\/v2\/product_brand?post=729743"},{"taxonomy":"product_cat","embeddable":true,"href":"https:\/\/roveyayinevi.com.tr\/index.php\/wp-json\/wp\/v2\/product_cat?post=729743"},{"taxonomy":"product_tag","embeddable":true,"href":"https:\/\/roveyayinevi.com.tr\/index.php\/wp-json\/wp\/v2\/product_tag?post=729743"}],"curies":[{"name":"wp","href":"https:\/\/api.w.org\/{rel}","templated":true}]}}