{"id":729741,"date":"2025-08-27T21:01:43","date_gmt":"2025-08-27T18:01:43","guid":{"rendered":"https:\/\/roveyayinevi.com.tr\/index.php\/urun\/kucuk-dahiler-etkinliklerle-alfabe-1\/"},"modified":"2026-04-16T02:37:32","modified_gmt":"2026-04-15T23:37:32","slug":"kucuk-dahiler-etkinliklerle-alfabe-1","status":"publish","type":"product","link":"https:\/\/roveyayinevi.com.tr\/index.php\/urun\/kucuk-dahiler-etkinliklerle-alfabe-1\/","title":{"rendered":"K\u00fc\u00e7\u00fck Dahiler &#8211; Etkinliklerle Alfabe 1"},"content":{"rendered":"<p>Etkinliklerle Alfabe 4-6 Ya\u015f -1   Bu kitapta 4-6 ya\u015f \u00e7ocuklar i\u00e7in \u00f6zel olarak haz\u0131rlanm\u0131\u015f, harf bilgisi, ses ve yaz\u0131 fark\u0131ndal\u0131\u011f\u0131, yaz\u0131 y\u00f6n\u00fc ve anlam\u0131, ses \u00e7e\u015fitleri, verilen sesi tekrar edebilme, g\u00f6rsel okuma, kalem tutma gibi okuma yazmaya haz\u0131rl\u0131k becerileri ile bili\u015fsel, motor, dikkat ve d\u00fc\u015f\u00fcnme becerilerini geli\u015ftiren \u00e7ok say\u0131da e\u011flenceli aktivite bulacaks\u0131n\u0131z.   Harfleri ve s\u00f6zc\u00fckleri tan\u0131ma ve bulma, b\u00fcy\u00fck-k\u00fc\u00e7\u00fck harf e\u015fle\u015ftirme, gizli s\u00f6zc\u00fckleri bulma, hece birle\u015ftirme, s\u00f6zc\u00fck tamamlama, resim-s\u00f6zc\u00fck e\u015fle\u015ftirme, boyama, labirent ve daha pek \u00e7ok aktivite sizleri bekliyor!   \u00c7ocuklar\u0131n\u0131z bu aktiviteleri sizinle birlikte ve tek ba\u015f\u0131na yaparken hem \u00e7ok e\u011flenecek hem de \u00f6\u011frenecek.   De\u011ferli Ebeveynler, Bu kitap dizisi, 4-6 ya\u015f \u00e7ocuklar\u0131m\u0131z\u0131n, harf, ses, yaz\u0131 \u00f6\u011frenimi, ses ve yaz\u0131 fark\u0131ndal\u0131\u011f\u0131, yaz\u0131 y\u00f6n\u00fc ve anlam\u0131, ses \u00e7e\u015fitleri, verilen sesi tekrar edebilme, g\u00f6rsel okuma, kalem tutma gibi okuma yazmaya haz\u0131rl\u0131k becerileri kazanmas\u0131; ince el kaslar\u0131, g\u00f6rsel ve i\u015fitsel dikkat, g\u00f6rsel ve i\u015fitsel haf\u0131za, konsantrasyon yetilerini geli\u015ftirmek amac\u0131yla, Milli E\u011fitim Bakanl\u0131\u011f\u0131\u2019n\u0131n 0-72 ay e\u011fitim program\u0131na uygun kazan\u0131mlar dikkate al\u0131narak haz\u0131rlanm\u0131\u015ft\u0131r. Bu kitab\u0131 \u00e7ocu\u011funuzla birlikte uygularken: \u00b7 Y\u00f6nergeleri okuyunuz fakat \u00e7ocu\u011funuz etkinli\u011fe ba\u015flad\u0131\u011f\u0131nda m\u00fcdahale etmeyiniz. \u00b7 Y\u00f6nergelere uygun hareket etti\u011finde, \u201cAferin, tebrik ederim,\u201d benzeri motive edici s\u00f6zc\u00fckler kullan\u0131n\u0131z. \u00b7 Y\u00f6nergeleri yanl\u0131\u015f uygularsa, \u201cBir daha denemeye ne dersin?\u201d, \u201c\u015euraya dikkat ederek yeniden yapabilirsin,\u201d benzeri destekleyici ve te\u015fvik edici uyar\u0131larda bulunabilirsiniz. \u00d6nemli olan\u0131n, \u00e7ocu\u011fun do\u011fru yapmas\u0131 de\u011fil, do\u011fru yapmak i\u00e7in \u00e7aba g\u00f6stermesi oldu\u011funu unutmayal\u0131m. Bol kitapl\u0131 ve sa\u011fl\u0131kl\u0131 g\u00fcnler dile\u011fiyle! PEDAGOG AY\u015eEN OY <\/p>\n","protected":false},"excerpt":{"rendered":"<p>Etkinliklerle Alfabe 4-6 Ya\u015f -1 Bu kitapta 4-6 ya\u015f \u00e7ocuklar i\u00e7in \u00f6zel olarak haz\u0131rlanm\u0131\u015f, harf bilgisi, ses ve yaz\u0131 fark\u0131ndal\u0131\u011f\u0131, yaz\u0131 y\u00f6n\u00fc ve anlam\u0131, ses \u00e7e\u015fitleri,<span class=\"excerpt-hellip\"> [\u2026]<\/span><\/p>\n","protected":false},"featured_media":0,"template":"","meta":{"_monsterinsights_skip_tracking":false,"_monsterinsights_sitenote_active":false,"_monsterinsights_sitenote_note":"","_monsterinsights_sitenote_category":0},"product_brand":[],"product_cat":[12274,12518],"product_tag":[],"class_list":{"0":"post-729741","1":"product","2":"type-product","3":"status-publish","5":"product_cat-cocuk-ve-genclik-kitaplari","6":"product_cat-okul-oncesi-kitaplar","7":"pa_cilt-ciltsiz","8":"pa_tur-kitap","9":"pa_yayinevi-indigo-cocuk","10":"pa_yazar-gulizar-c-cetinkaya-ayca-g-derin","12":"first","13":"instock","14":"sale","15":"shipping-taxable","16":"purchasable","17":"product-type-simple"},"_links":{"self":[{"href":"https:\/\/roveyayinevi.com.tr\/index.php\/wp-json\/wp\/v2\/product\/729741","targetHints":{"allow":["GET"]}}],"collection":[{"href":"https:\/\/roveyayinevi.com.tr\/index.php\/wp-json\/wp\/v2\/product"}],"about":[{"href":"https:\/\/roveyayinevi.com.tr\/index.php\/wp-json\/wp\/v2\/types\/product"}],"wp:attachment":[{"href":"https:\/\/roveyayinevi.com.tr\/index.php\/wp-json\/wp\/v2\/media?parent=729741"}],"wp:term":[{"taxonomy":"product_brand","embeddable":true,"href":"https:\/\/roveyayinevi.com.tr\/index.php\/wp-json\/wp\/v2\/product_brand?post=729741"},{"taxonomy":"product_cat","embeddable":true,"href":"https:\/\/roveyayinevi.com.tr\/index.php\/wp-json\/wp\/v2\/product_cat?post=729741"},{"taxonomy":"product_tag","embeddable":true,"href":"https:\/\/roveyayinevi.com.tr\/index.php\/wp-json\/wp\/v2\/product_tag?post=729741"}],"curies":[{"name":"wp","href":"https:\/\/api.w.org\/{rel}","templated":true}]}}