{"id":729738,"date":"2025-08-27T21:01:40","date_gmt":"2025-08-27T18:01:40","guid":{"rendered":"https:\/\/roveyayinevi.com.tr\/index.php\/urun\/gecede-sakli-yalniz-asklar\/"},"modified":"2026-04-16T02:37:32","modified_gmt":"2026-04-15T23:37:32","slug":"gecede-sakli-yalniz-asklar","status":"publish","type":"product","link":"https:\/\/roveyayinevi.com.tr\/index.php\/urun\/gecede-sakli-yalniz-asklar\/","title":{"rendered":"Gecede Sakl\u0131 Yaln\u0131z A\u015fklar"},"content":{"rendered":"<p>Ba\u015far\u0131l\u0131 bir i\u015f insan\u0131 olan Bora, \u00e7al\u0131\u015ft\u0131\u011f\u0131 \u015firketin Roma ofisine transfer olur. Bu transfer asl\u0131nda i\u00e7inde bir ka\u00e7\u0131\u015f\u0131 da bar\u0131nd\u0131r\u0131r. Roma\u2019da hayat\u0131na giren kad\u0131nlarla mutlu oldu\u011fu yan\u0131lg\u0131s\u0131na d\u00fc\u015ft\u00fc\u011f\u00fc bir d\u00f6nemde, \u0130stanbul\u2019dan, \u00e2\u015f\u0131k oldu\u011fu ve ka\u00e7t\u0131\u011f\u0131 kad\u0131ndan s\u00fcrpriz bir mektup al\u0131r. Mektubu okuduktan sonra hayat\u0131n\u0131 sorgulamaya ba\u015flayan Bora\u2019n\u0131n, hedonist ya\u015fam alg\u0131s\u0131 k\u00f6k\u00fcnden sars\u0131l\u0131r.   Gecede Sakl\u0131 Yaln\u0131z A\u015fklar, felsefesi \u201can\u0131 ya\u015fa\u201d olan gen\u00e7 ve ba\u015far\u0131l\u0131 bir adam\u0131n kendi ruhunun derinliklerine yapt\u0131\u011f\u0131 bir yolculu\u011fun hik\u00e2yesi.   \u201cKarma\u015fa bilinmezlerle doludur ve i\u00e7g\u00fcd\u00fcsel olarak hepimiz i\u00e7in heyecan vericidir ama basitlik bir sabun k\u00f6p\u00fc\u011f\u00fc gibidir. Ne de\u011ferini biliriz ne de yok olup gitti\u011finde onu umursar\u0131z. Oysa bu evrenin en gizemli mesajlar\u0131ndan biridir, en huzur verici olan\u0131n kendini hi\u00e7 belli etmeden \u00e7ekip gitmesi. Onun fark\u0131na bile varmam\u0131z\u0131 engelleyen bir sessizli\u011fe sahip, \u00e7ekingen ve \u00f6nemsiz g\u00f6r\u00fcn\u00fcr.\u201d <\/p>\n","protected":false},"excerpt":{"rendered":"<p>Ba\u015far\u0131l\u0131 bir i\u015f insan\u0131 olan Bora, \u00e7al\u0131\u015ft\u0131\u011f\u0131 \u015firketin Roma ofisine transfer olur. Bu transfer asl\u0131nda i\u00e7inde bir ka\u00e7\u0131\u015f\u0131 da bar\u0131nd\u0131r\u0131r. Roma\u2019da hayat\u0131na giren kad\u0131nlarla mutlu oldu\u011fu<span class=\"excerpt-hellip\"> [\u2026]<\/span><\/p>\n","protected":false},"featured_media":0,"template":"","meta":{"_monsterinsights_skip_tracking":false,"_monsterinsights_sitenote_active":false,"_monsterinsights_sitenote_note":"","_monsterinsights_sitenote_category":0},"product_brand":[],"product_cat":[12291,12711],"product_tag":[],"class_list":{"0":"post-729738","1":"product","2":"type-product","3":"status-publish","5":"product_cat-edebiyat","6":"product_cat-roman-oyku","7":"pa_cilt-ciltsiz","8":"pa_tur-kitap","9":"pa_yayinevi-ithaki-yayinlari","10":"pa_yazar-adil-yildirim","12":"first","13":"instock","14":"sale","15":"shipping-taxable","16":"purchasable","17":"product-type-simple"},"_links":{"self":[{"href":"https:\/\/roveyayinevi.com.tr\/index.php\/wp-json\/wp\/v2\/product\/729738","targetHints":{"allow":["GET"]}}],"collection":[{"href":"https:\/\/roveyayinevi.com.tr\/index.php\/wp-json\/wp\/v2\/product"}],"about":[{"href":"https:\/\/roveyayinevi.com.tr\/index.php\/wp-json\/wp\/v2\/types\/product"}],"wp:attachment":[{"href":"https:\/\/roveyayinevi.com.tr\/index.php\/wp-json\/wp\/v2\/media?parent=729738"}],"wp:term":[{"taxonomy":"product_brand","embeddable":true,"href":"https:\/\/roveyayinevi.com.tr\/index.php\/wp-json\/wp\/v2\/product_brand?post=729738"},{"taxonomy":"product_cat","embeddable":true,"href":"https:\/\/roveyayinevi.com.tr\/index.php\/wp-json\/wp\/v2\/product_cat?post=729738"},{"taxonomy":"product_tag","embeddable":true,"href":"https:\/\/roveyayinevi.com.tr\/index.php\/wp-json\/wp\/v2\/product_tag?post=729738"}],"curies":[{"name":"wp","href":"https:\/\/api.w.org\/{rel}","templated":true}]}}