{"id":729736,"date":"2025-08-27T21:01:37","date_gmt":"2025-08-27T18:01:37","guid":{"rendered":"https:\/\/roveyayinevi.com.tr\/index.php\/urun\/3uz\/"},"modified":"2026-04-16T02:37:32","modified_gmt":"2026-04-15T23:37:32","slug":"3uz","status":"publish","type":"product","link":"https:\/\/roveyayinevi.com.tr\/index.php\/urun\/3uz\/","title":{"rendered":"3\u00fcz"},"content":{"rendered":"<p>ABD Hava Kuvvetleri\u2019nin \u00e7ok gizli bir ara\u015ftirma tesisinde sibernetik alanda bir devrim oluyordu. Normal evcil hayvanlar\u0131 test denekleri olarak kullanan biliminsanlar\u0131 yeni bir s\u0131n\u0131f siborglar yaratt\u0131lar; etten ve metalden olu\u015fan, gelece\u011fin sava\u015f alanlar\u0131n\u0131 y\u00f6netmek i\u00e7in tasarlanan yarat\u0131klar. Projenin en b\u00fcy\u00fck ba\u015far\u0131s\u0131, kod isimleri \u201c3\u00dcZ\u201d olan prototip \u00fc\u00e7l\u00fcyd\u00fc \u2013 her biri \u00f6zel olarak haz\u0131rlanm\u0131\u015f ve tak\u0131m olarak \u00e7al\u0131\u015fmaya programlanm\u0131\u015ft\u0131. Sinir sistemleri en son asker\u00ee teknolojiyle art\u0131r\u0131lm\u0131\u015f ve desteklenmi\u015f 3\u00dcZ nihai ak\u0131ll\u0131 silahlard\u0131 \u2013 programlanabilir ama otonomdular; sad\u0131k ama tamam\u0131yla ac\u0131mas\u0131zd\u0131lar.   Her ne kadar ba\u015far\u0131l\u0131 bir proje olsa da 3\u00fcz hen\u00fcz sadece prototipti, testler sona erdi\u011finde par\u00e7alar\u0131 s\u00f6k\u00fclerek iptal edileceklerdi. Ama korkutucu mekanik z\u0131rhlar\u0131n\u0131n alt\u0131nda \u00fc\u00e7\u00fc de evlerinden \u00e7al\u0131nm\u0131\u015f birer evcil hayvand\u0131 ve hayatta kalma i\u00e7g\u00fcd\u00fcleri de di\u011fer \u00f6zelliklerinin artt\u0131\u011f\u0131 gibi artm\u0131\u015ft\u0131. Yok edilme tehlikesine kar\u015f\u0131 3\u00dcZ tesisten ka\u00e7t\u0131 ve korkutucu, kafa kar\u0131\u015ft\u0131r\u0131c\u0131 d\u0131\u015f d\u00fcnyaya ad\u0131m att\u0131, pe\u015findeki askerler ise en az kendileri kadar tehlikeliydiler. Onlara kar\u015f\u0131 sava\u015f\u0131rken ayn\u0131 zamanda hayal meyal hat\u0131rlad\u0131klar\u0131 bir yeri ar\u0131yorlard\u0131: yuvalar\u0131n\u0131.   \u201cM\u00fckemmel bir \u00f6yk\u00fc. Grant Morrison\u2019\u0131n inan\u0131lmaz yetene\u011finin iyi bir \u00f6rne\u011fi.\u201d \u2013Patrick Rothfuss   \u201cBitirdi\u011fimde g\u00f6zya\u015flar\u0131m\u0131 tutamad\u0131m. Hen\u00fcz Grant Morrison hayran\u0131 de\u011filseniz, okuyunca olacaks\u0131n\u0131z.\u201d \u2013Nnedi Okorafor <\/p>\n","protected":false},"excerpt":{"rendered":"<p>ABD Hava Kuvvetleri\u2019nin \u00e7ok gizli bir ara\u015ftirma tesisinde sibernetik alanda bir devrim oluyordu. Normal evcil hayvanlar\u0131 test denekleri olarak kullanan biliminsanlar\u0131 yeni bir s\u0131n\u0131f siborglar yaratt\u0131lar;<span class=\"excerpt-hellip\"> [\u2026]<\/span><\/p>\n","protected":false},"featured_media":0,"template":"","meta":{"_monsterinsights_skip_tracking":false,"_monsterinsights_sitenote_active":false,"_monsterinsights_sitenote_note":"","_monsterinsights_sitenote_category":0},"product_brand":[],"product_cat":[12416,12291],"product_tag":[],"class_list":{"0":"post-729736","1":"product","2":"type-product","3":"status-publish","5":"product_cat-cizgi-roman","6":"product_cat-edebiyat","7":"pa_cilt-ciltsiz","8":"pa_tur-kitap","9":"pa_yayinevi-ithaki-yayinlari","10":"pa_yazar-grant-morrison","12":"first","13":"instock","14":"sale","15":"shipping-taxable","16":"purchasable","17":"product-type-simple"},"_links":{"self":[{"href":"https:\/\/roveyayinevi.com.tr\/index.php\/wp-json\/wp\/v2\/product\/729736","targetHints":{"allow":["GET"]}}],"collection":[{"href":"https:\/\/roveyayinevi.com.tr\/index.php\/wp-json\/wp\/v2\/product"}],"about":[{"href":"https:\/\/roveyayinevi.com.tr\/index.php\/wp-json\/wp\/v2\/types\/product"}],"wp:attachment":[{"href":"https:\/\/roveyayinevi.com.tr\/index.php\/wp-json\/wp\/v2\/media?parent=729736"}],"wp:term":[{"taxonomy":"product_brand","embeddable":true,"href":"https:\/\/roveyayinevi.com.tr\/index.php\/wp-json\/wp\/v2\/product_brand?post=729736"},{"taxonomy":"product_cat","embeddable":true,"href":"https:\/\/roveyayinevi.com.tr\/index.php\/wp-json\/wp\/v2\/product_cat?post=729736"},{"taxonomy":"product_tag","embeddable":true,"href":"https:\/\/roveyayinevi.com.tr\/index.php\/wp-json\/wp\/v2\/product_tag?post=729736"}],"curies":[{"name":"wp","href":"https:\/\/api.w.org\/{rel}","templated":true}]}}