{"id":729734,"date":"2025-08-27T21:01:35","date_gmt":"2025-08-27T18:01:35","guid":{"rendered":"https:\/\/roveyayinevi.com.tr\/index.php\/urun\/siyah-tomun-baladi\/"},"modified":"2026-04-16T02:37:32","modified_gmt":"2026-04-15T23:37:32","slug":"siyah-tomun-baladi","status":"publish","type":"product","link":"https:\/\/roveyayinevi.com.tr\/index.php\/urun\/siyah-tomun-baladi\/","title":{"rendered":"Siyah Tom&#8217;un Balad\u0131"},"content":{"rendered":"<p>SHIRLEY JACKSON VE BFA EN \u0130Y\u0130 NOVELLA \u00d6D\u00dcL\u00dc   Korku edebiyat\u0131n\u0131n ustas\u0131 H. P. Lovecraft\u2019\u0131n \u201cRed Hook\u2019ta Deh\u015fet\u201d \u00f6yk\u00fcs\u00fcn\u00fcn yeniden yaz\u0131m\u0131 olan Siyah Tom\u2019un Balad\u0131, idol\u00fcne hayranl\u0131\u011f\u0131n\u0131 dile getiren bir yazar\u0131n g\u00fczellemesi oldu\u011fu gibi ele\u015ftirel bir yakla\u015f\u0131m da bar\u0131nd\u0131r\u0131yor. Ba\u015fka d\u00fcnyalar\u0131n kap\u0131lar\u0131 \u201cBeyaz Amerikal\u0131\u201d olmayanlarla dolu sokaklara a\u00e7\u0131l\u0131yor. Uyuyan Kral uyan\u0131yor.   New York. 1924. Charles Thomas Tester evini ge\u00e7indirmek ve hasta babas\u0131na bakabilmek i\u00e7in entrikal\u0131 i\u015fler yapan yirmi ya\u015f\u0131nda bir gen\u00e7. Elinde gitar\u0131yla sokaklarda, beyazlar\u0131n aras\u0131nda usul usul dola\u015fan siyah bir m\u00fczisyen. Ama pek de \u015fark\u0131 bilmiyor, sesi g\u00fczel de\u011fil ve gitar\u0131 da \u00e7ok iyi \u00e7ald\u0131\u011f\u0131 s\u00f6ylenemez. Ba\u015fkalar\u0131na g\u00f6re bir doland\u0131r\u0131c\u0131, oysa bir \u201ce\u011flence\u201d olarak g\u00f6r\u00fcyor kendi yapt\u0131klar\u0131n\u0131, fakat e\u011flence de bir yere kadar. Korkunun onun gitar\u0131n\u0131n tellerine dolanaca\u011f\u0131 g\u00fcn yakla\u015f\u0131yor.    Esrarengiz bir kad\u0131na garip \u015fekillerle dolu bir kitap teslim etme i\u015fini ald\u0131ktan ve Robert Suydam adl\u0131 varl\u0131kl\u0131 bir adamla kar\u015f\u0131la\u015f\u0131p tuhaf k\u00fct\u00fcphanesini ziyaret ettikten sonra hayat\u0131 yerle bir olmaya ba\u015fl\u0131yor. Tekinsiz vakalara merakl\u0131 polis memuru Thomas F. Malone\u2019un da devreye girmesiyle birlikte, Charles Thomas Tester ya da yeni ad\u0131yla \u201cSiyah Tom\u201d, kendini karanl\u0131\u011f\u0131n kalbinde buluyor.   Siyah Tom\u2019un Balad\u0131, g\u00fcndelik ger\u00e7ekli\u011fi sorgulatan bir kozmik deh\u015fet hik\u00e2yesi.   \u201cTuhaf kurgunun ne yapabilece\u011fini ve ne yapmas\u0131 gerekti\u011fini g\u00f6steren muhte\u015fem bir \u00f6rnek.\u201d \u2013Laird Barron   \u201cLaValle, Lovecraft\u2019\u0131n Cthulhu mitosunun alt\u0131n\u0131 \u00fcst\u00fcne getirirken dehas\u0131n\u0131 konu\u015fturuyor.\u201d \u2013Elizabeth Hand   \u201cLaValle, Lovecraft\u2019\u0131n birtak\u0131m edebi unsurlar\u0131n\u0131 al\u0131p onlar\u0131 d\u00f6n\u00fc\u015ft\u00fcrerek toplumsal fark\u0131ndal\u0131k yarat\u0131yor.\u201d \u2013Diabolique Magazine <\/p>\n","protected":false},"excerpt":{"rendered":"<p>SHIRLEY JACKSON VE BFA EN \u0130Y\u0130 NOVELLA \u00d6D\u00dcL\u00dc Korku edebiyat\u0131n\u0131n ustas\u0131 H. P. Lovecraft\u2019\u0131n \u201cRed Hook\u2019ta Deh\u015fet\u201d \u00f6yk\u00fcs\u00fcn\u00fcn yeniden yaz\u0131m\u0131 olan Siyah Tom\u2019un Balad\u0131, idol\u00fcne hayranl\u0131\u011f\u0131n\u0131<span class=\"excerpt-hellip\"> [\u2026]<\/span><\/p>\n","protected":false},"featured_media":0,"template":"","meta":{"_monsterinsights_skip_tracking":false,"_monsterinsights_sitenote_active":false,"_monsterinsights_sitenote_note":"","_monsterinsights_sitenote_category":0},"product_brand":[],"product_cat":[12291,17033],"product_tag":[],"class_list":{"0":"post-729734","1":"product","2":"type-product","3":"status-publish","5":"product_cat-edebiyat","6":"product_cat-korku-gerilim","7":"pa_cilt-ciltsiz","8":"pa_tur-kitap","9":"pa_yayinevi-ithaki-yayinlari","10":"pa_yazar-victor-lavalle","12":"first","13":"instock","14":"sale","15":"shipping-taxable","16":"purchasable","17":"product-type-simple"},"_links":{"self":[{"href":"https:\/\/roveyayinevi.com.tr\/index.php\/wp-json\/wp\/v2\/product\/729734","targetHints":{"allow":["GET"]}}],"collection":[{"href":"https:\/\/roveyayinevi.com.tr\/index.php\/wp-json\/wp\/v2\/product"}],"about":[{"href":"https:\/\/roveyayinevi.com.tr\/index.php\/wp-json\/wp\/v2\/types\/product"}],"wp:attachment":[{"href":"https:\/\/roveyayinevi.com.tr\/index.php\/wp-json\/wp\/v2\/media?parent=729734"}],"wp:term":[{"taxonomy":"product_brand","embeddable":true,"href":"https:\/\/roveyayinevi.com.tr\/index.php\/wp-json\/wp\/v2\/product_brand?post=729734"},{"taxonomy":"product_cat","embeddable":true,"href":"https:\/\/roveyayinevi.com.tr\/index.php\/wp-json\/wp\/v2\/product_cat?post=729734"},{"taxonomy":"product_tag","embeddable":true,"href":"https:\/\/roveyayinevi.com.tr\/index.php\/wp-json\/wp\/v2\/product_tag?post=729734"}],"curies":[{"name":"wp","href":"https:\/\/api.w.org\/{rel}","templated":true}]}}